{"id":6,"date":"2021-12-21T18:16:35","date_gmt":"2021-12-21T18:16:35","guid":{"rendered":"https:\/\/rj-engineering.com\/?page_id=6"},"modified":"2025-03-13T00:39:17","modified_gmt":"2025-03-12T23:39:17","slug":"contact-us","status":"publish","type":"page","link":"https:\/\/rj-engineering.com\/en\/contact-us\/","title":{"rendered":"Contact us :)"},"content":{"rendered":"<div class=\"wpcf7 no-js\" id=\"wpcf7-f261-o1\" lang=\"en-US\" dir=\"ltr\" data-wpcf7-id=\"261\">\n<div class=\"screen-reader-response\"><p role=\"status\" aria-live=\"polite\" aria-atomic=\"true\"><\/p> <ul><\/ul><\/div>\n<form action=\"\/en\/wp-json\/wp\/v2\/pages\/6#wpcf7-f261-o1\" method=\"post\" class=\"wpcf7-form init\" aria-label=\"Contact form\" enctype=\"multipart\/form-data\" novalidate=\"novalidate\" data-status=\"init\" data-trp-original-action=\"\/en\/wp-json\/wp\/v2\/pages\/6#wpcf7-f261-o1\">\n<fieldset class=\"hidden-fields-container\"><input type=\"hidden\" name=\"_wpcf7\" value=\"261\" \/><input type=\"hidden\" name=\"_wpcf7_version\" value=\"6.1.5\" \/><input type=\"hidden\" name=\"_wpcf7_locale\" value=\"en_US\" \/><input type=\"hidden\" name=\"_wpcf7_unit_tag\" value=\"wpcf7-f261-o1\" \/><input type=\"hidden\" name=\"_wpcf7_container_post\" value=\"0\" \/><input type=\"hidden\" name=\"_wpcf7_posted_data_hash\" value=\"\" \/>\n<\/fieldset>\n<div class=\"row\">\n\t<div class=\"col-md-6\">\n\t\t<p style=\"margin-bottom:30px;\"><br \/>\nName<br \/>\n<span class=\"wpcf7-form-control-wrap\" data-name=\"your-name\"><input size=\"40\" maxlength=\"400\" class=\"wpcf7-form-control wpcf7-text wpcf7-validates-as-required\" aria-required=\"true\" aria-invalid=\"false\" value=\"\" type=\"text\" name=\"your-name\" \/><\/span>\n\t\t<\/p>\n\t<\/div>\n\t<div class=\"col-md-6\">\n\t\t<p style=\"margin-bottom:30px;\"><br \/>\nE-mail<br \/>\n<span class=\"wpcf7-form-control-wrap\" data-name=\"your-email\"><input size=\"40\" maxlength=\"400\" class=\"wpcf7-form-control wpcf7-email wpcf7-validates-as-required wpcf7-text wpcf7-validates-as-email\" aria-required=\"true\" aria-invalid=\"false\" value=\"\" type=\"email\" name=\"your-email\" \/><\/span>\n\t\t<\/p>\n\t<\/div>\n<\/div>\n<p style=\"margin-bottom:30px;\"><br \/>\n<label> Message<br \/>\n<span class=\"wpcf7-form-control-wrap\" data-name=\"your-message\"><textarea cols=\"40\" rows=\"10\" maxlength=\"2000\" class=\"wpcf7-form-control wpcf7-textarea wpcf7-validates-as-required\" aria-required=\"true\" aria-invalid=\"false\" name=\"your-message\"><\/textarea><\/span> <\/label>\n<\/p>\n<p style=\"margin-bottom:30px;\"><br \/>\n<label> Files (optional) (max 25Mb) (.zip|.rar|.jpg|.jpeg|.png|.pdf formats)<br \/>\n<span class=\"wpcf7-form-control-wrap\" data-name=\"file-259\"><input size=\"40\" class=\"wpcf7-form-control wpcf7-file\" accept=\".zip,.rar,.jpg,.jpeg,.png,.pdf\" aria-invalid=\"false\" type=\"file\" name=\"file-259\" \/><\/span> <\/label><br \/>\n<div id=\"cf7sr-69e1fba4d8058\" class=\"cf7sr-g-recaptcha\" data-theme=\"light\" data-type=\"image\" data-size=\"normal\" data-sitekey=\"6LdESEQlAAAAALfz3ugyyLKJsGiKE2XbdIscKkjB\"><\/div><span class=\"wpcf7-form-control-wrap cf7sr-recaptcha\" data-name=\"cf7sr-recaptcha\"><input type=\"hidden\" name=\"cf7sr-recaptcha\" value=\"\" class=\"wpcf7-form-control\"><\/span>\n<\/p>\n<p><input class=\"wpcf7-form-control wpcf7-submit has-spinner\" type=\"submit\" value=\"Send\" \/>\n<\/p><p style=\"display: none !important;\" class=\"akismet-fields-container\" data-prefix=\"_wpcf7_ak_\"><label>\u0394<textarea name=\"_wpcf7_ak_hp_textarea\" cols=\"45\" rows=\"8\" maxlength=\"100\"><\/textarea><\/label><input type=\"hidden\" id=\"ak_js_1\" name=\"_wpcf7_ak_js\" value=\"209\"\/><script>document.getElementById( \"ak_js_1\" ).setAttribute( \"value\", ( new Date() ).getTime() );<\/script><\/p><div class=\"wpcf7-response-output\" aria-hidden=\"true\"><\/div>\n<input type=\"hidden\" name=\"trp-form-language\" value=\"en\"\/><\/form>\n<\/div>\n\n\n\n\n<p>At RJ Engineering, we process the information you provide to provide the requested service and invoice you. The data provided will be retained for the duration of the business relationship or for the time necessary to comply with legal obligations and address any potential liabilities that may arise from the fulfillment of the purpose for which the data was collected. The data will not be transferred to third parties except in cases where a legal obligation exists. You have the right to obtain information about whether RJ Engineering is processing your personal data. You may exercise your rights of access, rectification, deletion, data portability, and objection to and restriction of processing by contacting RJ Engineering, Avenida Galapagar 16, Collado Villalba, or by email at contact@rj-engineering.com. You must provide sufficient identification in your request by electronic means or, failing that, by means of a duly signed request. However, if the data controller has reasonable doubts regarding the identity of the individual making the request, they may request that additional information necessary to confirm their identity be provided. Likewise, and especially if you consider that you have not obtained full satisfaction in the exercise of your rights, you may file a complaint with the national supervisory authority by contacting the Spanish Data Protection Agency, C\/ Jorge Juan, 6 \u2013 28001 Madrid.<\/p>\n\n\n\n<h5 class=\"wp-block-heading\" id=\"nos-encontramos-en-pozuelo-de-alarcon-calle-emilio-coll-22-28224-madrid-spain\">We are located at Avenida Galapagar 16, 28400, Collado Villalba, Spain<\/h5>\n\n\n\n<h5 class=\"wp-block-heading\" id=\"nuenuestro-numero-de-telefono-es-0034607765905\">Our contact email is contact@rj-engineering.com<\/h5>\n\n\n\n<h5 class=\"wp-block-heading\" id=\"nuenuestro-numero-de-telefono-es-0034607765905\">Our phone number is +0034607765905<\/h5>\n\n\n\n<p><\/p>\n\n\n\n<p><\/p>","protected":false},"excerpt":{"rendered":"<p>En Rj Engineering tratamos la informaci\u00f3n que nos facilita con el fin de prestarles el servicio solicitado y realizar su facturaci\u00f3n. Los datos proporcionados se conservar\u00e1n mientras se mantenga la [&hellip;]<\/p>\n","protected":false},"author":1,"featured_media":0,"parent":0,"menu_order":0,"comment_status":"closed","ping_status":"closed","template":"","meta":{"footnotes":""},"class_list":["post-6","page","type-page","status-publish","hentry"],"aioseo_notices":[],"jetpack-related-posts":[{"id":3,"url":"https:\/\/rj-engineering.com\/en\/privacy-policy\/","url_meta":{"origin":6,"position":0},"title":"Privacy Policy","author":"Rodrigo","date":"December 21, 2021","format":false,"excerpt":"Who we are Our website is: https:\/\/rj-engineering.com. Comments When visitors leave comments on the site, we collect the data shown in the comments form, and also the visitor&#039;s IP address and browser user agent string to help spam detection.","rel":"","context":"Similar post","block_context":{"text":"Similar post","link":""},"img":{"alt_text":"","src":"","width":0,"height":0},"classes":[]},{"id":570,"url":"https:\/\/rj-engineering.com\/en\/composite-works\/","url_meta":{"origin":6,"position":1},"title":"Composite works","author":"Rodrigo","date":"January 3, 2022","format":false,"excerpt":"RJ Engineering manufactures carbon fiber parts and products for a wide range of industries. Whether you&#039;re in motorsports or recreation, our service and product quality won&#039;t disappoint. Don&#039;t wait, send us the details of what you need! Our main\u2026","rel":"","context":"Similar post","block_context":{"text":"Similar post","link":""},"img":{"alt_text":"","src":"https:\/\/i0.wp.com\/rj-engineering.com\/wp-content\/uploads\/2022\/01\/20190610_203108.jpg?resize=350%2C200","width":350,"height":200,"srcset":"https:\/\/i0.wp.com\/rj-engineering.com\/wp-content\/uploads\/2022\/01\/20190610_203108.jpg?resize=350%2C200 1x, https:\/\/i0.wp.com\/rj-engineering.com\/wp-content\/uploads\/2022\/01\/20190610_203108.jpg?resize=525%2C300 1.5x, https:\/\/i0.wp.com\/rj-engineering.com\/wp-content\/uploads\/2022\/01\/20190610_203108.jpg?resize=700%2C400 2x"},"classes":[]},{"id":393,"url":"https:\/\/rj-engineering.com\/en\/blog\/","url_meta":{"origin":6,"position":2},"title":"Blog","author":"Rodrigo","date":"July 17, 2021","format":false,"excerpt":"","rel":"","context":"Similar post","block_context":{"text":"Similar post","link":""},"img":{"alt_text":"","src":"","width":0,"height":0},"classes":[]},{"id":395,"url":"https:\/\/rj-engineering.com\/en\/cart\/","url_meta":{"origin":6,"position":3},"title":"Shopping Cart","author":"Rodrigo","date":"July 17, 2021","format":false,"excerpt":"","rel":"","context":"Similar post","block_context":{"text":"Similar post","link":""},"img":{"alt_text":"","src":"","width":0,"height":0},"classes":[]},{"id":396,"url":"https:\/\/rj-engineering.com\/en\/checkout\/","url_meta":{"origin":6,"position":4},"title":"check out","author":"Rodrigo","date":"July 17, 2021","format":false,"excerpt":"","rel":"","context":"Similar post","block_context":{"text":"Similar post","link":""},"img":{"alt_text":"","src":"","width":0,"height":0},"classes":[]},{"id":483,"url":"https:\/\/rj-engineering.com\/en\/logout\/","url_meta":{"origin":6,"position":5},"title":"Logout","author":"Rodrigo","date":"January 2, 2022","format":false,"excerpt":"","rel":"","context":"Similar post","block_context":{"text":"Similar post","link":""},"img":{"alt_text":"","src":"","width":0,"height":0},"classes":[]}],"jetpack_sharing_enabled":true,"_links":{"self":[{"href":"https:\/\/rj-engineering.com\/en\/wp-json\/wp\/v2\/pages\/6","targetHints":{"allow":["GET"]}}],"collection":[{"href":"https:\/\/rj-engineering.com\/en\/wp-json\/wp\/v2\/pages"}],"about":[{"href":"https:\/\/rj-engineering.com\/en\/wp-json\/wp\/v2\/types\/page"}],"author":[{"embeddable":true,"href":"https:\/\/rj-engineering.com\/en\/wp-json\/wp\/v2\/users\/1"}],"replies":[{"embeddable":true,"href":"https:\/\/rj-engineering.com\/en\/wp-json\/wp\/v2\/comments?post=6"}],"version-history":[{"count":4,"href":"https:\/\/rj-engineering.com\/en\/wp-json\/wp\/v2\/pages\/6\/revisions"}],"predecessor-version":[{"id":1016,"href":"https:\/\/rj-engineering.com\/en\/wp-json\/wp\/v2\/pages\/6\/revisions\/1016"}],"wp:attachment":[{"href":"https:\/\/rj-engineering.com\/en\/wp-json\/wp\/v2\/media?parent=6"}],"curies":[{"name":"wp","href":"https:\/\/api.w.org\/{rel}","templated":true}]}}