{"id":546,"date":"2022-01-03T13:50:21","date_gmt":"2022-01-03T12:50:21","guid":{"rendered":"https:\/\/rj-engineering.com\/?post_type=product&#038;p=546"},"modified":"2025-05-15T15:01:19","modified_gmt":"2025-05-15T14:01:19","slug":"sand-casting","status":"publish","type":"product","link":"https:\/\/rj-engineering.com\/en\/product\/sand-casting\/","title":{"rendered":"Sand Casting"},"content":{"rendered":"<p><strong>Materials<\/strong><br \/>\nWe can melt materials such as aluminum, iron, steel, bronze, magnesium.<br \/>\nIf you have doubts about which material would be the most suitable for your application, consult us!<br \/>\nWe can normally mold objects up to 500 x 500 x 250 mm (LxWxH) and weighing 6 kilograms.<\/p>\n<p><strong>Prices<\/strong><br \/>\nThe price will vary depending on the material used, the size and shape of the object; however, sand casting is one of the most affordable methods of producing metal parts. Send us your query and we will try to respond with a quote in less than 8 hours. .<\/p>\n<p><strong>Our capabilities:<\/strong><br \/>\n\u2013 Cast from a 3D design, send us your design and we will respond in less than 8 hours.<br \/>\n\u2013 Duplicate a real object, you can send us your object or you can deliver it personally to our workshop, by agreement.<\/p>\n<p><strong>Post-processing:<\/strong><br \/>\nWe also offer post-processing service on our CNC\/Lathe machines for high-quality finishes or smooth surfaces.<\/p>\n<p><strong>Painting:<\/strong><br \/>\nWe also offer painting service in different colors, we use high quality German paint &quot;Hammerite&quot; to prevent corrosion.<\/p>","protected":false},"excerpt":{"rendered":"<p>La fundici\u00f3n en arena es un proceso de fundici\u00f3n tradicional en el que el metal fundido se vierte en un molde hecho de arena. Debido a las caracter\u00edsticas flexibles de la fundici\u00f3n en arena, se utiliza para crear una variedad de piezas con geometr\u00edas complejas y es compatible con casi cualquier aleaci\u00f3n.<\/p>\n<p>La fundici\u00f3n en arena no est\u00e1 limitada por el tama\u00f1o, la forma o la complejidad de las piezas fundidas. Tambi\u00e9n es una opci\u00f3n de fundici\u00f3n de bajo costo con un ciclo de producci\u00f3n corto.<\/p>\n<p>Los pasos del proceso de fundici\u00f3n en arena incluyen: crear una forma de molde en arena, configurar el sistema de compuertas, quitar el patr\u00f3n del molde, verter metal fundido en la cavidad del molde, esperar a que el metal se enfr\u00ede, abrir el molde para quitar el metal Fundici\u00f3n, procesamiento de acabado.<\/p>\n<p>Las opciones que ofrece la fundici\u00f3n en arena son m\u00faltiples, consulte a continuaci\u00f3n nuestras capacidades de fundici\u00f3n y env\u00edenos su consulta<\/p>\n<p><span title=\"\">[contact-form-7 id=\"261\" title=\"Contact form\"]<\/span><\/p>\n","protected":false},"featured_media":696,"comment_status":"open","ping_status":"closed","template":"","meta":[],"product_brand":[],"product_cat":[79],"product_tag":[],"class_list":{"0":"post-546","1":"product","2":"type-product","3":"status-publish","4":"has-post-thumbnail","6":"product_cat-casting","8":"first","9":"instock","10":"taxable","11":"shipping-taxable","12":"product-type-simple"},"aioseo_notices":[],"jetpack-related-posts":[{"id":464,"url":"https:\/\/rj-engineering.com\/en\/product\/3d-scanning\/","url_meta":{"origin":546,"position":0},"title":"3D Scanning Service","author":"Rodrigo","date":"January 1, 2022","format":false,"excerpt":"We offer the possibility of digitizing objects with our 3D scanner at truly competitive prices. For objects with a volume of less than 300 cm3, we typically charge \u20ac30. However, the price will always depend on the complexity of the object being scanned. This means we can capture objects in three dimensions\u2026","rel":"","context":"With 1 comment","block_context":{"text":"With 1 comment","link":"https:\/\/rj-engineering.com\/en\/product\/3d-scanning\/#comments"},"img":{"alt_text":"","src":"https:\/\/i0.wp.com\/rj-engineering.com\/wp-content\/uploads\/2022\/01\/3dscan-1.jpg?fit=1024%2C576&ssl=1&resize=350%2C200","width":350,"height":200,"srcset":"https:\/\/i0.wp.com\/rj-engineering.com\/wp-content\/uploads\/2022\/01\/3dscan-1.jpg?fit=1024%2C576&ssl=1&resize=350%2C200 1x, https:\/\/i0.wp.com\/rj-engineering.com\/wp-content\/uploads\/2022\/01\/3dscan-1.jpg?fit=1024%2C576&ssl=1&resize=525%2C300 1.5x, https:\/\/i0.wp.com\/rj-engineering.com\/wp-content\/uploads\/2022\/01\/3dscan-1.jpg?fit=1024%2C576&ssl=1&resize=700%2C400 2x"},"classes":[]},{"id":559,"url":"https:\/\/rj-engineering.com\/en\/product\/composites\/","url_meta":{"origin":546,"position":1},"title":"Carbon fiber","author":"Rodrigo","date":"January 3, 2022","format":false,"excerpt":"RJ Engineering manufactures carbon fiber parts and products for a wide range of industries. Whether you&#039;re in motorsports or recreation, our services and product quality won&#039;t disappoint. Don&#039;t wait, send us the details of what you have in mind! We can\u2026","rel":"","context":"Similar post","block_context":{"text":"Similar post","link":""},"img":{"alt_text":"","src":"https:\/\/i0.wp.com\/rj-engineering.com\/wp-content\/uploads\/2022\/01\/carbonfiber.jpg?fit=1024%2C576&ssl=1&resize=350%2C200","width":350,"height":200,"srcset":"https:\/\/i0.wp.com\/rj-engineering.com\/wp-content\/uploads\/2022\/01\/carbonfiber.jpg?fit=1024%2C576&ssl=1&resize=350%2C200 1x, https:\/\/i0.wp.com\/rj-engineering.com\/wp-content\/uploads\/2022\/01\/carbonfiber.jpg?fit=1024%2C576&ssl=1&resize=525%2C300 1.5x, https:\/\/i0.wp.com\/rj-engineering.com\/wp-content\/uploads\/2022\/01\/carbonfiber.jpg?fit=1024%2C576&ssl=1&resize=700%2C400 2x"},"classes":[]},{"id":667,"url":"https:\/\/rj-engineering.com\/en\/product\/tig-welding\/","url_meta":{"origin":546,"position":2},"title":"TIG &amp; MIG Welding","author":"Rodrigo","date":"January 5, 2022","format":false,"excerpt":"Looking for a TIG or MIG welder in Madrid at truly competitive prices? At RJ Engineering, we have extensive experience in welding, whether TIG or MIG, typically using gas. We can handle virtually any project, provided the object to be produced is of manageable dimensions. Mainly\u2026","rel":"","context":"Similar post","block_context":{"text":"Similar post","link":""},"img":{"alt_text":"","src":"https:\/\/i0.wp.com\/rj-engineering.com\/wp-content\/uploads\/2022\/01\/tig-welding.jpg?fit=1024%2C576&ssl=1&resize=350%2C200","width":350,"height":200,"srcset":"https:\/\/i0.wp.com\/rj-engineering.com\/wp-content\/uploads\/2022\/01\/tig-welding.jpg?fit=1024%2C576&ssl=1&resize=350%2C200 1x, https:\/\/i0.wp.com\/rj-engineering.com\/wp-content\/uploads\/2022\/01\/tig-welding.jpg?fit=1024%2C576&ssl=1&resize=525%2C300 1.5x, https:\/\/i0.wp.com\/rj-engineering.com\/wp-content\/uploads\/2022\/01\/tig-welding.jpg?fit=1024%2C576&ssl=1&resize=700%2C400 2x"},"classes":[]},{"id":440,"url":"https:\/\/rj-engineering.com\/en\/product\/3d-print\/","url_meta":{"origin":546,"position":3},"title":"3D Printing Online Quote","author":"Rodrigo","date":"December 31, 2021","format":false,"excerpt":"Select Printer and Fill before uploading the file. This way, you&#039;ll avoid the price being recalculated when you change any of these parameters in the configuration panel. If the object analysis doesn&#039;t complete within 1 minute, please email us the file and...","rel":"","context":"With 4 comments","block_context":{"text":"With 4 comments","link":"https:\/\/rj-engineering.com\/en\/product\/3d-print\/#comments"},"img":{"alt_text":"","src":"https:\/\/i0.wp.com\/rj-engineering.com\/wp-content\/uploads\/2022\/01\/3dPrint.jpg?fit=1024%2C576&ssl=1&resize=350%2C200","width":350,"height":200,"srcset":"https:\/\/i0.wp.com\/rj-engineering.com\/wp-content\/uploads\/2022\/01\/3dPrint.jpg?fit=1024%2C576&ssl=1&resize=350%2C200 1x, https:\/\/i0.wp.com\/rj-engineering.com\/wp-content\/uploads\/2022\/01\/3dPrint.jpg?fit=1024%2C576&ssl=1&resize=525%2C300 1.5x, https:\/\/i0.wp.com\/rj-engineering.com\/wp-content\/uploads\/2022\/01\/3dPrint.jpg?fit=1024%2C576&ssl=1&resize=700%2C400 2x"},"classes":[]},{"id":533,"url":"https:\/\/rj-engineering.com\/en\/product\/cnc-service\/","url_meta":{"origin":546,"position":4},"title":"CNC \/ Lathe Machining Quotation","author":"Rodrigo","date":"January 2, 2022","format":false,"excerpt":"Upload each file you want CNC machined and request a quote, or zip them all and send them to us via the contact form. We&#039;ll respond within 8 hours. If you have a drawing or other type of file, zip everything and send it to\u2026","rel":"","context":"Similar post","block_context":{"text":"Similar post","link":""},"img":{"alt_text":"","src":"https:\/\/i0.wp.com\/rj-engineering.com\/wp-content\/uploads\/2022\/01\/cnc-1.jpg?fit=1024%2C576&ssl=1&resize=350%2C200","width":350,"height":200,"srcset":"https:\/\/i0.wp.com\/rj-engineering.com\/wp-content\/uploads\/2022\/01\/cnc-1.jpg?fit=1024%2C576&ssl=1&resize=350%2C200 1x, https:\/\/i0.wp.com\/rj-engineering.com\/wp-content\/uploads\/2022\/01\/cnc-1.jpg?fit=1024%2C576&ssl=1&resize=525%2C300 1.5x, https:\/\/i0.wp.com\/rj-engineering.com\/wp-content\/uploads\/2022\/01\/cnc-1.jpg?fit=1024%2C576&ssl=1&resize=700%2C400 2x"},"classes":[]},{"id":1041,"url":"https:\/\/rj-engineering.com\/en\/product\/servicios-de-diseno-3d-y-pcbs\/","url_meta":{"origin":546,"position":5},"title":"3D Design and PCB Service","author":"Rodrigo","date":"May 11, 2025","format":false,"excerpt":"At RJ Engineering, we are experts in the design of 3D components and objects, primarily for the automotive sector (racing or modified vehicles). We can design virtually any object, regardless of its intended purpose. We can also perform stress and aerodynamic analysis, if required.","rel":"","context":"Similar post","block_context":{"text":"Similar post","link":""},"img":{"alt_text":"","src":"https:\/\/i0.wp.com\/rj-engineering.com\/wp-content\/uploads\/2022\/01\/Flow-Trajectories-1.jpg?fit=1094%2C441&ssl=1&resize=350%2C200","width":350,"height":200,"srcset":"https:\/\/i0.wp.com\/rj-engineering.com\/wp-content\/uploads\/2022\/01\/Flow-Trajectories-1.jpg?fit=1094%2C441&ssl=1&resize=350%2C200 1x, https:\/\/i0.wp.com\/rj-engineering.com\/wp-content\/uploads\/2022\/01\/Flow-Trajectories-1.jpg?fit=1094%2C441&ssl=1&resize=525%2C300 1.5x, https:\/\/i0.wp.com\/rj-engineering.com\/wp-content\/uploads\/2022\/01\/Flow-Trajectories-1.jpg?fit=1094%2C441&ssl=1&resize=700%2C400 2x, https:\/\/i0.wp.com\/rj-engineering.com\/wp-content\/uploads\/2022\/01\/Flow-Trajectories-1.jpg?fit=1094%2C441&ssl=1&resize=1050%2C600 3x"},"classes":[]}],"jetpack_sharing_enabled":true,"_links":{"self":[{"href":"https:\/\/rj-engineering.com\/en\/wp-json\/wp\/v2\/product\/546","targetHints":{"allow":["GET"]}}],"collection":[{"href":"https:\/\/rj-engineering.com\/en\/wp-json\/wp\/v2\/product"}],"about":[{"href":"https:\/\/rj-engineering.com\/en\/wp-json\/wp\/v2\/types\/product"}],"replies":[{"embeddable":true,"href":"https:\/\/rj-engineering.com\/en\/wp-json\/wp\/v2\/comments?post=546"}],"wp:featuredmedia":[{"embeddable":true,"href":"https:\/\/rj-engineering.com\/en\/wp-json\/wp\/v2\/media\/696"}],"wp:attachment":[{"href":"https:\/\/rj-engineering.com\/en\/wp-json\/wp\/v2\/media?parent=546"}],"wp:term":[{"taxonomy":"product_brand","embeddable":true,"href":"https:\/\/rj-engineering.com\/en\/wp-json\/wp\/v2\/product_brand?post=546"},{"taxonomy":"product_cat","embeddable":true,"href":"https:\/\/rj-engineering.com\/en\/wp-json\/wp\/v2\/product_cat?post=546"},{"taxonomy":"product_tag","embeddable":true,"href":"https:\/\/rj-engineering.com\/en\/wp-json\/wp\/v2\/product_tag?post=546"}],"curies":[{"name":"wp","href":"https:\/\/api.w.org\/{rel}","templated":true}]}}