{"id":667,"date":"2022-01-05T12:26:08","date_gmt":"2022-01-05T11:26:08","guid":{"rendered":"https:\/\/rj-engineering.com\/?post_type=product&#038;p=667"},"modified":"2025-10-31T00:05:10","modified_gmt":"2025-10-30T23:05:10","slug":"tig-welding","status":"publish","type":"product","link":"https:\/\/rj-engineering.com\/en\/product\/tig-welding\/","title":{"rendered":"TIG &amp; MIG Welding"},"content":{"rendered":"<h5>STAINLESS STEEL<\/h5>\n<p>Stainless steel for commercial\/catering equipment and stainless steel for exteriors and interiors or for any other purpose.<br \/>\nWe can fabricate custom stainless steel exhaust systems from motorcycles to trucks.<br \/>\nWe can weld grades 316 and 304 stainless steel and more.<\/p>\n<h5>ALUMINUM<\/h5>\n<p>We can carry out welding and fabrication work for all aluminum requirements. We offer an alloy crack repair service that covers:<br \/>\nAlloy wheels<br \/>\nAluminum diesel tanks<br \/>\nAluminum gearboxes<br \/>\ncracked sinks<br \/>\nand much more\u2026<br \/>\nWe can offer aluminum welding for grades 5052, 6061, 6063 and more.<\/p>\n<h5>TITANIUM<\/h5>\n<p>Titanium and its alloys offer excellent resistance to acid, chloride and salt corrosion with a wide continuous service temperature range and the highest strength-to-weight ratio of any metal.<br \/>\nWe can handle most titanium welding requirements. For example, titanium exhaust pipes.<\/p>\n<h5>SOME PHOTOS OF OUR WORK<\/h5>\n<div id='gallery-1' class='gallery galleryid-667 gallery-columns-2 gallery-size-large'><figure class='gallery-item'>\n\t\t\t<div class='gallery-icon landscape'>\n\t\t\t\t<a href='https:\/\/rj-engineering.com\/en\/?attachment_id=675'><img loading=\"lazy\" decoding=\"async\" width=\"1024\" height=\"769\" src=\"https:\/\/i0.wp.com\/rj-engineering.com\/wp-content\/uploads\/2022\/01\/1641753562419-scaled.jpg?fit=1024%2C769&amp;ssl=1\" class=\"attachment-large size-large\" alt=\"SS lambda boss\" srcset=\"https:\/\/i0.wp.com\/rj-engineering.com\/wp-content\/uploads\/2022\/01\/1641753562419-scaled.jpg?w=2560&amp;ssl=1 2560w, https:\/\/i0.wp.com\/rj-engineering.com\/wp-content\/uploads\/2022\/01\/1641753562419-scaled.jpg?resize=300%2C225&amp;ssl=1 300w, https:\/\/i0.wp.com\/rj-engineering.com\/wp-content\/uploads\/2022\/01\/1641753562419-scaled.jpg?resize=1024%2C769&amp;ssl=1 1024w, https:\/\/i0.wp.com\/rj-engineering.com\/wp-content\/uploads\/2022\/01\/1641753562419-scaled.jpg?resize=768%2C577&amp;ssl=1 768w, https:\/\/i0.wp.com\/rj-engineering.com\/wp-content\/uploads\/2022\/01\/1641753562419-scaled.jpg?resize=1536%2C1153&amp;ssl=1 1536w, https:\/\/i0.wp.com\/rj-engineering.com\/wp-content\/uploads\/2022\/01\/1641753562419-scaled.jpg?resize=2048%2C1538&amp;ssl=1 2048w, https:\/\/i0.wp.com\/rj-engineering.com\/wp-content\/uploads\/2022\/01\/1641753562419-scaled.jpg?resize=16%2C12&amp;ssl=1 16w, https:\/\/i0.wp.com\/rj-engineering.com\/wp-content\/uploads\/2022\/01\/1641753562419-scaled.jpg?resize=1140%2C856&amp;ssl=1 1140w, https:\/\/i0.wp.com\/rj-engineering.com\/wp-content\/uploads\/2022\/01\/1641753562419-scaled.jpg?resize=920%2C691&amp;ssl=1 920w, https:\/\/i0.wp.com\/rj-engineering.com\/wp-content\/uploads\/2022\/01\/1641753562419-scaled.jpg?resize=575%2C432&amp;ssl=1 575w, https:\/\/i0.wp.com\/rj-engineering.com\/wp-content\/uploads\/2022\/01\/1641753562419-scaled.jpg?resize=380%2C285&amp;ssl=1 380w, https:\/\/i0.wp.com\/rj-engineering.com\/wp-content\/uploads\/2022\/01\/1641753562419-scaled.jpg?resize=420%2C315&amp;ssl=1 420w, https:\/\/i0.wp.com\/rj-engineering.com\/wp-content\/uploads\/2022\/01\/1641753562419-scaled.jpg?resize=800%2C601&amp;ssl=1 800w, https:\/\/i0.wp.com\/rj-engineering.com\/wp-content\/uploads\/2022\/01\/1641753562419-scaled.jpg?w=2280&amp;ssl=1 2280w\" sizes=\"auto, (max-width: 1024px) 100vw, 1024px\" \/><\/a>\n\t\t\t<\/div><\/figure><figure class='gallery-item'>\n\t\t\t<div class='gallery-icon landscape'>\n\t\t\t\t<a href='https:\/\/rj-engineering.com\/en\/?attachment_id=674'><img loading=\"lazy\" decoding=\"async\" width=\"1024\" height=\"769\" src=\"https:\/\/i0.wp.com\/rj-engineering.com\/wp-content\/uploads\/2022\/01\/1641753562426-scaled.jpg?fit=1024%2C769&amp;ssl=1\" class=\"attachment-large size-large\" alt=\"SS Exhaust header welding\" srcset=\"https:\/\/i0.wp.com\/rj-engineering.com\/wp-content\/uploads\/2022\/01\/1641753562426-scaled.jpg?w=2560&amp;ssl=1 2560w, https:\/\/i0.wp.com\/rj-engineering.com\/wp-content\/uploads\/2022\/01\/1641753562426-scaled.jpg?resize=300%2C225&amp;ssl=1 300w, https:\/\/i0.wp.com\/rj-engineering.com\/wp-content\/uploads\/2022\/01\/1641753562426-scaled.jpg?resize=1024%2C769&amp;ssl=1 1024w, https:\/\/i0.wp.com\/rj-engineering.com\/wp-content\/uploads\/2022\/01\/1641753562426-scaled.jpg?resize=768%2C577&amp;ssl=1 768w, https:\/\/i0.wp.com\/rj-engineering.com\/wp-content\/uploads\/2022\/01\/1641753562426-scaled.jpg?resize=1536%2C1153&amp;ssl=1 1536w, https:\/\/i0.wp.com\/rj-engineering.com\/wp-content\/uploads\/2022\/01\/1641753562426-scaled.jpg?resize=2048%2C1538&amp;ssl=1 2048w, https:\/\/i0.wp.com\/rj-engineering.com\/wp-content\/uploads\/2022\/01\/1641753562426-scaled.jpg?resize=16%2C12&amp;ssl=1 16w, https:\/\/i0.wp.com\/rj-engineering.com\/wp-content\/uploads\/2022\/01\/1641753562426-scaled.jpg?resize=1140%2C856&amp;ssl=1 1140w, https:\/\/i0.wp.com\/rj-engineering.com\/wp-content\/uploads\/2022\/01\/1641753562426-scaled.jpg?resize=920%2C691&amp;ssl=1 920w, https:\/\/i0.wp.com\/rj-engineering.com\/wp-content\/uploads\/2022\/01\/1641753562426-scaled.jpg?resize=575%2C432&amp;ssl=1 575w, https:\/\/i0.wp.com\/rj-engineering.com\/wp-content\/uploads\/2022\/01\/1641753562426-scaled.jpg?resize=380%2C285&amp;ssl=1 380w, https:\/\/i0.wp.com\/rj-engineering.com\/wp-content\/uploads\/2022\/01\/1641753562426-scaled.jpg?resize=420%2C315&amp;ssl=1 420w, https:\/\/i0.wp.com\/rj-engineering.com\/wp-content\/uploads\/2022\/01\/1641753562426-scaled.jpg?resize=800%2C601&amp;ssl=1 800w, https:\/\/i0.wp.com\/rj-engineering.com\/wp-content\/uploads\/2022\/01\/1641753562426-scaled.jpg?w=2280&amp;ssl=1 2280w\" sizes=\"auto, (max-width: 1024px) 100vw, 1024px\" \/><\/a>\n\t\t\t<\/div><\/figure>\n\t\t<\/div>","protected":false},"excerpt":{"rendered":"<p><strong>\u00bfBuscas un Soldador TIG o MIG en Madrid a precios realmente competitivos?<\/strong><\/p>\n<p>En RJ Engineering tenemos una basta experiencia en trabajos de soldadura, ya sea TIG o MIG, normalmente con gas. Podemos llevar a cabo practicamente cualquier proyecto siempre y cuando el objeto a producir sea de dimensiones manejables.<\/p>\n<p>Principalmente trabajamos en proyectos para motorsport, pero no tenemos problema con proyectos diferentes, contactanos y dinos que es lo que deseas y estaremos encantados en ayudarte.<\/p>\n<p>Tungsten Inert Gas (TIG), tambi\u00e9n conocido como Gas Tungsten Arc Welding (GTAW), es un proceso de soldadura por arco que utiliza un electrodo de tungsteno no consumible para producir la soldadura.<br \/>\nLa soldadura TIG se usa a menudo para soldar secciones delgadas de acero inoxidable y metales no ferrosos como aluminio, magnesio y aleaciones de cobre.<br \/>\nEste proceso es complejo y requiere soldadores expertos. Somos soldadores TIG calificados y experimentados.<br \/>\nLa soldadura TIG ofrece un mayor control sobre el \u00e1rea objetivo de la soldadura que otros procesos de soldadura, por lo que podemos producir soldaduras de precisi\u00f3n de alta calidad.<br \/>\nNuestros servicios de soldadura TIG cubren una amplia gama de materiales, para aplicaciones comerciales y dom\u00e9sticas, consulte a continuaci\u00f3n para obtener m\u00e1s informaci\u00f3n.<\/p>\n<p>Env\u00edanos tu consulta o lo que necesites y te responderemos en menos de 8 horas<\/p>\n<p><span title=\"\">[contact-form-7 id=\"261\" title=\"Contact form\"]<\/span><\/p>\n","protected":false},"featured_media":668,"comment_status":"open","ping_status":"closed","template":"","meta":[],"product_brand":[],"product_cat":[90],"product_tag":[],"class_list":{"0":"post-667","1":"product","2":"type-product","3":"status-publish","4":"has-post-thumbnail","6":"product_cat-welding","8":"first","9":"instock","10":"taxable","11":"shipping-taxable","12":"product-type-simple"},"aioseo_notices":[],"jetpack-related-posts":[{"id":533,"url":"https:\/\/rj-engineering.com\/en\/product\/cnc-service\/","url_meta":{"origin":667,"position":0},"title":"CNC \/ Lathe Machining Quotation","author":"Rodrigo","date":"January 2, 2022","format":false,"excerpt":"Upload each file you want CNC machined and request a quote, or zip them all and send them to us via the contact form. We&#039;ll respond within 8 hours. If you have a drawing or other type of file, zip everything and send it to\u2026","rel":"","context":"Similar post","block_context":{"text":"Similar post","link":""},"img":{"alt_text":"","src":"https:\/\/i0.wp.com\/rj-engineering.com\/wp-content\/uploads\/2022\/01\/cnc-1.jpg?fit=1024%2C576&ssl=1&resize=350%2C200","width":350,"height":200,"srcset":"https:\/\/i0.wp.com\/rj-engineering.com\/wp-content\/uploads\/2022\/01\/cnc-1.jpg?fit=1024%2C576&ssl=1&resize=350%2C200 1x, https:\/\/i0.wp.com\/rj-engineering.com\/wp-content\/uploads\/2022\/01\/cnc-1.jpg?fit=1024%2C576&ssl=1&resize=525%2C300 1.5x, https:\/\/i0.wp.com\/rj-engineering.com\/wp-content\/uploads\/2022\/01\/cnc-1.jpg?fit=1024%2C576&ssl=1&resize=700%2C400 2x"},"classes":[]},{"id":546,"url":"https:\/\/rj-engineering.com\/en\/product\/sand-casting\/","url_meta":{"origin":667,"position":1},"title":"Sand Casting","author":"Rodrigo","date":"January 3, 2022","format":false,"excerpt":"Sand casting is a traditional casting process in which molten metal is poured into a mold made of sand. Due to sand casting&#039;s flexible characteristics, it is used to create a variety of parts with complex geometries and is compatible with almost all\u2026","rel":"","context":"Similar post","block_context":{"text":"Similar post","link":""},"img":{"alt_text":"","src":"https:\/\/i0.wp.com\/rj-engineering.com\/wp-content\/uploads\/2022\/01\/sand_casting.jpg?fit=1024%2C576&ssl=1&resize=350%2C200","width":350,"height":200,"srcset":"https:\/\/i0.wp.com\/rj-engineering.com\/wp-content\/uploads\/2022\/01\/sand_casting.jpg?fit=1024%2C576&ssl=1&resize=350%2C200 1x, https:\/\/i0.wp.com\/rj-engineering.com\/wp-content\/uploads\/2022\/01\/sand_casting.jpg?fit=1024%2C576&ssl=1&resize=525%2C300 1.5x, https:\/\/i0.wp.com\/rj-engineering.com\/wp-content\/uploads\/2022\/01\/sand_casting.jpg?fit=1024%2C576&ssl=1&resize=700%2C400 2x"},"classes":[]},{"id":559,"url":"https:\/\/rj-engineering.com\/en\/product\/composites\/","url_meta":{"origin":667,"position":2},"title":"Carbon fiber","author":"Rodrigo","date":"January 3, 2022","format":false,"excerpt":"RJ Engineering manufactures carbon fiber parts and products for a wide range of industries. Whether you&#039;re in motorsports or recreation, our services and product quality won&#039;t disappoint. Don&#039;t wait, send us the details of what you have in mind! We can\u2026","rel":"","context":"Similar post","block_context":{"text":"Similar post","link":""},"img":{"alt_text":"","src":"https:\/\/i0.wp.com\/rj-engineering.com\/wp-content\/uploads\/2022\/01\/carbonfiber.jpg?fit=1024%2C576&ssl=1&resize=350%2C200","width":350,"height":200,"srcset":"https:\/\/i0.wp.com\/rj-engineering.com\/wp-content\/uploads\/2022\/01\/carbonfiber.jpg?fit=1024%2C576&ssl=1&resize=350%2C200 1x, https:\/\/i0.wp.com\/rj-engineering.com\/wp-content\/uploads\/2022\/01\/carbonfiber.jpg?fit=1024%2C576&ssl=1&resize=525%2C300 1.5x, https:\/\/i0.wp.com\/rj-engineering.com\/wp-content\/uploads\/2022\/01\/carbonfiber.jpg?fit=1024%2C576&ssl=1&resize=700%2C400 2x"},"classes":[]},{"id":464,"url":"https:\/\/rj-engineering.com\/en\/product\/3d-scanning\/","url_meta":{"origin":667,"position":3},"title":"3D Scanning Service","author":"Rodrigo","date":"January 1, 2022","format":false,"excerpt":"We offer the possibility of digitizing objects with our 3D scanner at truly competitive prices. For objects with a volume of less than 300 cm3, we typically charge \u20ac30. However, the price will always depend on the complexity of the object being scanned. This means we can capture objects in three dimensions\u2026","rel":"","context":"With 1 comment","block_context":{"text":"With 1 comment","link":"https:\/\/rj-engineering.com\/en\/product\/3d-scanning\/#comments"},"img":{"alt_text":"","src":"https:\/\/i0.wp.com\/rj-engineering.com\/wp-content\/uploads\/2022\/01\/3dscan-1.jpg?fit=1024%2C576&ssl=1&resize=350%2C200","width":350,"height":200,"srcset":"https:\/\/i0.wp.com\/rj-engineering.com\/wp-content\/uploads\/2022\/01\/3dscan-1.jpg?fit=1024%2C576&ssl=1&resize=350%2C200 1x, https:\/\/i0.wp.com\/rj-engineering.com\/wp-content\/uploads\/2022\/01\/3dscan-1.jpg?fit=1024%2C576&ssl=1&resize=525%2C300 1.5x, https:\/\/i0.wp.com\/rj-engineering.com\/wp-content\/uploads\/2022\/01\/3dscan-1.jpg?fit=1024%2C576&ssl=1&resize=700%2C400 2x"},"classes":[]},{"id":1041,"url":"https:\/\/rj-engineering.com\/en\/product\/servicios-de-diseno-3d-y-pcbs\/","url_meta":{"origin":667,"position":4},"title":"3D Design and PCB Service","author":"Rodrigo","date":"May 11, 2025","format":false,"excerpt":"At RJ Engineering, we are experts in the design of 3D components and objects, primarily for the automotive sector (racing or modified vehicles). We can design virtually any object, regardless of its intended purpose. We can also perform stress and aerodynamic analysis, if required.","rel":"","context":"Similar post","block_context":{"text":"Similar post","link":""},"img":{"alt_text":"","src":"https:\/\/i0.wp.com\/rj-engineering.com\/wp-content\/uploads\/2022\/01\/Flow-Trajectories-1.jpg?fit=1094%2C441&ssl=1&resize=350%2C200","width":350,"height":200,"srcset":"https:\/\/i0.wp.com\/rj-engineering.com\/wp-content\/uploads\/2022\/01\/Flow-Trajectories-1.jpg?fit=1094%2C441&ssl=1&resize=350%2C200 1x, https:\/\/i0.wp.com\/rj-engineering.com\/wp-content\/uploads\/2022\/01\/Flow-Trajectories-1.jpg?fit=1094%2C441&ssl=1&resize=525%2C300 1.5x, https:\/\/i0.wp.com\/rj-engineering.com\/wp-content\/uploads\/2022\/01\/Flow-Trajectories-1.jpg?fit=1094%2C441&ssl=1&resize=700%2C400 2x, https:\/\/i0.wp.com\/rj-engineering.com\/wp-content\/uploads\/2022\/01\/Flow-Trajectories-1.jpg?fit=1094%2C441&ssl=1&resize=1050%2C600 3x"},"classes":[]},{"id":1046,"url":"https:\/\/rj-engineering.com\/en\/product\/ecu-repro\/","url_meta":{"origin":667,"position":5},"title":"ECU reprogramming","author":"Rodrigo","date":"May 13, 2025","format":false,"excerpt":"At RJ Engineering, we are experts in reprogramming vehicle control units, whether gasoline or diesel, at a price no one else can offer. We work with virtually all vehicles on the market, including high-end models like Porsche, Ferrari, or Maserati. We work with the prestigious company ecumap, which has\u2026","rel":"","context":"Similar post","block_context":{"text":"Similar post","link":""},"img":{"alt_text":"","src":"https:\/\/i0.wp.com\/rj-engineering.com\/wp-content\/uploads\/2025\/05\/chip-tunning.jpg?fit=530%2C298&ssl=1&resize=350%2C200","width":350,"height":200,"srcset":"https:\/\/i0.wp.com\/rj-engineering.com\/wp-content\/uploads\/2025\/05\/chip-tunning.jpg?fit=530%2C298&ssl=1&resize=350%2C200 1x, https:\/\/i0.wp.com\/rj-engineering.com\/wp-content\/uploads\/2025\/05\/chip-tunning.jpg?fit=530%2C298&ssl=1&resize=525%2C300 1.5x"},"classes":[]}],"jetpack_sharing_enabled":true,"_links":{"self":[{"href":"https:\/\/rj-engineering.com\/en\/wp-json\/wp\/v2\/product\/667","targetHints":{"allow":["GET"]}}],"collection":[{"href":"https:\/\/rj-engineering.com\/en\/wp-json\/wp\/v2\/product"}],"about":[{"href":"https:\/\/rj-engineering.com\/en\/wp-json\/wp\/v2\/types\/product"}],"replies":[{"embeddable":true,"href":"https:\/\/rj-engineering.com\/en\/wp-json\/wp\/v2\/comments?post=667"}],"wp:featuredmedia":[{"embeddable":true,"href":"https:\/\/rj-engineering.com\/en\/wp-json\/wp\/v2\/media\/668"}],"wp:attachment":[{"href":"https:\/\/rj-engineering.com\/en\/wp-json\/wp\/v2\/media?parent=667"}],"wp:term":[{"taxonomy":"product_brand","embeddable":true,"href":"https:\/\/rj-engineering.com\/en\/wp-json\/wp\/v2\/product_brand?post=667"},{"taxonomy":"product_cat","embeddable":true,"href":"https:\/\/rj-engineering.com\/en\/wp-json\/wp\/v2\/product_cat?post=667"},{"taxonomy":"product_tag","embeddable":true,"href":"https:\/\/rj-engineering.com\/en\/wp-json\/wp\/v2\/product_tag?post=667"}],"curies":[{"name":"wp","href":"https:\/\/api.w.org\/{rel}","templated":true}]}}