{"id":14,"date":"2022-01-04T13:15:07","date_gmt":"2022-01-04T12:15:07","guid":{"rendered":"https:\/\/rj-engineering.com\/?page_id=14"},"modified":"2022-02-20T17:59:05","modified_gmt":"2022-02-20T16:59:05","slug":"refund_returns","status":"publish","type":"page","link":"https:\/\/rj-engineering.com\/es\/refund_returns\/","title":{"rendered":"Pol\u00edtica de devoluciones y reembolsos"},"content":{"rendered":"\n<p>Nuestra pol\u00edtica de reembolso y devoluciones tiene una duraci\u00f3n de 15 d\u00edas desde el env\u00edo de la mercanc\u00eda. Si han pasado 15 d\u00edas desde que la mercanc\u00eda sali\u00f3 de nuestro taller, no podemos ofrecerle un reembolso completo o un cambio.<\/p>\n\n\n\n<p>Para ser elegible para una devoluci\u00f3n, su art\u00edculo tiene que estart en las mismas condiciones en que lo recibi\u00f3. Tambi\u00e9n debe estar en el embalaje original. <\/p>\n\n\n\n<p>No se admiten reembolsos o devoluciones de impresiones 3D debido a imperfecciones en aquellas areas de la impresion que hayan requerido soportes.  <\/p>\n\n\n\n<p>Los escaneos 3d est\u00e1n exentos de devoluci\u00f3n\/reembolso.<\/p>\n\n\n\n<p>Para completar su devoluci\u00f3n, requerimos un recibo\/factura o comprobante de compra.<\/p>\n\n\n\n<h2 class=\"wp-block-heading\" id=\"reembolsos\">Reembolsos<\/h2>\n\n\n\n<p>Una vez que se reciba e inspeccione su devoluci\u00f3n, le enviaremos un correo electr\u00f3nico para notificarle que hemos recibido su art\u00edculo devuelto. Tambi\u00e9n le notificaremos la aprobaci\u00f3n o rechazo de su reembolso.<\/p>\n\n\n\n<p>Si se aprueba, se procesar\u00e1 su reembolso y se aplicar\u00e1 autom\u00e1ticamente un cr\u00e9dito a su tarjeta de cr\u00e9dito o m\u00e9todo de pago original, dentro de los 7 d\u00edas.<\/p>\n\n\n\n<p><b>Reembolsos atrasados o faltantes<\/b><\/p>\n\n\n\n<p>Si a\u00fan no ha recibido un reembolso, primero verifique su cuenta bancaria nuevamente.<\/p>\n\n\n\n<p>Luego, comun\u00edquese con la compa\u00f1\u00eda de su tarjeta de cr\u00e9dito, puede tomar alg\u00fan tiempo antes de que se publique oficialmente su reembolso.<\/p>\n\n\n\n<p>A continuaci\u00f3n, p\u00f3ngase en contacto con su banco. A menudo hay alg\u00fan tiempo de procesamiento antes de que se publique un reembolso.<\/p>\n\n\n\n<p>Si ha hecho todo esto y a\u00fan no ha recibido su reembolso, cont\u00e1ctenos en contact@rj-engineering.com.<\/p>\n\n\n\n<h2 class=\"wp-block-heading\" id=\"reemplazos\">Reemplazos<\/h2>\n\n\n\n<p>Solo reemplazamos art\u00edculos si est\u00e1n defectuosos o da\u00f1ados. Si necesita cambiarlo por el mismo art\u00edculo, env\u00edenos un correo electr\u00f3nico a contact@rj-engineering.com y env\u00ede su art\u00edculo a: {direcci\u00f3n f\u00edsica}.<\/p>\n\n\n\n<h2 class=\"wp-block-heading\" id=\"envio-en-devoluciones\">Envio en devoluciones<\/h2>\n\n\n\n<p>Para devolver su producto, debe enviarlo por correo a: {direcci\u00f3n f\u00edsica}.<\/p>\n\n\n\n<p>Usted ser\u00e1 responsable de pagar sus propios costos de env\u00edo para devolver su art\u00edculo. Los gastos de env\u00edo no son reembolsables. Si recibe un reembolso, el costo del env\u00edo de devoluci\u00f3n se deducir\u00e1 de su reembolso.<\/p>\n\n\n\n<p>Dependiendo de d\u00f3nde viva, el tiempo que puede tardar en llegarle el producto intercambiado puede variar.<\/p>\n\n\n\n<p>Si est\u00e1 devolviendo art\u00edculos m\u00e1s caros, puede considerar usar un servicio de env\u00edo rastreable o comprar un seguro de env\u00edo. No garantizamos que recibiremos su art\u00edculo devuelto.<\/p>\n\n\n\n<h2 class=\"wp-block-heading\" id=\"necesitas-ayuda\">Necesitas ayuda ?<\/h2>\n\n\n\n<p>Cont\u00e1ctenos en contact@rj-engineering.com para preguntas relacionadas con reembolsos y devoluciones.<\/p>\n","protected":false},"excerpt":{"rendered":"<p>Nuestra pol\u00edtica de reembolso y devoluciones tiene una duraci\u00f3n de 15 d\u00edas desde el env\u00edo de la mercanc\u00eda. Si han pasado 15 d\u00edas desde que la mercanc\u00eda sali\u00f3 de nuestro [&hellip;]<\/p>\n","protected":false},"author":1,"featured_media":0,"parent":0,"menu_order":0,"comment_status":"closed","ping_status":"closed","template":"","meta":{"footnotes":""},"class_list":["post-14","page","type-page","status-publish","hentry"],"aioseo_notices":[],"jetpack-related-posts":[{"id":362,"url":"https:\/\/rj-engineering.com\/es\/","url_meta":{"origin":14,"position":0},"title":"Servicios de Ingenier\u00eda y Motorsport","author":"Rodrigo","date":"agosto 17, 2021","format":false,"excerpt":"Servicios de Ingenier\u00eda a Precios de Calidad Impresi\u00f3n 3D y escaneo laser Dise\u00f1o y Analisis 3D Reprogramacion centralitas Soldadura TIG & MIG Dise\u00f1o PCB y placas electronicas Fabricaci\u00f3n y forrado de Fibra de Carbono Restauracion clasicos CNC\/Torno Mecanizado Servicios Motorsport Servicios que ofrecemos","rel":"","context":"Entrada similar","block_context":{"text":"Entrada similar","link":""},"img":{"alt_text":"","src":"","width":0,"height":0},"classes":[]},{"id":3,"url":"https:\/\/rj-engineering.com\/es\/privacy-policy\/","url_meta":{"origin":14,"position":1},"title":"Pol\u00edtica de Privacidad","author":"Rodrigo","date":"diciembre 21, 2021","format":false,"excerpt":"Quienes somos Nuestro sitio web es: https:\/\/rj-engineering.com. Comentarios Cuando los visitantes dejan comentarios en el sitio, recopilamos los datos que se muestran en el formulario de comentarios, y tambi\u00e9n la direcci\u00f3n IP del visitante y la cadena del agente de usuario del navegador para ayudar a la detecci\u00f3n de spam.\u2026","rel":"","context":"Entrada similar","block_context":{"text":"Entrada similar","link":""},"img":{"alt_text":"","src":"","width":0,"height":0},"classes":[]},{"id":593,"url":"https:\/\/rj-engineering.com\/es\/who-we-are\/","url_meta":{"origin":14,"position":2},"title":"Quienes somos y a que nos dedicamos","author":"Rodrigo","date":"enero 4, 2022","format":false,"excerpt":"RJ Ingenier\u00eda es un equipo de ingenieros con larga experiencia en el sector del Motorsport, realizando diferentes trabajos de ingenier\u00eda para particulares y empresas a lo largo de Europa. Estamos ubicados en Madrid, y nuestro negocio principal est\u00e1 dentro de Espa\u00f1a, sin embargo, tenemos clientes en todo Europa y Reino\u2026","rel":"","context":"Entrada similar","block_context":{"text":"Entrada similar","link":""},"img":{"alt_text":"","src":"https:\/\/i0.wp.com\/rj-engineering.com\/wp-content\/uploads\/2025\/04\/cableado-motorsport.jpg?resize=350%2C200","width":350,"height":200,"srcset":"https:\/\/i0.wp.com\/rj-engineering.com\/wp-content\/uploads\/2025\/04\/cableado-motorsport.jpg?resize=350%2C200 1x, https:\/\/i0.wp.com\/rj-engineering.com\/wp-content\/uploads\/2025\/04\/cableado-motorsport.jpg?resize=525%2C300 1.5x"},"classes":[]},{"id":502,"url":"https:\/\/rj-engineering.com\/es\/reverse-engineering-analysis\/","url_meta":{"origin":14,"position":3},"title":"An\u00e1lisis de ingenier\u00eda inversa","author":"Rodrigo","date":"enero 2, 2022","format":false,"excerpt":"A menudo, el escaneo laser se utiliza para ingenier\u00eda inversa o verificaci\u00f3n de piezas de fabricaci\u00f3n. En esta aplicaci\u00f3n, escaneamos eun encapsulado electronico para generar un modelo CAD para posteriormente verificar las dimensiones con el encapsulado fisico original. La precisi\u00f3n dimensional del escaneo laser es fundamental para eliminar la ambig\u00fcedad\u2026","rel":"","context":"Entrada similar","block_context":{"text":"Entrada similar","link":""},"img":{"alt_text":"","src":"https:\/\/i0.wp.com\/rj-engineering.com\/wp-content\/uploads\/2022\/01\/image.jpg?resize=350%2C200&ssl=1","width":350,"height":200,"srcset":"https:\/\/i0.wp.com\/rj-engineering.com\/wp-content\/uploads\/2022\/01\/image.jpg?resize=350%2C200&ssl=1 1x, https:\/\/i0.wp.com\/rj-engineering.com\/wp-content\/uploads\/2022\/01\/image.jpg?resize=525%2C300&ssl=1 1.5x, https:\/\/i0.wp.com\/rj-engineering.com\/wp-content\/uploads\/2022\/01\/image.jpg?resize=700%2C400&ssl=1 2x, https:\/\/i0.wp.com\/rj-engineering.com\/wp-content\/uploads\/2022\/01\/image.jpg?resize=1050%2C600&ssl=1 3x, https:\/\/i0.wp.com\/rj-engineering.com\/wp-content\/uploads\/2022\/01\/image.jpg?resize=1400%2C800&ssl=1 4x"},"classes":[]}],"jetpack_sharing_enabled":true,"_links":{"self":[{"href":"https:\/\/rj-engineering.com\/es\/wp-json\/wp\/v2\/pages\/14","targetHints":{"allow":["GET"]}}],"collection":[{"href":"https:\/\/rj-engineering.com\/es\/wp-json\/wp\/v2\/pages"}],"about":[{"href":"https:\/\/rj-engineering.com\/es\/wp-json\/wp\/v2\/types\/page"}],"author":[{"embeddable":true,"href":"https:\/\/rj-engineering.com\/es\/wp-json\/wp\/v2\/users\/1"}],"replies":[{"embeddable":true,"href":"https:\/\/rj-engineering.com\/es\/wp-json\/wp\/v2\/comments?post=14"}],"version-history":[{"count":0,"href":"https:\/\/rj-engineering.com\/es\/wp-json\/wp\/v2\/pages\/14\/revisions"}],"wp:attachment":[{"href":"https:\/\/rj-engineering.com\/es\/wp-json\/wp\/v2\/media?parent=14"}],"curies":[{"name":"wp","href":"https:\/\/api.w.org\/{rel}","templated":true}]}}