{"id":397,"date":"2021-07-17T09:42:26","date_gmt":"2021-07-17T08:42:26","guid":{"rendered":"https:\/\/demo.athemes.com\/botiga\/my-account\/"},"modified":"2022-01-23T18:29:37","modified_gmt":"2022-01-23T17:29:37","slug":"my-account","status":"publish","type":"page","link":"https:\/\/rj-engineering.com\/es\/my-account\/","title":{"rendered":"Mi Cuenta"},"content":{"rendered":"<div class=\"woocommerce\"><\/div>\n","protected":false},"excerpt":{"rendered":"","protected":false},"author":1,"featured_media":0,"parent":0,"menu_order":0,"comment_status":"closed","ping_status":"closed","template":"","meta":{"footnotes":""},"class_list":["post-397","page","type-page","status-publish","hentry"],"aioseo_notices":[],"jetpack-related-posts":[{"id":484,"url":"https:\/\/rj-engineering.com\/es\/account\/","url_meta":{"origin":397,"position":0},"title":"Cuenta","author":"Rodrigo","date":"enero 2, 2022","format":false,"excerpt":"[ultimatemember_account]","rel":"","context":"Entrada similar","block_context":{"text":"Entrada similar","link":""},"img":{"alt_text":"","src":"","width":0,"height":0},"classes":[]},{"id":3,"url":"https:\/\/rj-engineering.com\/es\/privacy-policy\/","url_meta":{"origin":397,"position":1},"title":"Pol\u00edtica de Privacidad","author":"Rodrigo","date":"diciembre 21, 2021","format":false,"excerpt":"Quienes somos Nuestro sitio web es: https:\/\/rj-engineering.com. Comentarios Cuando los visitantes dejan comentarios en el sitio, recopilamos los datos que se muestran en el formulario de comentarios, y tambi\u00e9n la direcci\u00f3n IP del visitante y la cadena del agente de usuario del navegador para ayudar a la detecci\u00f3n de spam.\u2026","rel":"","context":"Entrada similar","block_context":{"text":"Entrada similar","link":""},"img":{"alt_text":"","src":"","width":0,"height":0},"classes":[]},{"id":14,"url":"https:\/\/rj-engineering.com\/es\/refund_returns\/","url_meta":{"origin":397,"position":2},"title":"Pol\u00edtica de devoluciones y reembolsos","author":"Rodrigo","date":"enero 4, 2022","format":false,"excerpt":"Nuestra pol\u00edtica de reembolso y devoluciones tiene una duraci\u00f3n de 15 d\u00edas desde el env\u00edo de la mercanc\u00eda. Si han pasado 15 d\u00edas desde que la mercanc\u00eda sali\u00f3 de nuestro taller, no podemos ofrecerle un reembolso completo o un cambio. Para ser elegible para una devoluci\u00f3n, su art\u00edculo tiene que\u2026","rel":"","context":"Entrada similar","block_context":{"text":"Entrada similar","link":""},"img":{"alt_text":"","src":"","width":0,"height":0},"classes":[]}],"jetpack_sharing_enabled":true,"_links":{"self":[{"href":"https:\/\/rj-engineering.com\/es\/wp-json\/wp\/v2\/pages\/397","targetHints":{"allow":["GET"]}}],"collection":[{"href":"https:\/\/rj-engineering.com\/es\/wp-json\/wp\/v2\/pages"}],"about":[{"href":"https:\/\/rj-engineering.com\/es\/wp-json\/wp\/v2\/types\/page"}],"author":[{"embeddable":true,"href":"https:\/\/rj-engineering.com\/es\/wp-json\/wp\/v2\/users\/1"}],"replies":[{"embeddable":true,"href":"https:\/\/rj-engineering.com\/es\/wp-json\/wp\/v2\/comments?post=397"}],"version-history":[{"count":0,"href":"https:\/\/rj-engineering.com\/es\/wp-json\/wp\/v2\/pages\/397\/revisions"}],"wp:attachment":[{"href":"https:\/\/rj-engineering.com\/es\/wp-json\/wp\/v2\/media?parent=397"}],"curies":[{"name":"wp","href":"https:\/\/api.w.org\/{rel}","templated":true}]}}