{"id":481,"date":"2022-01-02T18:23:42","date_gmt":"2022-01-02T17:23:42","guid":{"rendered":"https:\/\/rj-engineering.com\/register\/"},"modified":"2022-01-23T18:25:04","modified_gmt":"2022-01-23T17:25:04","slug":"register","status":"publish","type":"page","link":"https:\/\/rj-engineering.com\/es\/register\/","title":{"rendered":"Registro"},"content":{"rendered":"<p>[ultimatemember form_id=&#8221;475&#8243;]<\/p>\n","protected":false},"excerpt":{"rendered":"<p>[ultimatemember form_id=&#8221;475&#8243;]<\/p>\n","protected":false},"author":1,"featured_media":0,"parent":0,"menu_order":0,"comment_status":"closed","ping_status":"closed","template":"","meta":{"footnotes":""},"class_list":["post-481","page","type-page","status-publish","hentry"],"aioseo_notices":[],"jetpack-related-posts":[{"id":480,"url":"https:\/\/rj-engineering.com\/es\/login\/","url_meta":{"origin":481,"position":0},"title":"Login","author":"Rodrigo","date":"enero 2, 2022","format":false,"excerpt":"[ultimatemember form_id=\"476\"]","rel":"","context":"Entrada similar","block_context":{"text":"Entrada similar","link":""},"img":{"alt_text":"","src":"","width":0,"height":0},"classes":[]},{"id":502,"url":"https:\/\/rj-engineering.com\/es\/reverse-engineering-analysis\/","url_meta":{"origin":481,"position":1},"title":"An\u00e1lisis de ingenier\u00eda inversa","author":"Rodrigo","date":"enero 2, 2022","format":false,"excerpt":"A menudo, el escaneo laser se utiliza para ingenier\u00eda inversa o verificaci\u00f3n de piezas de fabricaci\u00f3n. En esta aplicaci\u00f3n, escaneamos eun encapsulado electronico para generar un modelo CAD para posteriormente verificar las dimensiones con el encapsulado fisico original. La precisi\u00f3n dimensional del escaneo laser es fundamental para eliminar la ambig\u00fcedad\u2026","rel":"","context":"Entrada similar","block_context":{"text":"Entrada similar","link":""},"img":{"alt_text":"","src":"https:\/\/i0.wp.com\/rj-engineering.com\/wp-content\/uploads\/2022\/01\/image.jpg?resize=350%2C200&ssl=1","width":350,"height":200,"srcset":"https:\/\/i0.wp.com\/rj-engineering.com\/wp-content\/uploads\/2022\/01\/image.jpg?resize=350%2C200&ssl=1 1x, https:\/\/i0.wp.com\/rj-engineering.com\/wp-content\/uploads\/2022\/01\/image.jpg?resize=525%2C300&ssl=1 1.5x, https:\/\/i0.wp.com\/rj-engineering.com\/wp-content\/uploads\/2022\/01\/image.jpg?resize=700%2C400&ssl=1 2x, https:\/\/i0.wp.com\/rj-engineering.com\/wp-content\/uploads\/2022\/01\/image.jpg?resize=1050%2C600&ssl=1 3x, https:\/\/i0.wp.com\/rj-engineering.com\/wp-content\/uploads\/2022\/01\/image.jpg?resize=1400%2C800&ssl=1 4x"},"classes":[]},{"id":3,"url":"https:\/\/rj-engineering.com\/es\/privacy-policy\/","url_meta":{"origin":481,"position":2},"title":"Pol\u00edtica de Privacidad","author":"Rodrigo","date":"diciembre 21, 2021","format":false,"excerpt":"Quienes somos Nuestro sitio web es: https:\/\/rj-engineering.com. Comentarios Cuando los visitantes dejan comentarios en el sitio, recopilamos los datos que se muestran en el formulario de comentarios, y tambi\u00e9n la direcci\u00f3n IP del visitante y la cadena del agente de usuario del navegador para ayudar a la detecci\u00f3n de spam.\u2026","rel":"","context":"Entrada similar","block_context":{"text":"Entrada similar","link":""},"img":{"alt_text":"","src":"","width":0,"height":0},"classes":[]}],"jetpack_sharing_enabled":true,"_links":{"self":[{"href":"https:\/\/rj-engineering.com\/es\/wp-json\/wp\/v2\/pages\/481","targetHints":{"allow":["GET"]}}],"collection":[{"href":"https:\/\/rj-engineering.com\/es\/wp-json\/wp\/v2\/pages"}],"about":[{"href":"https:\/\/rj-engineering.com\/es\/wp-json\/wp\/v2\/types\/page"}],"author":[{"embeddable":true,"href":"https:\/\/rj-engineering.com\/es\/wp-json\/wp\/v2\/users\/1"}],"replies":[{"embeddable":true,"href":"https:\/\/rj-engineering.com\/es\/wp-json\/wp\/v2\/comments?post=481"}],"version-history":[{"count":0,"href":"https:\/\/rj-engineering.com\/es\/wp-json\/wp\/v2\/pages\/481\/revisions"}],"wp:attachment":[{"href":"https:\/\/rj-engineering.com\/es\/wp-json\/wp\/v2\/media?parent=481"}],"curies":[{"name":"wp","href":"https:\/\/api.w.org\/{rel}","templated":true}]}}