{"id":485,"date":"2022-01-02T18:23:42","date_gmt":"2022-01-02T17:23:42","guid":{"rendered":"https:\/\/rj-engineering.com\/password-reset\/"},"modified":"2022-01-23T18:16:54","modified_gmt":"2022-01-23T17:16:54","slug":"password-reset","status":"publish","type":"page","link":"https:\/\/rj-engineering.com\/es\/password-reset\/","title":{"rendered":"Reseteo de contrase\u00f1a"},"content":{"rendered":"<p>[ultimatemember_password]<\/p>\n","protected":false},"excerpt":{"rendered":"<p>[ultimatemember_password]<\/p>\n","protected":false},"author":1,"featured_media":0,"parent":0,"menu_order":0,"comment_status":"closed","ping_status":"closed","template":"","meta":{"footnotes":""},"class_list":["post-485","page","type-page","status-publish","hentry"],"aioseo_notices":[],"jetpack-related-posts":[{"id":3,"url":"https:\/\/rj-engineering.com\/es\/privacy-policy\/","url_meta":{"origin":485,"position":0},"title":"Pol\u00edtica de Privacidad","author":"Rodrigo","date":"diciembre 21, 2021","format":false,"excerpt":"Quienes somos Nuestro sitio web es: https:\/\/rj-engineering.com. Comentarios Cuando los visitantes dejan comentarios en el sitio, recopilamos los datos que se muestran en el formulario de comentarios, y tambi\u00e9n la direcci\u00f3n IP del visitante y la cadena del agente de usuario del navegador para ayudar a la detecci\u00f3n de spam.\u2026","rel":"","context":"Entrada similar","block_context":{"text":"Entrada similar","link":""},"img":{"alt_text":"","src":"","width":0,"height":0},"classes":[]}],"jetpack_sharing_enabled":true,"_links":{"self":[{"href":"https:\/\/rj-engineering.com\/es\/wp-json\/wp\/v2\/pages\/485","targetHints":{"allow":["GET"]}}],"collection":[{"href":"https:\/\/rj-engineering.com\/es\/wp-json\/wp\/v2\/pages"}],"about":[{"href":"https:\/\/rj-engineering.com\/es\/wp-json\/wp\/v2\/types\/page"}],"author":[{"embeddable":true,"href":"https:\/\/rj-engineering.com\/es\/wp-json\/wp\/v2\/users\/1"}],"replies":[{"embeddable":true,"href":"https:\/\/rj-engineering.com\/es\/wp-json\/wp\/v2\/comments?post=485"}],"version-history":[{"count":0,"href":"https:\/\/rj-engineering.com\/es\/wp-json\/wp\/v2\/pages\/485\/revisions"}],"wp:attachment":[{"href":"https:\/\/rj-engineering.com\/es\/wp-json\/wp\/v2\/media?parent=485"}],"curies":[{"name":"wp","href":"https:\/\/api.w.org\/{rel}","templated":true}]}}