{"id":570,"date":"2022-01-03T20:16:20","date_gmt":"2022-01-03T19:16:20","guid":{"rendered":"https:\/\/rj-engineering.com\/?page_id=570"},"modified":"2025-11-28T13:04:39","modified_gmt":"2025-11-28T12:04:39","slug":"composite-works","status":"publish","type":"page","link":"https:\/\/rj-engineering.com\/es\/composite-works\/","title":{"rendered":"Trabajos con fibra carbono"},"content":{"rendered":"\n<p>RJ Engineering fabrica piezas y productos de fibra de carbono para una amplia gama de industrias. Ya sea que est\u00e9 en deportes de motor o recreaci\u00f3n, nuestros servicios y la calidad de nuestros productos no te defraudaran. <\/p>\n\n\n\n<p>\u00a1\u00a1\u00a1No esperes y env\u00edanos los detalles de lo que necesites !!!<\/p>\n\n\n\n<p>Nuestro principal sector de trabajo es el automovilismo, sin embargo, queremos ofrecer nuestra experiencia para cualquier tipo de solicitud siempre que est\u00e9 dentro de nuestras capacidades, normalmente trabajamos siguiendo m\u00e9todos &#8216;<em>wet layering<\/em>&#8216;, por ser de los mas economicos,  tenemos un gran horno para curar piezas hasta 150 grados, curamos al vac\u00edo para dar m\u00e1s resistencia estructural y mejor acabado si se requiere, tambi\u00e9n dependiendo de las curvas y formas del objeto.<\/p>\n\n\n\n<p>  Tambi\u00e9n podemos trabajar con carb\u00f3n <em>prepag<\/em>, sin embargo esto encarece considerablemente cualquier trabajo. <\/p>\n\n\n\n<ul class=\"wp-block-list\">\n<li>Dise\u00f1amos piezas de acuerdo con sus requisitos, producimos moldes a partir de ellas y el producto final en fibra de carbono o fibra de vidrio.<\/li>\n\n\n\n<li>Recubrimos b\u00e1sicamente cualquier objeto sobre fibra de carbono, molduras interiores de autom\u00f3viles, piezas de carrocer\u00eda, etc.<\/li>\n\n\n\n<li>Producimos piezas de carbono de alta calidad con aramidas\/panales de aleaci\u00f3n y fijadores en acero inoxidable.<\/li>\n\n\n\n<li>Para m\u00e1s informaci\u00f3n no dude en contactarnos.<\/li>\n<\/ul>\n\n\n\n<div class=\"wp-block-group alignfull is-layout-grid wp-container-core-group-is-layout-478b6e6b wp-block-group-is-layout-grid\"><\/div>\n\n\n\n<figure class=\"wp-block-gallery has-nested-images columns-2 is-cropped wp-block-gallery-1 is-layout-flex wp-block-gallery-is-layout-flex\">\n<figure class=\"wp-block-image size-medium\"><a href=\"https:\/\/i0.wp.com\/rj-engineering.com\/wp-content\/uploads\/2022\/01\/20190610_203108.jpg?ssl=1\"><img data-recalc-dims=\"1\" loading=\"lazy\" decoding=\"async\" width=\"300\" height=\"225\" data-id=\"607\" src=\"https:\/\/i0.wp.com\/rj-engineering.com\/wp-content\/uploads\/2022\/01\/20190610_203108.jpg?resize=300%2C225&#038;ssl=1\" alt=\"\" class=\"wp-image-607\" srcset=\"https:\/\/i0.wp.com\/rj-engineering.com\/wp-content\/uploads\/2022\/01\/20190610_203108.jpg?resize=300%2C225&amp;ssl=1 300w, https:\/\/i0.wp.com\/rj-engineering.com\/wp-content\/uploads\/2022\/01\/20190610_203108.jpg?resize=768%2C576&amp;ssl=1 768w, https:\/\/i0.wp.com\/rj-engineering.com\/wp-content\/uploads\/2022\/01\/20190610_203108.jpg?resize=16%2C12&amp;ssl=1 16w, https:\/\/i0.wp.com\/rj-engineering.com\/wp-content\/uploads\/2022\/01\/20190610_203108.jpg?resize=920%2C690&amp;ssl=1 920w, https:\/\/i0.wp.com\/rj-engineering.com\/wp-content\/uploads\/2022\/01\/20190610_203108.jpg?resize=575%2C431&amp;ssl=1 575w, https:\/\/i0.wp.com\/rj-engineering.com\/wp-content\/uploads\/2022\/01\/20190610_203108.jpg?resize=380%2C285&amp;ssl=1 380w, https:\/\/i0.wp.com\/rj-engineering.com\/wp-content\/uploads\/2022\/01\/20190610_203108.jpg?resize=420%2C315&amp;ssl=1 420w, https:\/\/i0.wp.com\/rj-engineering.com\/wp-content\/uploads\/2022\/01\/20190610_203108.jpg?resize=800%2C600&amp;ssl=1 800w, https:\/\/i0.wp.com\/rj-engineering.com\/wp-content\/uploads\/2022\/01\/20190610_203108.jpg?w=1024&amp;ssl=1 1024w\" sizes=\"auto, (max-width: 300px) 100vw, 300px\" \/><\/a><figcaption class=\"wp-element-caption\">Aleron delantero en fibra de carbono para un formula gloria<\/figcaption><\/figure>\n\n\n\n<figure class=\"wp-block-image size-medium\"><a href=\"https:\/\/i0.wp.com\/rj-engineering.com\/wp-content\/uploads\/2022\/01\/1607448163470-rotated.jpg?ssl=1\"><img data-recalc-dims=\"1\" loading=\"lazy\" decoding=\"async\" width=\"300\" height=\"225\" data-id=\"606\" src=\"https:\/\/i0.wp.com\/rj-engineering.com\/wp-content\/uploads\/2022\/01\/1607448163470.jpg?resize=300%2C225&#038;ssl=1\" alt=\"\" class=\"wp-image-606\" srcset=\"https:\/\/i0.wp.com\/rj-engineering.com\/wp-content\/uploads\/2022\/01\/1607448163470-rotated.jpg?resize=300%2C225&amp;ssl=1 300w, https:\/\/i0.wp.com\/rj-engineering.com\/wp-content\/uploads\/2022\/01\/1607448163470-rotated.jpg?resize=16%2C12&amp;ssl=1 16w, https:\/\/i0.wp.com\/rj-engineering.com\/wp-content\/uploads\/2022\/01\/1607448163470-rotated.jpg?resize=575%2C432&amp;ssl=1 575w, https:\/\/i0.wp.com\/rj-engineering.com\/wp-content\/uploads\/2022\/01\/1607448163470-rotated.jpg?resize=380%2C285&amp;ssl=1 380w, https:\/\/i0.wp.com\/rj-engineering.com\/wp-content\/uploads\/2022\/01\/1607448163470-rotated.jpg?resize=420%2C315&amp;ssl=1 420w, https:\/\/i0.wp.com\/rj-engineering.com\/wp-content\/uploads\/2022\/01\/1607448163470-rotated.jpg?w=639&amp;ssl=1 639w\" sizes=\"auto, (max-width: 300px) 100vw, 300px\" \/><\/a><figcaption class=\"wp-element-caption\">  roscas insertadas en monocoque para nuevo motor en un  lola f3000 <\/figcaption><\/figure>\n\n\n\n<figure class=\"wp-block-image size-medium\"><a href=\"https:\/\/i0.wp.com\/rj-engineering.com\/wp-content\/uploads\/2022\/01\/20190610_205025-scaled.jpg?ssl=1\"><img data-recalc-dims=\"1\" loading=\"lazy\" decoding=\"async\" width=\"300\" height=\"225\" data-id=\"644\" src=\"https:\/\/i0.wp.com\/rj-engineering.com\/wp-content\/uploads\/2022\/01\/20190610_205025.jpg?resize=300%2C225&#038;ssl=1\" alt=\"\" class=\"wp-image-644\" srcset=\"https:\/\/i0.wp.com\/rj-engineering.com\/wp-content\/uploads\/2022\/01\/20190610_205025-scaled.jpg?resize=300%2C225&amp;ssl=1 300w, https:\/\/i0.wp.com\/rj-engineering.com\/wp-content\/uploads\/2022\/01\/20190610_205025-scaled.jpg?resize=1024%2C768&amp;ssl=1 1024w, https:\/\/i0.wp.com\/rj-engineering.com\/wp-content\/uploads\/2022\/01\/20190610_205025-scaled.jpg?resize=768%2C576&amp;ssl=1 768w, https:\/\/i0.wp.com\/rj-engineering.com\/wp-content\/uploads\/2022\/01\/20190610_205025-scaled.jpg?resize=1536%2C1152&amp;ssl=1 1536w, https:\/\/i0.wp.com\/rj-engineering.com\/wp-content\/uploads\/2022\/01\/20190610_205025-scaled.jpg?resize=2048%2C1536&amp;ssl=1 2048w, https:\/\/i0.wp.com\/rj-engineering.com\/wp-content\/uploads\/2022\/01\/20190610_205025-scaled.jpg?resize=16%2C12&amp;ssl=1 16w, https:\/\/i0.wp.com\/rj-engineering.com\/wp-content\/uploads\/2022\/01\/20190610_205025-scaled.jpg?resize=1140%2C855&amp;ssl=1 1140w, https:\/\/i0.wp.com\/rj-engineering.com\/wp-content\/uploads\/2022\/01\/20190610_205025-scaled.jpg?resize=920%2C690&amp;ssl=1 920w, https:\/\/i0.wp.com\/rj-engineering.com\/wp-content\/uploads\/2022\/01\/20190610_205025-scaled.jpg?resize=575%2C431&amp;ssl=1 575w, https:\/\/i0.wp.com\/rj-engineering.com\/wp-content\/uploads\/2022\/01\/20190610_205025-scaled.jpg?resize=380%2C285&amp;ssl=1 380w, https:\/\/i0.wp.com\/rj-engineering.com\/wp-content\/uploads\/2022\/01\/20190610_205025-scaled.jpg?resize=420%2C315&amp;ssl=1 420w, https:\/\/i0.wp.com\/rj-engineering.com\/wp-content\/uploads\/2022\/01\/20190610_205025-scaled.jpg?resize=800%2C600&amp;ssl=1 800w, https:\/\/i0.wp.com\/rj-engineering.com\/wp-content\/uploads\/2022\/01\/20190610_205025-scaled.jpg?w=2280&amp;ssl=1 2280w\" sizes=\"auto, (max-width: 300px) 100vw, 300px\" \/><\/a><figcaption class=\"wp-element-caption\">Varios moldes difusor, nosecone y aleron delantero<\/figcaption><\/figure>\n\n\n\n<figure class=\"wp-block-image size-medium\"><a href=\"https:\/\/i0.wp.com\/rj-engineering.com\/wp-content\/uploads\/2025\/04\/shotgun-carbon-wrapping-e1743718407233.jpeg?ssl=1\"><img data-recalc-dims=\"1\" loading=\"lazy\" decoding=\"async\" width=\"300\" height=\"162\" data-id=\"1018\" src=\"https:\/\/i0.wp.com\/rj-engineering.com\/wp-content\/uploads\/2025\/04\/shotgun-carbon-wrapping-e1743718407233-300x162.jpeg?resize=300%2C162&#038;ssl=1\" alt=\"\" class=\"wp-image-1018\" srcset=\"https:\/\/i0.wp.com\/rj-engineering.com\/wp-content\/uploads\/2025\/04\/shotgun-carbon-wrapping-e1743718407233.jpeg?resize=300%2C162&amp;ssl=1 300w, https:\/\/i0.wp.com\/rj-engineering.com\/wp-content\/uploads\/2025\/04\/shotgun-carbon-wrapping-e1743718407233.jpeg?resize=18%2C10&amp;ssl=1 18w, https:\/\/i0.wp.com\/rj-engineering.com\/wp-content\/uploads\/2025\/04\/shotgun-carbon-wrapping-e1743718407233.jpeg?resize=575%2C310&amp;ssl=1 575w, https:\/\/i0.wp.com\/rj-engineering.com\/wp-content\/uploads\/2025\/04\/shotgun-carbon-wrapping-e1743718407233.jpeg?resize=380%2C205&amp;ssl=1 380w, https:\/\/i0.wp.com\/rj-engineering.com\/wp-content\/uploads\/2025\/04\/shotgun-carbon-wrapping-e1743718407233.jpeg?resize=420%2C227&amp;ssl=1 420w, https:\/\/i0.wp.com\/rj-engineering.com\/wp-content\/uploads\/2025\/04\/shotgun-carbon-wrapping-e1743718407233.jpeg?w=584&amp;ssl=1 584w\" sizes=\"auto, (max-width: 300px) 100vw, 300px\" \/><\/a><figcaption class=\"wp-element-caption\">Culata escopeta forrada en carbono<\/figcaption><\/figure>\n\n\n\n<figure class=\"wp-block-image size-medium\"><a href=\"https:\/\/i0.wp.com\/rj-engineering.com\/wp-content\/uploads\/2025\/04\/steeringWheelSkinning-edited.jpg?ssl=1\"><img data-recalc-dims=\"1\" loading=\"lazy\" decoding=\"async\" width=\"300\" height=\"225\" data-id=\"1033\" src=\"https:\/\/i0.wp.com\/rj-engineering.com\/wp-content\/uploads\/2025\/04\/steeringWheelSkinning-edited-300x225.jpg?resize=300%2C225&#038;ssl=1\" alt=\"\" class=\"wp-image-1033\" srcset=\"https:\/\/i0.wp.com\/rj-engineering.com\/wp-content\/uploads\/2025\/04\/steeringWheelSkinning-edited.jpg?resize=300%2C225&amp;ssl=1 300w, https:\/\/i0.wp.com\/rj-engineering.com\/wp-content\/uploads\/2025\/04\/steeringWheelSkinning-edited.jpg?resize=16%2C12&amp;ssl=1 16w, https:\/\/i0.wp.com\/rj-engineering.com\/wp-content\/uploads\/2025\/04\/steeringWheelSkinning-edited.jpg?resize=575%2C431&amp;ssl=1 575w, https:\/\/i0.wp.com\/rj-engineering.com\/wp-content\/uploads\/2025\/04\/steeringWheelSkinning-edited.jpg?resize=380%2C285&amp;ssl=1 380w, https:\/\/i0.wp.com\/rj-engineering.com\/wp-content\/uploads\/2025\/04\/steeringWheelSkinning-edited.jpg?resize=420%2C315&amp;ssl=1 420w, https:\/\/i0.wp.com\/rj-engineering.com\/wp-content\/uploads\/2025\/04\/steeringWheelSkinning-edited.jpg?w=614&amp;ssl=1 614w\" sizes=\"auto, (max-width: 300px) 100vw, 300px\" \/><\/a><figcaption class=\"wp-element-caption\">Volante BMW e46<\/figcaption><\/figure>\n\n\n\n<figure class=\"wp-block-image size-medium\"><a href=\"https:\/\/i0.wp.com\/rj-engineering.com\/wp-content\/uploads\/2025\/04\/carbon-airbox.jpg?ssl=1\"><img data-recalc-dims=\"1\" loading=\"lazy\" decoding=\"async\" width=\"300\" height=\"225\" data-id=\"1021\" src=\"https:\/\/i0.wp.com\/rj-engineering.com\/wp-content\/uploads\/2025\/04\/carbon-airbox.jpg?resize=300%2C225&#038;ssl=1\" alt=\"\" class=\"wp-image-1021\" srcset=\"https:\/\/i0.wp.com\/rj-engineering.com\/wp-content\/uploads\/2025\/04\/carbon-airbox.jpg?resize=300%2C225&amp;ssl=1 300w, https:\/\/i0.wp.com\/rj-engineering.com\/wp-content\/uploads\/2025\/04\/carbon-airbox.jpg?resize=768%2C577&amp;ssl=1 768w, https:\/\/i0.wp.com\/rj-engineering.com\/wp-content\/uploads\/2025\/04\/carbon-airbox.jpg?resize=16%2C12&amp;ssl=1 16w, https:\/\/i0.wp.com\/rj-engineering.com\/wp-content\/uploads\/2025\/04\/carbon-airbox.jpg?resize=920%2C691&amp;ssl=1 920w, https:\/\/i0.wp.com\/rj-engineering.com\/wp-content\/uploads\/2025\/04\/carbon-airbox.jpg?resize=575%2C432&amp;ssl=1 575w, https:\/\/i0.wp.com\/rj-engineering.com\/wp-content\/uploads\/2025\/04\/carbon-airbox.jpg?resize=380%2C285&amp;ssl=1 380w, https:\/\/i0.wp.com\/rj-engineering.com\/wp-content\/uploads\/2025\/04\/carbon-airbox.jpg?resize=420%2C315&amp;ssl=1 420w, https:\/\/i0.wp.com\/rj-engineering.com\/wp-content\/uploads\/2025\/04\/carbon-airbox.jpg?resize=800%2C601&amp;ssl=1 800w, https:\/\/i0.wp.com\/rj-engineering.com\/wp-content\/uploads\/2025\/04\/carbon-airbox.jpg?w=1023&amp;ssl=1 1023w\" sizes=\"auto, (max-width: 300px) 100vw, 300px\" \/><\/a><figcaption class=\"wp-element-caption\">Plenum parte baja Nissan V6 <\/figcaption><\/figure>\n\n\n\n<figure class=\"wp-block-image size-medium\"><a href=\"https:\/\/i0.wp.com\/rj-engineering.com\/wp-content\/uploads\/2025\/11\/molduras-carbono.jpg?ssl=1\"><img data-recalc-dims=\"1\" loading=\"lazy\" decoding=\"async\" width=\"300\" height=\"132\" data-id=\"1079\" src=\"https:\/\/i0.wp.com\/rj-engineering.com\/wp-content\/uploads\/2025\/11\/molduras-carbono.jpg?resize=300%2C132&#038;ssl=1\" alt=\"\" class=\"wp-image-1079\" srcset=\"https:\/\/i0.wp.com\/rj-engineering.com\/wp-content\/uploads\/2025\/11\/molduras-carbono.jpg?resize=300%2C132&amp;ssl=1 300w, https:\/\/i0.wp.com\/rj-engineering.com\/wp-content\/uploads\/2025\/11\/molduras-carbono.jpg?resize=1024%2C450&amp;ssl=1 1024w, https:\/\/i0.wp.com\/rj-engineering.com\/wp-content\/uploads\/2025\/11\/molduras-carbono.jpg?resize=768%2C337&amp;ssl=1 768w, https:\/\/i0.wp.com\/rj-engineering.com\/wp-content\/uploads\/2025\/11\/molduras-carbono.jpg?resize=18%2C8&amp;ssl=1 18w, https:\/\/i0.wp.com\/rj-engineering.com\/wp-content\/uploads\/2025\/11\/molduras-carbono.jpg?resize=1140%2C501&amp;ssl=1 1140w, https:\/\/i0.wp.com\/rj-engineering.com\/wp-content\/uploads\/2025\/11\/molduras-carbono.jpg?resize=920%2C404&amp;ssl=1 920w, https:\/\/i0.wp.com\/rj-engineering.com\/wp-content\/uploads\/2025\/11\/molduras-carbono.jpg?resize=575%2C253&amp;ssl=1 575w, https:\/\/i0.wp.com\/rj-engineering.com\/wp-content\/uploads\/2025\/11\/molduras-carbono.jpg?resize=380%2C167&amp;ssl=1 380w, https:\/\/i0.wp.com\/rj-engineering.com\/wp-content\/uploads\/2025\/11\/molduras-carbono.jpg?resize=420%2C184&amp;ssl=1 420w, https:\/\/i0.wp.com\/rj-engineering.com\/wp-content\/uploads\/2025\/11\/molduras-carbono.jpg?resize=800%2C351&amp;ssl=1 800w, https:\/\/i0.wp.com\/rj-engineering.com\/wp-content\/uploads\/2025\/11\/molduras-carbono.jpg?w=1366&amp;ssl=1 1366w\" sizes=\"auto, (max-width: 300px) 100vw, 300px\" \/><\/a><figcaption class=\"wp-element-caption\">Molduras luz antiniebla<\/figcaption><\/figure>\n\n\n\n<figure class=\"wp-block-image size-medium\"><a href=\"https:\/\/i0.wp.com\/rj-engineering.com\/wp-content\/uploads\/2025\/11\/molduras-carbono-2.jpg?ssl=1\"><img data-recalc-dims=\"1\" loading=\"lazy\" decoding=\"async\" width=\"300\" height=\"132\" data-id=\"1078\" src=\"https:\/\/i0.wp.com\/rj-engineering.com\/wp-content\/uploads\/2025\/11\/molduras-carbono-2.jpg?resize=300%2C132&#038;ssl=1\" alt=\"\" class=\"wp-image-1078\" srcset=\"https:\/\/i0.wp.com\/rj-engineering.com\/wp-content\/uploads\/2025\/11\/molduras-carbono-2.jpg?resize=300%2C132&amp;ssl=1 300w, https:\/\/i0.wp.com\/rj-engineering.com\/wp-content\/uploads\/2025\/11\/molduras-carbono-2.jpg?resize=1024%2C450&amp;ssl=1 1024w, https:\/\/i0.wp.com\/rj-engineering.com\/wp-content\/uploads\/2025\/11\/molduras-carbono-2.jpg?resize=768%2C337&amp;ssl=1 768w, https:\/\/i0.wp.com\/rj-engineering.com\/wp-content\/uploads\/2025\/11\/molduras-carbono-2.jpg?resize=18%2C8&amp;ssl=1 18w, https:\/\/i0.wp.com\/rj-engineering.com\/wp-content\/uploads\/2025\/11\/molduras-carbono-2.jpg?resize=1140%2C501&amp;ssl=1 1140w, https:\/\/i0.wp.com\/rj-engineering.com\/wp-content\/uploads\/2025\/11\/molduras-carbono-2.jpg?resize=920%2C404&amp;ssl=1 920w, https:\/\/i0.wp.com\/rj-engineering.com\/wp-content\/uploads\/2025\/11\/molduras-carbono-2.jpg?resize=575%2C253&amp;ssl=1 575w, https:\/\/i0.wp.com\/rj-engineering.com\/wp-content\/uploads\/2025\/11\/molduras-carbono-2.jpg?resize=380%2C167&amp;ssl=1 380w, https:\/\/i0.wp.com\/rj-engineering.com\/wp-content\/uploads\/2025\/11\/molduras-carbono-2.jpg?resize=420%2C184&amp;ssl=1 420w, https:\/\/i0.wp.com\/rj-engineering.com\/wp-content\/uploads\/2025\/11\/molduras-carbono-2.jpg?resize=800%2C351&amp;ssl=1 800w, https:\/\/i0.wp.com\/rj-engineering.com\/wp-content\/uploads\/2025\/11\/molduras-carbono-2.jpg?w=1366&amp;ssl=1 1366w\" sizes=\"auto, (max-width: 300px) 100vw, 300px\" \/><\/a><figcaption class=\"wp-element-caption\">Molduras enbellecedor apertaura puerta<\/figcaption><\/figure>\n<\/figure>\n\n\n\n<p><\/p>\n","protected":false},"excerpt":{"rendered":"<p>RJ Engineering fabrica piezas y productos de fibra de carbono para una amplia gama de industrias. Ya sea que est\u00e9 en deportes de motor o recreaci\u00f3n, nuestros servicios y la [&hellip;]<\/p>\n","protected":false},"author":1,"featured_media":0,"parent":0,"menu_order":0,"comment_status":"closed","ping_status":"closed","template":"","meta":{"footnotes":""},"class_list":["post-570","page","type-page","status-publish","hentry"],"aioseo_notices":[],"jetpack-related-posts":[{"id":593,"url":"https:\/\/rj-engineering.com\/es\/who-we-are\/","url_meta":{"origin":570,"position":0},"title":"Quienes somos y a que nos dedicamos","author":"Rodrigo","date":"enero 4, 2022","format":false,"excerpt":"RJ Ingenier\u00eda es un equipo de ingenieros con larga experiencia en el sector del Motorsport, realizando diferentes trabajos de ingenier\u00eda para particulares y empresas a lo largo de Europa. Estamos ubicados en Madrid, y nuestro negocio principal est\u00e1 dentro de Espa\u00f1a, sin embargo, tenemos clientes en todo Europa y Reino\u2026","rel":"","context":"Entrada similar","block_context":{"text":"Entrada similar","link":""},"img":{"alt_text":"","src":"https:\/\/i0.wp.com\/rj-engineering.com\/wp-content\/uploads\/2025\/04\/cableado-motorsport.jpg?resize=350%2C200","width":350,"height":200,"srcset":"https:\/\/i0.wp.com\/rj-engineering.com\/wp-content\/uploads\/2025\/04\/cableado-motorsport.jpg?resize=350%2C200 1x, https:\/\/i0.wp.com\/rj-engineering.com\/wp-content\/uploads\/2025\/04\/cableado-motorsport.jpg?resize=525%2C300 1.5x"},"classes":[]},{"id":362,"url":"https:\/\/rj-engineering.com\/es\/","url_meta":{"origin":570,"position":1},"title":"Servicios de Ingenier\u00eda y Motorsport","author":"Rodrigo","date":"agosto 17, 2021","format":false,"excerpt":"Servicios de Ingenier\u00eda a Precios de Calidad Impresi\u00f3n 3D y escaneo laser Dise\u00f1o y Analisis 3D Reprogramacion centralitas Soldadura TIG & MIG Dise\u00f1o PCB y placas electronicas Fabricaci\u00f3n y forrado de Fibra de Carbono Restauracion clasicos CNC\/Torno Mecanizado Servicios Motorsport Servicios que ofrecemos","rel":"","context":"Entrada similar","block_context":{"text":"Entrada similar","link":""},"img":{"alt_text":"","src":"","width":0,"height":0},"classes":[]},{"id":502,"url":"https:\/\/rj-engineering.com\/es\/reverse-engineering-analysis\/","url_meta":{"origin":570,"position":2},"title":"An\u00e1lisis de ingenier\u00eda inversa","author":"Rodrigo","date":"enero 2, 2022","format":false,"excerpt":"A menudo, el escaneo laser se utiliza para ingenier\u00eda inversa o verificaci\u00f3n de piezas de fabricaci\u00f3n. En esta aplicaci\u00f3n, escaneamos eun encapsulado electronico para generar un modelo CAD para posteriormente verificar las dimensiones con el encapsulado fisico original. La precisi\u00f3n dimensional del escaneo laser es fundamental para eliminar la ambig\u00fcedad\u2026","rel":"","context":"Entrada similar","block_context":{"text":"Entrada similar","link":""},"img":{"alt_text":"","src":"https:\/\/i0.wp.com\/rj-engineering.com\/wp-content\/uploads\/2022\/01\/image.jpg?resize=350%2C200&ssl=1","width":350,"height":200,"srcset":"https:\/\/i0.wp.com\/rj-engineering.com\/wp-content\/uploads\/2022\/01\/image.jpg?resize=350%2C200&ssl=1 1x, https:\/\/i0.wp.com\/rj-engineering.com\/wp-content\/uploads\/2022\/01\/image.jpg?resize=525%2C300&ssl=1 1.5x, https:\/\/i0.wp.com\/rj-engineering.com\/wp-content\/uploads\/2022\/01\/image.jpg?resize=700%2C400&ssl=1 2x, https:\/\/i0.wp.com\/rj-engineering.com\/wp-content\/uploads\/2022\/01\/image.jpg?resize=1050%2C600&ssl=1 3x, https:\/\/i0.wp.com\/rj-engineering.com\/wp-content\/uploads\/2022\/01\/image.jpg?resize=1400%2C800&ssl=1 4x"},"classes":[]},{"id":3,"url":"https:\/\/rj-engineering.com\/es\/privacy-policy\/","url_meta":{"origin":570,"position":3},"title":"Pol\u00edtica de Privacidad","author":"Rodrigo","date":"diciembre 21, 2021","format":false,"excerpt":"Quienes somos Nuestro sitio web es: https:\/\/rj-engineering.com. Comentarios Cuando los visitantes dejan comentarios en el sitio, recopilamos los datos que se muestran en el formulario de comentarios, y tambi\u00e9n la direcci\u00f3n IP del visitante y la cadena del agente de usuario del navegador para ayudar a la detecci\u00f3n de spam.\u2026","rel":"","context":"Entrada similar","block_context":{"text":"Entrada similar","link":""},"img":{"alt_text":"","src":"","width":0,"height":0},"classes":[]},{"id":14,"url":"https:\/\/rj-engineering.com\/es\/refund_returns\/","url_meta":{"origin":570,"position":4},"title":"Pol\u00edtica de devoluciones y reembolsos","author":"Rodrigo","date":"enero 4, 2022","format":false,"excerpt":"Nuestra pol\u00edtica de reembolso y devoluciones tiene una duraci\u00f3n de 15 d\u00edas desde el env\u00edo de la mercanc\u00eda. Si han pasado 15 d\u00edas desde que la mercanc\u00eda sali\u00f3 de nuestro taller, no podemos ofrecerle un reembolso completo o un cambio. Para ser elegible para una devoluci\u00f3n, su art\u00edculo tiene que\u2026","rel":"","context":"Entrada similar","block_context":{"text":"Entrada similar","link":""},"img":{"alt_text":"","src":"","width":0,"height":0},"classes":[]}],"jetpack_sharing_enabled":true,"_links":{"self":[{"href":"https:\/\/rj-engineering.com\/es\/wp-json\/wp\/v2\/pages\/570","targetHints":{"allow":["GET"]}}],"collection":[{"href":"https:\/\/rj-engineering.com\/es\/wp-json\/wp\/v2\/pages"}],"about":[{"href":"https:\/\/rj-engineering.com\/es\/wp-json\/wp\/v2\/types\/page"}],"author":[{"embeddable":true,"href":"https:\/\/rj-engineering.com\/es\/wp-json\/wp\/v2\/users\/1"}],"replies":[{"embeddable":true,"href":"https:\/\/rj-engineering.com\/es\/wp-json\/wp\/v2\/comments?post=570"}],"version-history":[{"count":7,"href":"https:\/\/rj-engineering.com\/es\/wp-json\/wp\/v2\/pages\/570\/revisions"}],"predecessor-version":[{"id":1084,"href":"https:\/\/rj-engineering.com\/es\/wp-json\/wp\/v2\/pages\/570\/revisions\/1084"}],"wp:attachment":[{"href":"https:\/\/rj-engineering.com\/es\/wp-json\/wp\/v2\/media?parent=570"}],"curies":[{"name":"wp","href":"https:\/\/api.w.org\/{rel}","templated":true}]}}