{"id":593,"date":"2022-01-04T13:18:27","date_gmt":"2022-01-04T12:18:27","guid":{"rendered":"https:\/\/rj-engineering.com\/?page_id=593"},"modified":"2025-05-17T23:08:50","modified_gmt":"2025-05-17T22:08:50","slug":"who-we-are","status":"publish","type":"page","link":"https:\/\/rj-engineering.com\/es\/who-we-are\/","title":{"rendered":"Quienes somos y a que nos dedicamos"},"content":{"rendered":"\n<p id=\"tw-target-text\">RJ Ingenier\u00eda es un equipo de ingenieros con larga experiencia en el sector del Motorsport, realizando diferentes trabajos de ingenier\u00eda para particulares y empresas a lo largo de Europa.<\/p>\n\n\n\n<p id=\"tw-target-text\">Estamos ubicados en Madrid, y nuestro negocio principal est\u00e1 dentro de Espa\u00f1a, sin embargo, tenemos clientes en todo Europa y Reino Unido.<\/p>\n\n\n\n<p id=\"tw-target-text\">Hemos creado esta tienda Web, principalmente para dar servicios en el \u00c1rea 3D y Mecanizado de Metal\/Madera, ya que contamos con un equipo de m\u00e1quinas impresoras de alta calidad que utilizamos para prototipar las piezas y un par de m\u00e1quinas CNC con una precisi\u00f3n de 0,01 mm.<\/p>\n\n\n\n<p id=\"tw-target-text\">Estas son algunas de las \u00e1reas en las que tenemos experiencia:<\/p>\n\n\n\n<ul class=\"wp-block-list\">\n<li>Dise\u00f1o 3d para fabricaci\u00f3n en diferentes materiales. <\/li>\n\n\n\n<li>Escaneo 3D a producci\u00f3n CNC. <\/li>\n\n\n\n<li>An\u00e1lisis de tensi\u00f3n\/torsion y an\u00e1lisis aerodin\u00e1mico con el software Solidworks <\/li>\n\n\n\n<li>Puesta a punto y mantenimiento de coches de competici\u00f3n. <\/li>\n\n\n\n<li>Dise\u00f1o de cableado para coches de competicion, trabajando con los mejores materiales aeroespaciales incluidos Raychem DR-25 y cables y conectores Mil Spec. <\/li>\n\n\n\n<li>Electr\u00f3nica en general, dise\u00f1amos y comercializamos m\u00f3dulos de distribuci\u00f3n de energ\u00eda Racing capaces de manejar 200 amperios con 8 o m\u00e1s salidas de alimentaci\u00f3n individuales capaces de manejar 20 amperios y n\u00famero configurable de entradas, controlados por un microcontrolador PIC e interruptores de potencia automotrices <em>Infinion Smart<\/em>. <\/li>\n\n\n\n<li>Soldadura TIG en diferentes materiales como Aluminio, Acero, Acero Inoxidable y Titanio. <\/li>\n\n\n\n<li>Reconstrucci\u00f3n de motor\/caja de cambios de carreras.<\/li>\n\n\n\n<li>Restauracion de vehiculos clasicos mecanica, interiores, chapa, expecialista en coches americanos, facilidad de conseguir repuestos a bajo coste de impuestos.<\/li>\n\n\n\n<li>Reprogramacion de centralitas, trabajamos con la reconocida empresa ecumap que proporciona las diferentes repro posibles Stage 1, 2 o 3, EGR, AddBlue, DPF limitador etc&#8230; <\/li>\n<\/ul>\n\n\n\n<figure class=\"wp-block-gallery alignwide has-nested-images columns-default is-cropped wp-block-gallery-1 is-layout-flex wp-block-gallery-is-layout-flex\">\n<figure class=\"wp-block-image size-full\"><a href=\"https:\/\/i0.wp.com\/rj-engineering.com\/wp-content\/uploads\/2025\/04\/cableado-motorsport.jpg?ssl=1\"><img data-recalc-dims=\"1\" loading=\"lazy\" decoding=\"async\" width=\"577\" height=\"768\" data-id=\"1037\" src=\"https:\/\/i0.wp.com\/rj-engineering.com\/wp-content\/uploads\/2025\/04\/cableado-motorsport.jpg?resize=577%2C768&#038;ssl=1\" alt=\"\" class=\"wp-image-1037\" srcset=\"https:\/\/i0.wp.com\/rj-engineering.com\/wp-content\/uploads\/2025\/04\/cableado-motorsport.jpg?w=577&amp;ssl=1 577w, https:\/\/i0.wp.com\/rj-engineering.com\/wp-content\/uploads\/2025\/04\/cableado-motorsport.jpg?resize=225%2C300&amp;ssl=1 225w, https:\/\/i0.wp.com\/rj-engineering.com\/wp-content\/uploads\/2025\/04\/cableado-motorsport.jpg?resize=9%2C12&amp;ssl=1 9w, https:\/\/i0.wp.com\/rj-engineering.com\/wp-content\/uploads\/2025\/04\/cableado-motorsport.jpg?resize=575%2C765&amp;ssl=1 575w, https:\/\/i0.wp.com\/rj-engineering.com\/wp-content\/uploads\/2025\/04\/cableado-motorsport.jpg?resize=380%2C506&amp;ssl=1 380w, https:\/\/i0.wp.com\/rj-engineering.com\/wp-content\/uploads\/2025\/04\/cableado-motorsport.jpg?resize=420%2C559&amp;ssl=1 420w\" sizes=\"auto, (max-width: 577px) 100vw, 577px\" \/><\/a><figcaption class=\"wp-element-caption\">Cableado Motorsport<\/figcaption><\/figure>\n\n\n\n<figure class=\"wp-block-image size-full\"><a href=\"https:\/\/i0.wp.com\/rj-engineering.com\/wp-content\/uploads\/2022\/01\/Flow-Trajectories-1.jpg?ssl=1\"><img data-recalc-dims=\"1\" loading=\"lazy\" decoding=\"async\" width=\"1094\" height=\"441\" data-id=\"648\" src=\"https:\/\/i0.wp.com\/rj-engineering.com\/wp-content\/uploads\/2022\/01\/Flow-Trajectories-1.jpg?resize=1094%2C441&#038;ssl=1\" alt=\"\" class=\"wp-image-648\" srcset=\"https:\/\/i0.wp.com\/rj-engineering.com\/wp-content\/uploads\/2022\/01\/Flow-Trajectories-1.jpg?w=1094&amp;ssl=1 1094w, https:\/\/i0.wp.com\/rj-engineering.com\/wp-content\/uploads\/2022\/01\/Flow-Trajectories-1.jpg?resize=300%2C121&amp;ssl=1 300w, https:\/\/i0.wp.com\/rj-engineering.com\/wp-content\/uploads\/2022\/01\/Flow-Trajectories-1.jpg?resize=1024%2C413&amp;ssl=1 1024w, https:\/\/i0.wp.com\/rj-engineering.com\/wp-content\/uploads\/2022\/01\/Flow-Trajectories-1.jpg?resize=768%2C310&amp;ssl=1 768w, https:\/\/i0.wp.com\/rj-engineering.com\/wp-content\/uploads\/2022\/01\/Flow-Trajectories-1.jpg?resize=18%2C7&amp;ssl=1 18w, https:\/\/i0.wp.com\/rj-engineering.com\/wp-content\/uploads\/2022\/01\/Flow-Trajectories-1.jpg?resize=920%2C371&amp;ssl=1 920w, https:\/\/i0.wp.com\/rj-engineering.com\/wp-content\/uploads\/2022\/01\/Flow-Trajectories-1.jpg?resize=575%2C232&amp;ssl=1 575w, https:\/\/i0.wp.com\/rj-engineering.com\/wp-content\/uploads\/2022\/01\/Flow-Trajectories-1.jpg?resize=380%2C153&amp;ssl=1 380w, https:\/\/i0.wp.com\/rj-engineering.com\/wp-content\/uploads\/2022\/01\/Flow-Trajectories-1.jpg?resize=420%2C169&amp;ssl=1 420w, https:\/\/i0.wp.com\/rj-engineering.com\/wp-content\/uploads\/2022\/01\/Flow-Trajectories-1.jpg?resize=800%2C322&amp;ssl=1 800w\" sizes=\"auto, (max-width: 1094px) 100vw, 1094px\" \/><\/a><figcaption class=\"wp-element-caption\">Analisis aerodinamico de alearon delantero <em>end plates<\/em><\/figcaption><\/figure>\n\n\n\n<figure class=\"wp-block-image size-full\"><a href=\"https:\/\/i0.wp.com\/rj-engineering.com\/wp-content\/uploads\/2022\/01\/2019-11-24-17.07.14-scaled.jpg?ssl=1\"><img data-recalc-dims=\"1\" loading=\"lazy\" decoding=\"async\" width=\"1140\" height=\"1520\" data-id=\"626\" src=\"https:\/\/i0.wp.com\/rj-engineering.com\/wp-content\/uploads\/2022\/01\/2019-11-24-17.07.14-scaled.jpg?resize=1140%2C1520&#038;ssl=1\" alt=\"\" class=\"wp-image-626\" srcset=\"https:\/\/i0.wp.com\/rj-engineering.com\/wp-content\/uploads\/2022\/01\/2019-11-24-17.07.14-scaled.jpg?w=1920&amp;ssl=1 1920w, https:\/\/i0.wp.com\/rj-engineering.com\/wp-content\/uploads\/2022\/01\/2019-11-24-17.07.14-scaled.jpg?resize=225%2C300&amp;ssl=1 225w, https:\/\/i0.wp.com\/rj-engineering.com\/wp-content\/uploads\/2022\/01\/2019-11-24-17.07.14-scaled.jpg?resize=768%2C1024&amp;ssl=1 768w, https:\/\/i0.wp.com\/rj-engineering.com\/wp-content\/uploads\/2022\/01\/2019-11-24-17.07.14-scaled.jpg?resize=1152%2C1536&amp;ssl=1 1152w, https:\/\/i0.wp.com\/rj-engineering.com\/wp-content\/uploads\/2022\/01\/2019-11-24-17.07.14-scaled.jpg?resize=1536%2C2048&amp;ssl=1 1536w, https:\/\/i0.wp.com\/rj-engineering.com\/wp-content\/uploads\/2022\/01\/2019-11-24-17.07.14-scaled.jpg?resize=9%2C12&amp;ssl=1 9w, https:\/\/i0.wp.com\/rj-engineering.com\/wp-content\/uploads\/2022\/01\/2019-11-24-17.07.14-scaled.jpg?resize=1140%2C1520&amp;ssl=1 1140w, https:\/\/i0.wp.com\/rj-engineering.com\/wp-content\/uploads\/2022\/01\/2019-11-24-17.07.14-scaled.jpg?resize=920%2C1227&amp;ssl=1 920w, https:\/\/i0.wp.com\/rj-engineering.com\/wp-content\/uploads\/2022\/01\/2019-11-24-17.07.14-scaled.jpg?resize=575%2C767&amp;ssl=1 575w, https:\/\/i0.wp.com\/rj-engineering.com\/wp-content\/uploads\/2022\/01\/2019-11-24-17.07.14-scaled.jpg?resize=380%2C507&amp;ssl=1 380w, https:\/\/i0.wp.com\/rj-engineering.com\/wp-content\/uploads\/2022\/01\/2019-11-24-17.07.14-scaled.jpg?resize=420%2C560&amp;ssl=1 420w, https:\/\/i0.wp.com\/rj-engineering.com\/wp-content\/uploads\/2022\/01\/2019-11-24-17.07.14-scaled.jpg?resize=800%2C1067&amp;ssl=1 800w\" sizes=\"auto, (max-width: 1140px) 100vw, 1140px\" \/><\/a><figcaption class=\"wp-element-caption\">Rebuild motor Solution F V6 <\/figcaption><\/figure>\n\n\n\n<figure class=\"wp-block-image size-full\"><a href=\"https:\/\/i0.wp.com\/rj-engineering.com\/wp-content\/uploads\/2022\/01\/2019-10-10-21.43.31-scaled.jpg?ssl=1\"><img data-recalc-dims=\"1\" loading=\"lazy\" decoding=\"async\" width=\"1140\" height=\"855\" data-id=\"627\" src=\"https:\/\/i0.wp.com\/rj-engineering.com\/wp-content\/uploads\/2022\/01\/2019-10-10-21.43.31-scaled.jpg?resize=1140%2C855&#038;ssl=1\" alt=\"\" class=\"wp-image-627\" srcset=\"https:\/\/i0.wp.com\/rj-engineering.com\/wp-content\/uploads\/2022\/01\/2019-10-10-21.43.31-scaled.jpg?w=2560&amp;ssl=1 2560w, https:\/\/i0.wp.com\/rj-engineering.com\/wp-content\/uploads\/2022\/01\/2019-10-10-21.43.31-scaled.jpg?resize=300%2C225&amp;ssl=1 300w, https:\/\/i0.wp.com\/rj-engineering.com\/wp-content\/uploads\/2022\/01\/2019-10-10-21.43.31-scaled.jpg?resize=1024%2C768&amp;ssl=1 1024w, https:\/\/i0.wp.com\/rj-engineering.com\/wp-content\/uploads\/2022\/01\/2019-10-10-21.43.31-scaled.jpg?resize=768%2C576&amp;ssl=1 768w, https:\/\/i0.wp.com\/rj-engineering.com\/wp-content\/uploads\/2022\/01\/2019-10-10-21.43.31-scaled.jpg?resize=1536%2C1152&amp;ssl=1 1536w, https:\/\/i0.wp.com\/rj-engineering.com\/wp-content\/uploads\/2022\/01\/2019-10-10-21.43.31-scaled.jpg?resize=2048%2C1536&amp;ssl=1 2048w, https:\/\/i0.wp.com\/rj-engineering.com\/wp-content\/uploads\/2022\/01\/2019-10-10-21.43.31-scaled.jpg?resize=16%2C12&amp;ssl=1 16w, https:\/\/i0.wp.com\/rj-engineering.com\/wp-content\/uploads\/2022\/01\/2019-10-10-21.43.31-scaled.jpg?resize=1140%2C855&amp;ssl=1 1140w, https:\/\/i0.wp.com\/rj-engineering.com\/wp-content\/uploads\/2022\/01\/2019-10-10-21.43.31-scaled.jpg?resize=920%2C690&amp;ssl=1 920w, https:\/\/i0.wp.com\/rj-engineering.com\/wp-content\/uploads\/2022\/01\/2019-10-10-21.43.31-scaled.jpg?resize=575%2C431&amp;ssl=1 575w, https:\/\/i0.wp.com\/rj-engineering.com\/wp-content\/uploads\/2022\/01\/2019-10-10-21.43.31-scaled.jpg?resize=380%2C285&amp;ssl=1 380w, https:\/\/i0.wp.com\/rj-engineering.com\/wp-content\/uploads\/2022\/01\/2019-10-10-21.43.31-scaled.jpg?resize=420%2C315&amp;ssl=1 420w, https:\/\/i0.wp.com\/rj-engineering.com\/wp-content\/uploads\/2022\/01\/2019-10-10-21.43.31-scaled.jpg?resize=800%2C600&amp;ssl=1 800w, https:\/\/i0.wp.com\/rj-engineering.com\/wp-content\/uploads\/2022\/01\/2019-10-10-21.43.31-scaled.jpg?w=2280&amp;ssl=1 2280w\" sizes=\"auto, (max-width: 1140px) 100vw, 1140px\" \/><\/a><figcaption class=\"wp-element-caption\">special socket para tuerca central de ruedas en un lola f3000 <\/figcaption><\/figure>\n\n\n\n<figure class=\"wp-block-image size-full\"><a href=\"https:\/\/i0.wp.com\/rj-engineering.com\/wp-content\/uploads\/2022\/01\/20190610_205025-scaled.jpg?ssl=1\"><img data-recalc-dims=\"1\" loading=\"lazy\" decoding=\"async\" width=\"1140\" height=\"855\" data-id=\"644\" src=\"https:\/\/i0.wp.com\/rj-engineering.com\/wp-content\/uploads\/2022\/01\/20190610_205025-scaled.jpg?resize=1140%2C855&#038;ssl=1\" alt=\"\" class=\"wp-image-644\" srcset=\"https:\/\/i0.wp.com\/rj-engineering.com\/wp-content\/uploads\/2022\/01\/20190610_205025-scaled.jpg?w=2560&amp;ssl=1 2560w, https:\/\/i0.wp.com\/rj-engineering.com\/wp-content\/uploads\/2022\/01\/20190610_205025-scaled.jpg?resize=300%2C225&amp;ssl=1 300w, https:\/\/i0.wp.com\/rj-engineering.com\/wp-content\/uploads\/2022\/01\/20190610_205025-scaled.jpg?resize=1024%2C768&amp;ssl=1 1024w, https:\/\/i0.wp.com\/rj-engineering.com\/wp-content\/uploads\/2022\/01\/20190610_205025-scaled.jpg?resize=768%2C576&amp;ssl=1 768w, https:\/\/i0.wp.com\/rj-engineering.com\/wp-content\/uploads\/2022\/01\/20190610_205025-scaled.jpg?resize=1536%2C1152&amp;ssl=1 1536w, https:\/\/i0.wp.com\/rj-engineering.com\/wp-content\/uploads\/2022\/01\/20190610_205025-scaled.jpg?resize=2048%2C1536&amp;ssl=1 2048w, https:\/\/i0.wp.com\/rj-engineering.com\/wp-content\/uploads\/2022\/01\/20190610_205025-scaled.jpg?resize=16%2C12&amp;ssl=1 16w, https:\/\/i0.wp.com\/rj-engineering.com\/wp-content\/uploads\/2022\/01\/20190610_205025-scaled.jpg?resize=1140%2C855&amp;ssl=1 1140w, https:\/\/i0.wp.com\/rj-engineering.com\/wp-content\/uploads\/2022\/01\/20190610_205025-scaled.jpg?resize=920%2C690&amp;ssl=1 920w, https:\/\/i0.wp.com\/rj-engineering.com\/wp-content\/uploads\/2022\/01\/20190610_205025-scaled.jpg?resize=575%2C431&amp;ssl=1 575w, https:\/\/i0.wp.com\/rj-engineering.com\/wp-content\/uploads\/2022\/01\/20190610_205025-scaled.jpg?resize=380%2C285&amp;ssl=1 380w, https:\/\/i0.wp.com\/rj-engineering.com\/wp-content\/uploads\/2022\/01\/20190610_205025-scaled.jpg?resize=420%2C315&amp;ssl=1 420w, https:\/\/i0.wp.com\/rj-engineering.com\/wp-content\/uploads\/2022\/01\/20190610_205025-scaled.jpg?resize=800%2C600&amp;ssl=1 800w, https:\/\/i0.wp.com\/rj-engineering.com\/wp-content\/uploads\/2022\/01\/20190610_205025-scaled.jpg?w=2280&amp;ssl=1 2280w\" sizes=\"auto, (max-width: 1140px) 100vw, 1140px\" \/><\/a><figcaption class=\"wp-element-caption\">varios moldes en fibra de vidrio cono nariz, aleron, difusor &#8230;<\/figcaption><\/figure>\n<\/figure>\n\n\n\n<div class=\"wp-block-group\"><div class=\"wp-block-group__inner-container is-layout-flow wp-block-group-is-layout-flow\">\n<div class=\"wp-block-columns is-layout-flex wp-container-core-columns-is-layout-28f84493 wp-block-columns-is-layout-flex\">\n<div class=\"wp-block-column is-layout-flow wp-block-column-is-layout-flow\" style=\"flex-basis:50%\">\n<figure class=\"wp-block-video\"><video height=\"400\" style=\"aspect-ratio: 720 \/ 400;\" width=\"720\" controls src=\"https:\/\/rj-engineering.com\/wp-content\/uploads\/2022\/01\/VID-20210227-WA0001.mp4\"><\/video><figcaption class=\"wp-element-caption\">En medio de una instalacion electrica con nuestra PDU &amp; volante formula AIM y ecu EFI Euro 8 <\/figcaption><\/figure>\n\n\n\n<figure class=\"wp-block-video\"><video height=\"352\" style=\"aspect-ratio: 640 \/ 352;\" width=\"640\" controls src=\"https:\/\/rj-engineering.com\/wp-content\/uploads\/2022\/01\/VID-20200519-WA0021.mp4\"><\/video><figcaption class=\"wp-element-caption\">        Inspeccionando un batch de piezas en 7075 T6 mecanizadas<\/figcaption><\/figure>\n\n\n\n<figure class=\"wp-block-video\"><video controls src=\"https:\/\/rj-engineering.com\/wp-content\/uploads\/2023\/07\/VID_20221028_212440.mp4\"><\/video><figcaption class=\"wp-element-caption\">Comprobando fugas en asientos de valvulas motor BWM M3 S54 <\/figcaption><\/figure>\n<\/div>\n\n\n\n<div class=\"wp-block-column is-layout-flow wp-block-column-is-layout-flow\" style=\"flex-basis:50%\">\n<figure class=\"wp-block-video\"><video height=\"400\" style=\"aspect-ratio: 720 \/ 400;\" width=\"720\" controls src=\"https:\/\/rj-engineering.com\/wp-content\/uploads\/2022\/01\/vid-20210218-wa0001_7PWSLTDu.mp4\"><\/video><figcaption class=\"wp-element-caption\">                              Inspeccionando nuestra PDU<\/figcaption><\/figure>\n\n\n\n<figure class=\"wp-block-video\"><video height=\"720\" style=\"aspect-ratio: 1280 \/ 720;\" width=\"1280\" controls src=\"https:\/\/rj-engineering.com\/wp-content\/uploads\/2022\/01\/VID-20200519-WA0017.mp4\"><\/video><figcaption class=\"wp-element-caption\">Dise\u00f1o stand para calculo de grados de arboles de levas   <\/figcaption><\/figure>\n\n\n\n<figure class=\"wp-block-video\"><video controls src=\"https:\/\/rj-engineering.com\/wp-content\/uploads\/2023\/07\/VID_20221026_205855.mp4\"><\/video><figcaption class=\"wp-element-caption\">Comprobando holgura de arbol de levas en motor BMW M3 S54<\/figcaption><\/figure>\n\n\n\n<p><\/p>\n<\/div>\n<\/div>\n<\/div><\/div>\n\n\n\n<p><\/p>\n","protected":false},"excerpt":{"rendered":"<p>RJ Ingenier\u00eda es un equipo de ingenieros con larga experiencia en el sector del Motorsport, realizando diferentes trabajos de ingenier\u00eda para particulares y empresas a lo largo de Europa. Estamos [&hellip;]<\/p>\n","protected":false},"author":1,"featured_media":0,"parent":0,"menu_order":0,"comment_status":"closed","ping_status":"closed","template":"","meta":{"footnotes":""},"class_list":["post-593","page","type-page","status-publish","hentry"],"aioseo_notices":[],"jetpack-related-posts":[{"id":362,"url":"https:\/\/rj-engineering.com\/es\/","url_meta":{"origin":593,"position":0},"title":"Servicios de Ingenier\u00eda y Motorsport","author":"Rodrigo","date":"agosto 17, 2021","format":false,"excerpt":"Servicios de Ingenier\u00eda a Precios de Calidad Impresi\u00f3n 3D y escaneo laser Dise\u00f1o y Analisis 3D Reprogramacion centralitas Soldadura TIG & MIG Dise\u00f1o PCB y placas electronicas Fabricaci\u00f3n y forrado de Fibra de Carbono Restauracion clasicos CNC\/Torno Mecanizado Servicios Motorsport Servicios que ofrecemos","rel":"","context":"Entrada similar","block_context":{"text":"Entrada similar","link":""},"img":{"alt_text":"","src":"","width":0,"height":0},"classes":[]},{"id":502,"url":"https:\/\/rj-engineering.com\/es\/reverse-engineering-analysis\/","url_meta":{"origin":593,"position":1},"title":"An\u00e1lisis de ingenier\u00eda inversa","author":"Rodrigo","date":"enero 2, 2022","format":false,"excerpt":"A menudo, el escaneo laser se utiliza para ingenier\u00eda inversa o verificaci\u00f3n de piezas de fabricaci\u00f3n. En esta aplicaci\u00f3n, escaneamos eun encapsulado electronico para generar un modelo CAD para posteriormente verificar las dimensiones con el encapsulado fisico original. La precisi\u00f3n dimensional del escaneo laser es fundamental para eliminar la ambig\u00fcedad\u2026","rel":"","context":"Entrada similar","block_context":{"text":"Entrada similar","link":""},"img":{"alt_text":"","src":"https:\/\/i0.wp.com\/rj-engineering.com\/wp-content\/uploads\/2022\/01\/image.jpg?resize=350%2C200&ssl=1","width":350,"height":200,"srcset":"https:\/\/i0.wp.com\/rj-engineering.com\/wp-content\/uploads\/2022\/01\/image.jpg?resize=350%2C200&ssl=1 1x, https:\/\/i0.wp.com\/rj-engineering.com\/wp-content\/uploads\/2022\/01\/image.jpg?resize=525%2C300&ssl=1 1.5x, https:\/\/i0.wp.com\/rj-engineering.com\/wp-content\/uploads\/2022\/01\/image.jpg?resize=700%2C400&ssl=1 2x, https:\/\/i0.wp.com\/rj-engineering.com\/wp-content\/uploads\/2022\/01\/image.jpg?resize=1050%2C600&ssl=1 3x, https:\/\/i0.wp.com\/rj-engineering.com\/wp-content\/uploads\/2022\/01\/image.jpg?resize=1400%2C800&ssl=1 4x"},"classes":[]},{"id":14,"url":"https:\/\/rj-engineering.com\/es\/refund_returns\/","url_meta":{"origin":593,"position":2},"title":"Pol\u00edtica de devoluciones y reembolsos","author":"Rodrigo","date":"enero 4, 2022","format":false,"excerpt":"Nuestra pol\u00edtica de reembolso y devoluciones tiene una duraci\u00f3n de 15 d\u00edas desde el env\u00edo de la mercanc\u00eda. Si han pasado 15 d\u00edas desde que la mercanc\u00eda sali\u00f3 de nuestro taller, no podemos ofrecerle un reembolso completo o un cambio. Para ser elegible para una devoluci\u00f3n, su art\u00edculo tiene que\u2026","rel":"","context":"Entrada similar","block_context":{"text":"Entrada similar","link":""},"img":{"alt_text":"","src":"","width":0,"height":0},"classes":[]},{"id":570,"url":"https:\/\/rj-engineering.com\/es\/composite-works\/","url_meta":{"origin":593,"position":3},"title":"Trabajos con fibra carbono","author":"Rodrigo","date":"enero 3, 2022","format":false,"excerpt":"RJ Engineering fabrica piezas y productos de fibra de carbono para una amplia gama de industrias. Ya sea que est\u00e9 en deportes de motor o recreaci\u00f3n, nuestros servicios y la calidad de nuestros productos no te defraudaran. \u00a1\u00a1\u00a1No esperes y env\u00edanos los detalles de lo que necesites !!! Nuestro principal\u2026","rel":"","context":"Entrada similar","block_context":{"text":"Entrada similar","link":""},"img":{"alt_text":"","src":"https:\/\/i0.wp.com\/rj-engineering.com\/wp-content\/uploads\/2022\/01\/20190610_203108.jpg?resize=350%2C200","width":350,"height":200,"srcset":"https:\/\/i0.wp.com\/rj-engineering.com\/wp-content\/uploads\/2022\/01\/20190610_203108.jpg?resize=350%2C200 1x, https:\/\/i0.wp.com\/rj-engineering.com\/wp-content\/uploads\/2022\/01\/20190610_203108.jpg?resize=525%2C300 1.5x, https:\/\/i0.wp.com\/rj-engineering.com\/wp-content\/uploads\/2022\/01\/20190610_203108.jpg?resize=700%2C400 2x"},"classes":[]}],"jetpack_sharing_enabled":true,"_links":{"self":[{"href":"https:\/\/rj-engineering.com\/es\/wp-json\/wp\/v2\/pages\/593","targetHints":{"allow":["GET"]}}],"collection":[{"href":"https:\/\/rj-engineering.com\/es\/wp-json\/wp\/v2\/pages"}],"about":[{"href":"https:\/\/rj-engineering.com\/es\/wp-json\/wp\/v2\/types\/page"}],"author":[{"embeddable":true,"href":"https:\/\/rj-engineering.com\/es\/wp-json\/wp\/v2\/users\/1"}],"replies":[{"embeddable":true,"href":"https:\/\/rj-engineering.com\/es\/wp-json\/wp\/v2\/comments?post=593"}],"version-history":[{"count":3,"href":"https:\/\/rj-engineering.com\/es\/wp-json\/wp\/v2\/pages\/593\/revisions"}],"predecessor-version":[{"id":1066,"href":"https:\/\/rj-engineering.com\/es\/wp-json\/wp\/v2\/pages\/593\/revisions\/1066"}],"wp:attachment":[{"href":"https:\/\/rj-engineering.com\/es\/wp-json\/wp\/v2\/media?parent=593"}],"curies":[{"name":"wp","href":"https:\/\/api.w.org\/{rel}","templated":true}]}}