{"id":6,"date":"2021-12-21T18:16:35","date_gmt":"2021-12-21T18:16:35","guid":{"rendered":"https:\/\/rj-engineering.com\/?page_id=6"},"modified":"2025-03-13T00:39:17","modified_gmt":"2025-03-12T23:39:17","slug":"contact-us","status":"publish","type":"page","link":"https:\/\/rj-engineering.com\/es\/contact-us\/","title":{"rendered":"Contactanos :)"},"content":{"rendered":"\n<div class=\"wpcf7 no-js\" id=\"wpcf7-f261-o1\" lang=\"en-US\" dir=\"ltr\" data-wpcf7-id=\"261\">\n<div class=\"screen-reader-response\"><p role=\"status\" aria-live=\"polite\" aria-atomic=\"true\"><\/p> <ul><\/ul><\/div>\n<form action=\"\/es\/wp-json\/wp\/v2\/pages\/6#wpcf7-f261-o1\" method=\"post\" class=\"wpcf7-form init\" aria-label=\"Contact form\" enctype=\"multipart\/form-data\" novalidate=\"novalidate\" data-status=\"init\">\n<fieldset class=\"hidden-fields-container\"><input type=\"hidden\" name=\"_wpcf7\" value=\"261\" \/><input type=\"hidden\" name=\"_wpcf7_version\" value=\"6.1.5\" \/><input type=\"hidden\" name=\"_wpcf7_locale\" value=\"en_US\" \/><input type=\"hidden\" name=\"_wpcf7_unit_tag\" value=\"wpcf7-f261-o1\" \/><input type=\"hidden\" name=\"_wpcf7_container_post\" value=\"0\" \/><input type=\"hidden\" name=\"_wpcf7_posted_data_hash\" value=\"\" \/>\n<\/fieldset>\n<div class=\"row\">\n\t<div class=\"col-md-6\">\n\t\t<p style=\"margin-bottom:30px;\"><br \/>\nNombre<br \/>\n<span class=\"wpcf7-form-control-wrap\" data-name=\"your-name\"><input size=\"40\" maxlength=\"400\" class=\"wpcf7-form-control wpcf7-text wpcf7-validates-as-required\" aria-required=\"true\" aria-invalid=\"false\" value=\"\" type=\"text\" name=\"your-name\" \/><\/span>\n\t\t<\/p>\n\t<\/div>\n\t<div class=\"col-md-6\">\n\t\t<p style=\"margin-bottom:30px;\"><br \/>\nEmail<br \/>\n<span class=\"wpcf7-form-control-wrap\" data-name=\"your-email\"><input size=\"40\" maxlength=\"400\" class=\"wpcf7-form-control wpcf7-email wpcf7-validates-as-required wpcf7-text wpcf7-validates-as-email\" aria-required=\"true\" aria-invalid=\"false\" value=\"\" type=\"email\" name=\"your-email\" \/><\/span>\n\t\t<\/p>\n\t<\/div>\n<\/div>\n<p style=\"margin-bottom:30px;\"><br \/>\n<label> Mensaje<br \/>\n<span class=\"wpcf7-form-control-wrap\" data-name=\"your-message\"><textarea cols=\"40\" rows=\"10\" maxlength=\"2000\" class=\"wpcf7-form-control wpcf7-textarea wpcf7-validates-as-required\" aria-required=\"true\" aria-invalid=\"false\" name=\"your-message\"><\/textarea><\/span> <\/label>\n<\/p>\n<p style=\"margin-bottom:30px;\"><br \/>\n<label> Archivos (opcional) (max 25Mb) (formatos .zip|.rar|.jpg|.jpeg|.png|.pdf)<br \/>\n<span class=\"wpcf7-form-control-wrap\" data-name=\"file-259\"><input size=\"40\" class=\"wpcf7-form-control wpcf7-file\" accept=\".zip,.rar,.jpg,.jpeg,.png,.pdf\" aria-invalid=\"false\" type=\"file\" name=\"file-259\" \/><\/span> <\/label><br \/>\n<div id=\"cf7sr-69d82dfaab5e1\" class=\"cf7sr-g-recaptcha\" data-theme=\"light\" data-type=\"image\" data-size=\"normal\" data-sitekey=\"6LdESEQlAAAAALfz3ugyyLKJsGiKE2XbdIscKkjB\"><\/div><span class=\"wpcf7-form-control-wrap cf7sr-recaptcha\" data-name=\"cf7sr-recaptcha\"><input type=\"hidden\" name=\"cf7sr-recaptcha\" value=\"\" class=\"wpcf7-form-control\"><\/span>\n<\/p>\n<p><input class=\"wpcf7-form-control wpcf7-submit has-spinner\" type=\"submit\" value=\"Enviar\" \/>\n<\/p><p style=\"display: none !important;\" class=\"akismet-fields-container\" data-prefix=\"_wpcf7_ak_\"><label>&#916;<textarea name=\"_wpcf7_ak_hp_textarea\" cols=\"45\" rows=\"8\" maxlength=\"100\"><\/textarea><\/label><input type=\"hidden\" id=\"ak_js_1\" name=\"_wpcf7_ak_js\" value=\"134\"\/><script>document.getElementById( \"ak_js_1\" ).setAttribute( \"value\", ( new Date() ).getTime() );<\/script><\/p><div class=\"wpcf7-response-output\" aria-hidden=\"true\"><\/div>\n<\/form>\n<\/div>\n\n\n\n\n<p>En Rj Engineering tratamos la informaci\u00f3n que nos facilita con el fin de prestarles el servicio solicitado y realizar su facturaci\u00f3n. Los datos proporcionados se conservar\u00e1n mientras se mantenga la relaci\u00f3n comercial o durante el tiempo necesario para cumplir con las obligaciones legales y atender las posibles responsabilidades que pudieran derivar del cumplimiento de la finalidad para la que los datos fueron recabados. Los datos no se ceder\u00e1n a terceros salvo en los casos en que exista una obligaci\u00f3n legal. Usted tiene derecho a obtener informaci\u00f3n sobre si en RJ Engineering estamos tratando sus datos personales, por lo que puede ejercer sus derechos de acceso, rectificaci\u00f3n, supresi\u00f3n y portabilidad de datos y oposici\u00f3n y limitaci\u00f3n a su tratamiento ante RJ Engineering, Avenida Galapagar 16, Collado Villalba, o en la direcci\u00f3n electr\u00f3nica contact@rj-engineering.com, identific\u00e1ndose suficientemente en su solicitud por medios electr\u00f3nicos o, en su defecto, mediante solicitud debidamente firmada. No obstante, si el responsable del tratamiento tuviese dudas razonables en relaci\u00f3n con la identidad de la persona f\u00edsica que cursa la solicitud podr\u00e1 solicitar que se facilite informaci\u00f3n adicional necesaria para confirmar su identidad. Asimismo, y especialmente si considera que no ha obtenido satisfacci\u00f3n plena en el ejercicio de sus derechos, podr\u00e1 presentar una reclamaci\u00f3n ante la autoridad nacional de control dirigi\u00e9ndose a estos efectos a la Agencia Espa\u00f1ola de Protecci\u00f3n de Datos, C\/ Jorge Juan, 6 \u2013 28001 Madrid.<\/p>\n\n\n\n<h5 class=\"wp-block-heading\" id=\"nos-encontramos-en-pozuelo-de-alarcon-calle-emilio-coll-22-28224-madrid-spain\">Nos encontramos en  Avenida Galapagar 16, 28400, Collado Villalba, Espa\u00f1a<\/h5>\n\n\n\n<h5 class=\"wp-block-heading\" id=\"nuenuestro-numero-de-telefono-es-0034607765905\">Nuestro correo electronico de contacto es contact@rj-engineering.com<\/h5>\n\n\n\n<h5 class=\"wp-block-heading\" id=\"nuenuestro-numero-de-telefono-es-0034607765905\">Nuestro n\u00famero de telefono es +0034607765905<\/h5>\n\n\n\n<p><\/p>\n\n\n\n<p><\/p>\n","protected":false},"excerpt":{"rendered":"<p>En Rj Engineering tratamos la informaci\u00f3n que nos facilita con el fin de prestarles el servicio solicitado y realizar su facturaci\u00f3n. Los datos proporcionados se conservar\u00e1n mientras se mantenga la [&hellip;]<\/p>\n","protected":false},"author":1,"featured_media":0,"parent":0,"menu_order":0,"comment_status":"closed","ping_status":"closed","template":"","meta":{"footnotes":""},"class_list":["post-6","page","type-page","status-publish","hentry"],"aioseo_notices":[],"jetpack-related-posts":[{"id":3,"url":"https:\/\/rj-engineering.com\/es\/privacy-policy\/","url_meta":{"origin":6,"position":0},"title":"Pol\u00edtica de Privacidad","author":"Rodrigo","date":"diciembre 21, 2021","format":false,"excerpt":"Quienes somos Nuestro sitio web es: https:\/\/rj-engineering.com. Comentarios Cuando los visitantes dejan comentarios en el sitio, recopilamos los datos que se muestran en el formulario de comentarios, y tambi\u00e9n la direcci\u00f3n IP del visitante y la cadena del agente de usuario del navegador para ayudar a la detecci\u00f3n de spam.\u2026","rel":"","context":"Entrada similar","block_context":{"text":"Entrada similar","link":""},"img":{"alt_text":"","src":"","width":0,"height":0},"classes":[]},{"id":570,"url":"https:\/\/rj-engineering.com\/es\/composite-works\/","url_meta":{"origin":6,"position":1},"title":"Trabajos con fibra carbono","author":"Rodrigo","date":"enero 3, 2022","format":false,"excerpt":"RJ Engineering fabrica piezas y productos de fibra de carbono para una amplia gama de industrias. Ya sea que est\u00e9 en deportes de motor o recreaci\u00f3n, nuestros servicios y la calidad de nuestros productos no te defraudaran. \u00a1\u00a1\u00a1No esperes y env\u00edanos los detalles de lo que necesites !!! Nuestro principal\u2026","rel":"","context":"Entrada similar","block_context":{"text":"Entrada similar","link":""},"img":{"alt_text":"","src":"https:\/\/i0.wp.com\/rj-engineering.com\/wp-content\/uploads\/2022\/01\/20190610_203108.jpg?resize=350%2C200","width":350,"height":200,"srcset":"https:\/\/i0.wp.com\/rj-engineering.com\/wp-content\/uploads\/2022\/01\/20190610_203108.jpg?resize=350%2C200 1x, https:\/\/i0.wp.com\/rj-engineering.com\/wp-content\/uploads\/2022\/01\/20190610_203108.jpg?resize=525%2C300 1.5x, https:\/\/i0.wp.com\/rj-engineering.com\/wp-content\/uploads\/2022\/01\/20190610_203108.jpg?resize=700%2C400 2x"},"classes":[]},{"id":393,"url":"https:\/\/rj-engineering.com\/es\/blog\/","url_meta":{"origin":6,"position":2},"title":"Blog","author":"Rodrigo","date":"julio 17, 2021","format":false,"excerpt":"","rel":"","context":"Entrada similar","block_context":{"text":"Entrada similar","link":""},"img":{"alt_text":"","src":"","width":0,"height":0},"classes":[]},{"id":395,"url":"https:\/\/rj-engineering.com\/es\/cart\/","url_meta":{"origin":6,"position":3},"title":"Carrito","author":"Rodrigo","date":"julio 17, 2021","format":false,"excerpt":"","rel":"","context":"Entrada similar","block_context":{"text":"Entrada similar","link":""},"img":{"alt_text":"","src":"","width":0,"height":0},"classes":[]},{"id":396,"url":"https:\/\/rj-engineering.com\/es\/checkout\/","url_meta":{"origin":6,"position":4},"title":"Checkout","author":"Rodrigo","date":"julio 17, 2021","format":false,"excerpt":"","rel":"","context":"Entrada similar","block_context":{"text":"Entrada similar","link":""},"img":{"alt_text":"","src":"","width":0,"height":0},"classes":[]},{"id":483,"url":"https:\/\/rj-engineering.com\/es\/logout\/","url_meta":{"origin":6,"position":5},"title":"Logout","author":"Rodrigo","date":"enero 2, 2022","format":false,"excerpt":"","rel":"","context":"Entrada similar","block_context":{"text":"Entrada similar","link":""},"img":{"alt_text":"","src":"","width":0,"height":0},"classes":[]}],"jetpack_sharing_enabled":true,"_links":{"self":[{"href":"https:\/\/rj-engineering.com\/es\/wp-json\/wp\/v2\/pages\/6","targetHints":{"allow":["GET"]}}],"collection":[{"href":"https:\/\/rj-engineering.com\/es\/wp-json\/wp\/v2\/pages"}],"about":[{"href":"https:\/\/rj-engineering.com\/es\/wp-json\/wp\/v2\/types\/page"}],"author":[{"embeddable":true,"href":"https:\/\/rj-engineering.com\/es\/wp-json\/wp\/v2\/users\/1"}],"replies":[{"embeddable":true,"href":"https:\/\/rj-engineering.com\/es\/wp-json\/wp\/v2\/comments?post=6"}],"version-history":[{"count":4,"href":"https:\/\/rj-engineering.com\/es\/wp-json\/wp\/v2\/pages\/6\/revisions"}],"predecessor-version":[{"id":1016,"href":"https:\/\/rj-engineering.com\/es\/wp-json\/wp\/v2\/pages\/6\/revisions\/1016"}],"wp:attachment":[{"href":"https:\/\/rj-engineering.com\/es\/wp-json\/wp\/v2\/media?parent=6"}],"curies":[{"name":"wp","href":"https:\/\/api.w.org\/{rel}","templated":true}]}}