{"id":440,"date":"2021-12-31T17:59:22","date_gmt":"2021-12-31T16:59:22","guid":{"rendered":"https:\/\/rj-engineering.com\/?post_type=product&#038;p=440"},"modified":"2026-04-05T22:26:46","modified_gmt":"2026-04-05T21:26:46","slug":"3d-print","status":"publish","type":"product","link":"https:\/\/rj-engineering.com\/es\/product\/3d-print\/","title":{"rendered":"Impresi\u00f3n 3D Presupuesto Online"},"content":{"rendered":"<h4>Notas de pedido:<\/h4>\n<ul>\n<li>Si desea diferente n\u00famero de capas para las partes baja y alta del objeto,\u00a0 ind\u00edquelo en las notas de pedido.<\/li>\n<li>Si tiene un c\u00f3digo de descuento, puede aplicar el descuento en el check-out.<\/li>\n<li>La precisi\u00f3n de nuestras impresoras es de 0.1 mm.<\/li>\n<\/ul>\n<h4>Asistencia para pedidos:<\/h4>\n<p><strong>Subir datos:<\/strong><br \/>\nSe aceptan modelos 3D en formato de archivo stl,obj,stp,step,igs,iges, con un tama\u00f1o m\u00e1ximo de archivo de 50 MB.<br \/>\n<em>\u2013 No se pueden cargar archivos de im\u00e1genes simples (como \u201cJPG\u201d o \u201cPNG\u201d) ya que no son objetos tridimensionales.<\/em><br \/>\n<strong>TIP:<\/strong> Guarde \/ exporte sus modelos para cargarlos preferiblemente como un archivo STL con la unidad de medida &#8220;mm&#8221;.<\/p>\n<p><strong>Materiales:<\/strong><br \/>\nEn este <a href=\"https:\/\/www.simplify3d.com\/support\/materials-guide\/\" target=\"_blank\" rel=\"noopener\">enlace<\/a> pueden encontrar una gu\u00eda completa sobre que material es el m\u00e1s adecuado para sus requisitos<\/p>\n<ul>\n<li>Note que para los materiales flexibles como TPU y PP los soportes de impresiones dejan importantes marcas en el objeto y por lo tanto <strong>no recomendamos incluir dise\u00f1os que requieran soportes de impresiones en caso de materiales flexibles, nosotros no nos hacemos responsables de las imperfecciones en el acabado<\/strong>, en caso de duda no dude en contactarnos antes de realizar el pedido.<\/li>\n<\/ul>\n<p><strong>Nuestras impresoras 3D ofrecen el siguiente volumen de impresi\u00f3n:<\/strong> 220 x 220 x 250 mm (largo x ancho x alto)<br \/>\n<em>\u2013 Para objetos m\u00e1s grandes por favor cont\u00e1ctenos<\/em><br \/>\n<em>\u2013 El rango de tolerancia de las piezas impresas suele ser de +\/- 0,1 mm.<\/em><br \/>\n<em>\u2013 Por defecto nosotros utilizamos una boquilla de 0,40 mm de di\u00e1metro.<\/em><br \/>\n<em>(Es posible el uso de boquillas de 0,25 mm; 0,60 mm o 0,80 mm, d\u00e9jenos una nota al realizar su pedido con el tama\u00f1o de boquilla de impresi\u00f3n deseado).<\/em><\/p>\n<h4><strong id=\"layerauswahl\">Elegir la altura de capa adecuada:<\/strong><\/h4>\n<p>Su modelo se dividir\u00e1 en muchas capas individuales para su procesamiento por nuestro proceso de impresi\u00f3n 3D ( FDM ).<br \/>\nLa altura de las capas individuales determina la &#8220;resoluci\u00f3n&#8221; posterior o la finura\/precisi\u00f3n de su impresi\u00f3n 3D.<br \/>\n<strong>Por lo tanto:<\/strong> \u201cCuanto m\u00e1s baja es la altura de la capa individual, m\u00e1s fino o complejo se imprime el objeto\u201d.<br \/>\n<strong>Sin embargo, se debe tener en cuenta lo siguiente:<\/strong><\/p>\n<ul>\n<li>Reducir a la mitad la altura de la capa inevitablemente duplica el tiempo de impresi\u00f3n.<\/li>\n<li>El compromiso entre la calidad deseada, el tiempo de impresi\u00f3n y los costes de impresi\u00f3n resultantes, por lo tanto, debe pensarse individualmente, porque:<\/li>\n<li>No todas las geometr\u00edas requieren necesariamente una altura de capa baja para parecer de alta calidad. (Las curvas o planos inclinados requieren una altura de capa significativamente m\u00e1s baja que las l\u00edneas de pared rectas (como en una caja c\u00fabica) para una visualizaci\u00f3n clara).<\/li>\n<\/ul>\n<p>En la siguiente comparativa, puede ver que efectos tienen las diferentes alturas de capa en su objeto:<\/p>\n<p><img data-recalc-dims=\"1\" loading=\"lazy\" decoding=\"async\" class=\"alignnone wp-image-450 size-full\" src=\"https:\/\/i0.wp.com\/rj-engineering.com\/wp-content\/uploads\/2021\/12\/layerheightcompare.jpg?resize=1000%2C183&#038;ssl=1\" alt=\"\" width=\"1000\" height=\"183\" srcset=\"https:\/\/i0.wp.com\/rj-engineering.com\/wp-content\/uploads\/2021\/12\/layerheightcompare.jpg?w=1000&amp;ssl=1 1000w, https:\/\/i0.wp.com\/rj-engineering.com\/wp-content\/uploads\/2021\/12\/layerheightcompare.jpg?resize=300%2C55&amp;ssl=1 300w, https:\/\/i0.wp.com\/rj-engineering.com\/wp-content\/uploads\/2021\/12\/layerheightcompare.jpg?resize=768%2C141&amp;ssl=1 768w, https:\/\/i0.wp.com\/rj-engineering.com\/wp-content\/uploads\/2021\/12\/layerheightcompare.jpg?resize=18%2C3&amp;ssl=1 18w, https:\/\/i0.wp.com\/rj-engineering.com\/wp-content\/uploads\/2021\/12\/layerheightcompare.jpg?resize=920%2C168&amp;ssl=1 920w, https:\/\/i0.wp.com\/rj-engineering.com\/wp-content\/uploads\/2021\/12\/layerheightcompare.jpg?resize=575%2C105&amp;ssl=1 575w, https:\/\/i0.wp.com\/rj-engineering.com\/wp-content\/uploads\/2021\/12\/layerheightcompare.jpg?resize=380%2C70&amp;ssl=1 380w, https:\/\/i0.wp.com\/rj-engineering.com\/wp-content\/uploads\/2021\/12\/layerheightcompare.jpg?resize=420%2C77&amp;ssl=1 420w, https:\/\/i0.wp.com\/rj-engineering.com\/wp-content\/uploads\/2021\/12\/layerheightcompare.jpg?resize=800%2C146&amp;ssl=1 800w\" sizes=\"auto, (max-width: 1000px) 100vw, 1000px\" \/><\/p>\n<h4><strong>Soportes del modelo:<\/strong><\/h4>\n<p>Dependiendo de la forma del objeto, puede ser necesario alg\u00fan soporte mientras se imprime , esto podr\u00eda generar algunas marcas en el objeto impreso donde se apoya el soporte (incluso despu\u00e9s de remover los soportes), <strong>debido a esto nosotros no nos hacemos responsables de las posibles marcas que el soporte pueda dejar en el objeto y no admitiremos devoluciones por dicha raz\u00f3n<\/strong>.<\/p>\n<p>Por ello, siempre es mejor que los dise\u00f1os requieran el m\u00ednimo soporte posible.<\/p>\n<p>&nbsp;<\/p>\n<p><img data-recalc-dims=\"1\" loading=\"lazy\" decoding=\"async\" class=\"aligncenter\" src=\"https:\/\/i0.wp.com\/rj-engineering.com\/wp-content\/uploads\/2022\/01\/3dprinting-support.png?resize=291%2C214&#038;ssl=1\" alt=\"\" width=\"291\" height=\"214\" data-wp-editing=\"1\" \/><\/p>\n<p>&nbsp;<\/p>\n<h4><strong id=\"infillauswahl\">Elegir la densidad de llenado adecuada:<\/strong><\/h4>\n<p>Puede utilizar la densidad de relleno para determinar la estabilidad (o el peso) de su objeto. Tenga en cuenta que el relleno usa gran cantidad de material y incrementar\u00e1 el precio de la impresi\u00f3n.<\/p>\n<p>Nuestro consejo es que compruebe la diferencia de precio seleccionando diferentes\u00a0 rellenos y asi tener una orientaci\u00f3n.<\/p>\n<p><strong>TIP:\u00a0<\/strong><em>&#8220;Un relleno de 15-20% es completamente suficiente en la mayor\u00eda de los casos (debido a una estructura de rejilla estable)&#8221;<\/em><br \/>\n<strong>10-30%<\/strong>: Para modelos que se utilizan para ilustraci\u00f3n o pruebas dimensionales<br \/>\n<strong>30-60%<\/strong>: Para modelos que van a ser expuestos a cierta carga mec\u00e1nica \u2013\u00a0 Ej.: pruebas funcionales<br \/>\n<strong>60-100%<\/strong>: Para modelos que est\u00e1n permanentemente expuestos a estr\u00e9s mec\u00e1nico \u2013 Ej.: uso en la industria, pruebas de estr\u00e9s, etc.<\/p>\n<p>&nbsp;<\/p>\n<p><img data-recalc-dims=\"1\" loading=\"lazy\" decoding=\"async\" class=\"aligncenter wp-image-449 \" src=\"https:\/\/i0.wp.com\/rj-engineering.com\/wp-content\/uploads\/2021\/12\/InfillPercentageCompare.jpg?resize=768%2C479&#038;ssl=1\" alt=\"\" width=\"768\" height=\"479\" srcset=\"https:\/\/i0.wp.com\/rj-engineering.com\/wp-content\/uploads\/2021\/12\/InfillPercentageCompare.jpg?resize=1024%2C639&amp;ssl=1 1024w, https:\/\/i0.wp.com\/rj-engineering.com\/wp-content\/uploads\/2021\/12\/InfillPercentageCompare.jpg?resize=300%2C187&amp;ssl=1 300w, https:\/\/i0.wp.com\/rj-engineering.com\/wp-content\/uploads\/2021\/12\/InfillPercentageCompare.jpg?resize=768%2C479&amp;ssl=1 768w, https:\/\/i0.wp.com\/rj-engineering.com\/wp-content\/uploads\/2021\/12\/InfillPercentageCompare.jpg?resize=1536%2C958&amp;ssl=1 1536w, https:\/\/i0.wp.com\/rj-engineering.com\/wp-content\/uploads\/2021\/12\/InfillPercentageCompare.jpg?resize=18%2C12&amp;ssl=1 18w, https:\/\/i0.wp.com\/rj-engineering.com\/wp-content\/uploads\/2021\/12\/InfillPercentageCompare.jpg?resize=1140%2C711&amp;ssl=1 1140w, https:\/\/i0.wp.com\/rj-engineering.com\/wp-content\/uploads\/2021\/12\/InfillPercentageCompare.jpg?resize=920%2C574&amp;ssl=1 920w, https:\/\/i0.wp.com\/rj-engineering.com\/wp-content\/uploads\/2021\/12\/InfillPercentageCompare.jpg?resize=575%2C359&amp;ssl=1 575w, https:\/\/i0.wp.com\/rj-engineering.com\/wp-content\/uploads\/2021\/12\/InfillPercentageCompare.jpg?resize=380%2C237&amp;ssl=1 380w, https:\/\/i0.wp.com\/rj-engineering.com\/wp-content\/uploads\/2021\/12\/InfillPercentageCompare.jpg?resize=1320%2C823&amp;ssl=1 1320w, https:\/\/i0.wp.com\/rj-engineering.com\/wp-content\/uploads\/2021\/12\/InfillPercentageCompare.jpg?resize=420%2C262&amp;ssl=1 420w, https:\/\/i0.wp.com\/rj-engineering.com\/wp-content\/uploads\/2021\/12\/InfillPercentageCompare.jpg?resize=800%2C499&amp;ssl=1 800w, https:\/\/i0.wp.com\/rj-engineering.com\/wp-content\/uploads\/2021\/12\/InfillPercentageCompare.jpg?w=1600&amp;ssl=1 1600w\" sizes=\"auto, (max-width: 768px) 100vw, 768px\" \/><\/p>\n","protected":false},"excerpt":{"rendered":"<ul>\n<li><strong>Seleccione Impresora y Relleno antes de subir el archivo<\/strong>, de esta manera evitara que el precio se recalcule cuando modifique alguno de dichos parametros en el panel de configuracion.<\/li>\n<li><strong>Si el an\u00e1lisis del objeto no se completa al 100% en menos de 1 minuto, env\u00edanos el fichero por correo y le daremos un precio en menos de 2 horas.<\/strong><\/li>\n<li>Obtenga un presupuesto en l\u00ednea y agr\u00e9guelos a su carrito, \u00a1as\u00ed de simple!<\/li>\n<li>Formatos aceptados: stl,obj,stp,step,igs,iges.<\/li>\n<li>Si no encuntra el color deseado contacte con nosotros y le a\u00f1adiremos el color para que pueda selecionarlo.<\/li>\n<li>El tiempo normal de procesado de los pedidos es de 2 a 4 d\u00edas laborables, dependiendo de la carga de trabajo.<\/li>\n<li>Algunas impresiones pueden requerir soportes , disminuyendo la calidad y dejando marcas en el objeto en las areas soportadas.<\/li>\n<li>Impresiones en ABS pueden tener peque\u00f1as deformaciones en las esquinas de la base del objecto si este tiene una gran superficie, consulte en caso de duda<\/li>\n<li>Te avisaremos cuando se env\u00ede tu pedido o puedas venir a recogerlo a nuestro taller.<\/li>\n<li><strong>Nota: Pedido minimo son 40 Euros.<\/strong><\/li>\n<li>Para obtener m\u00e1s informaci\u00f3n y asistencia sobre c\u00f3mo elegir los par\u00e1metros de impresi\u00f3n correctos, consulte a continuaci\u00f3n.<\/li>\n<\/ul>\n","protected":false},"featured_media":542,"comment_status":"open","ping_status":"closed","template":"","meta":[],"product_brand":[],"product_cat":[43],"product_tag":[],"class_list":{"0":"post-440","1":"product","2":"type-product","3":"status-publish","4":"has-post-thumbnail","6":"product_cat-3d","7":"pa_p3d_coating-35","8":"pa_p3d_coating-68","9":"pa_p3d_coating-69","10":"pa_p3d_cutting_instructions-all","11":"pa_p3d_filename-all","12":"pa_p3d_infill-all","13":"pa_p3d_material-34","14":"pa_p3d_material-55","15":"pa_p3d_material-56","16":"pa_p3d_material-57","17":"pa_p3d_material-58","18":"pa_p3d_material-59","19":"pa_p3d_material-61","20":"pa_p3d_material-62","21":"pa_p3d_material-63","22":"pa_p3d_material-64","23":"pa_p3d_material-44","24":"pa_p3d_material-65","25":"pa_p3d_material-45","26":"pa_p3d_material-95","27":"pa_p3d_material-96","28":"pa_p3d_material-97","29":"pa_p3d_material-98","30":"pa_p3d_material-103","31":"pa_p3d_material-99","32":"pa_p3d_material-100","33":"pa_p3d_material-101","34":"pa_p3d_material-105","35":"pa_p3d_material-107","36":"pa_p3d_material-50","37":"pa_p3d_material-52","38":"pa_p3d_material-53","39":"pa_p3d_material-54","40":"pa_p3d_model-all","41":"pa_p3d_original_url-all","42":"pa_p3d_printer-33","43":"pa_p3d_printer-47","44":"pa_p3d_printer-48","45":"pa_p3d_scale-all","46":"pa_p3d_unit-all","48":"first","49":"instock","50":"taxable","51":"shipping-taxable","52":"purchasable","53":"product-type-variable"},"aioseo_notices":[],"jetpack-related-posts":[{"id":533,"url":"https:\/\/rj-engineering.com\/es\/product\/cnc-service\/","url_meta":{"origin":440,"position":0},"title":"Presupuesto Mecanizado CNC\/Torno","author":"Rodrigo","date":"enero 2, 2022","format":false,"excerpt":"Cargue cada archivo que desee mecanizar con CNC y solic\u00edtenos un presupuesto, o compr\u00edmalos todos y env\u00edenos a trav\u00e9s del formulario de contacto, le responderemos en menos de 8 horas. Si lo que tienes es un dibujo u otro tipo de archivos, empaqueta todo en un zip y env\u00edalo a\u2026","rel":"","context":"Entrada similar","block_context":{"text":"Entrada similar","link":""},"img":{"alt_text":"","src":"https:\/\/i0.wp.com\/rj-engineering.com\/wp-content\/uploads\/2022\/01\/cnc-1.jpg?fit=1024%2C576&ssl=1&resize=350%2C200","width":350,"height":200,"srcset":"https:\/\/i0.wp.com\/rj-engineering.com\/wp-content\/uploads\/2022\/01\/cnc-1.jpg?fit=1024%2C576&ssl=1&resize=350%2C200 1x, https:\/\/i0.wp.com\/rj-engineering.com\/wp-content\/uploads\/2022\/01\/cnc-1.jpg?fit=1024%2C576&ssl=1&resize=525%2C300 1.5x, https:\/\/i0.wp.com\/rj-engineering.com\/wp-content\/uploads\/2022\/01\/cnc-1.jpg?fit=1024%2C576&ssl=1&resize=700%2C400 2x"},"classes":[]},{"id":464,"url":"https:\/\/rj-engineering.com\/es\/product\/3d-scanning\/","url_meta":{"origin":440,"position":1},"title":"Servicio de escaneo 3D","author":"Rodrigo","date":"enero 1, 2022","format":false,"excerpt":"Ofrecemos a precios realmente competitivos la posibilidad de digitalizar\u00a0 objetos a trav\u00e9s de nuestro escaner 3D, para objetos con menos volumen de 300cm3 normalmente cobramos 30 Euros, a\u00fan as\u00ed el precio siempre depender\u00e1 de la complejidad del objeto para ser escaneado. Esto significa que podemos capturar objetos en tres dimensiones\u2026","rel":"","context":"Con 1 comentario","block_context":{"text":"Con 1 comentario","link":"https:\/\/rj-engineering.com\/es\/product\/3d-scanning\/#comments"},"img":{"alt_text":"","src":"https:\/\/i0.wp.com\/rj-engineering.com\/wp-content\/uploads\/2022\/01\/3dscan-1.jpg?fit=1024%2C576&ssl=1&resize=350%2C200","width":350,"height":200,"srcset":"https:\/\/i0.wp.com\/rj-engineering.com\/wp-content\/uploads\/2022\/01\/3dscan-1.jpg?fit=1024%2C576&ssl=1&resize=350%2C200 1x, https:\/\/i0.wp.com\/rj-engineering.com\/wp-content\/uploads\/2022\/01\/3dscan-1.jpg?fit=1024%2C576&ssl=1&resize=525%2C300 1.5x, https:\/\/i0.wp.com\/rj-engineering.com\/wp-content\/uploads\/2022\/01\/3dscan-1.jpg?fit=1024%2C576&ssl=1&resize=700%2C400 2x"},"classes":[]},{"id":546,"url":"https:\/\/rj-engineering.com\/es\/product\/sand-casting\/","url_meta":{"origin":440,"position":2},"title":"Fundici\u00f3n con arena","author":"Rodrigo","date":"enero 3, 2022","format":false,"excerpt":"La fundici\u00f3n en arena es un proceso de fundici\u00f3n tradicional en el que el metal fundido se vierte en un molde hecho de arena. Debido a las caracter\u00edsticas flexibles de la fundici\u00f3n en arena, se utiliza para crear una variedad de piezas con geometr\u00edas complejas y es compatible con casi\u2026","rel":"","context":"Entrada similar","block_context":{"text":"Entrada similar","link":""},"img":{"alt_text":"","src":"https:\/\/i0.wp.com\/rj-engineering.com\/wp-content\/uploads\/2022\/01\/sand_casting.jpg?fit=1024%2C576&ssl=1&resize=350%2C200","width":350,"height":200,"srcset":"https:\/\/i0.wp.com\/rj-engineering.com\/wp-content\/uploads\/2022\/01\/sand_casting.jpg?fit=1024%2C576&ssl=1&resize=350%2C200 1x, https:\/\/i0.wp.com\/rj-engineering.com\/wp-content\/uploads\/2022\/01\/sand_casting.jpg?fit=1024%2C576&ssl=1&resize=525%2C300 1.5x, https:\/\/i0.wp.com\/rj-engineering.com\/wp-content\/uploads\/2022\/01\/sand_casting.jpg?fit=1024%2C576&ssl=1&resize=700%2C400 2x"},"classes":[]},{"id":1041,"url":"https:\/\/rj-engineering.com\/es\/product\/servicios-de-diseno-3d-y-pcbs\/","url_meta":{"origin":440,"position":3},"title":"Servico de Dise\u00f1o 3D y PCB&#8217;s","author":"Rodrigo","date":"mayo 11, 2025","format":false,"excerpt":"En RJ Engineering somos expertos en el dise\u00f1o de componentes y objetos en 3D, principalmente para el sector de la automocion ( vehiculos de competicion o modificados ), aunque\u00a0 podemos dise\u00f1ar practicamente cualquier objecto independiente de para lo que se quiera, podemos realizar tambien analisis de estres y aerodinamica si\u2026","rel":"","context":"Entrada similar","block_context":{"text":"Entrada similar","link":""},"img":{"alt_text":"","src":"https:\/\/i0.wp.com\/rj-engineering.com\/wp-content\/uploads\/2022\/01\/Flow-Trajectories-1.jpg?fit=1094%2C441&ssl=1&resize=350%2C200","width":350,"height":200,"srcset":"https:\/\/i0.wp.com\/rj-engineering.com\/wp-content\/uploads\/2022\/01\/Flow-Trajectories-1.jpg?fit=1094%2C441&ssl=1&resize=350%2C200 1x, https:\/\/i0.wp.com\/rj-engineering.com\/wp-content\/uploads\/2022\/01\/Flow-Trajectories-1.jpg?fit=1094%2C441&ssl=1&resize=525%2C300 1.5x, https:\/\/i0.wp.com\/rj-engineering.com\/wp-content\/uploads\/2022\/01\/Flow-Trajectories-1.jpg?fit=1094%2C441&ssl=1&resize=700%2C400 2x, https:\/\/i0.wp.com\/rj-engineering.com\/wp-content\/uploads\/2022\/01\/Flow-Trajectories-1.jpg?fit=1094%2C441&ssl=1&resize=1050%2C600 3x"},"classes":[]},{"id":559,"url":"https:\/\/rj-engineering.com\/es\/product\/composites\/","url_meta":{"origin":440,"position":4},"title":"Fibra de Carbono","author":"Rodrigo","date":"enero 3, 2022","format":false,"excerpt":"RJ Engineering fabrica piezas y productos de fibra de carbono para una amplia gama de industrias. Ya sea que est\u00e9 en deportes de motor o recreaci\u00f3n, nuestros servicios y la calidad de nuestros productos no te defraudaran. \u00a1\u00a1\u00a1No esperes y env\u00edanos los detalles de lo que tienes en mente!!! Podemos\u2026","rel":"","context":"Entrada similar","block_context":{"text":"Entrada similar","link":""},"img":{"alt_text":"","src":"https:\/\/i0.wp.com\/rj-engineering.com\/wp-content\/uploads\/2022\/01\/carbonfiber.jpg?fit=1024%2C576&ssl=1&resize=350%2C200","width":350,"height":200,"srcset":"https:\/\/i0.wp.com\/rj-engineering.com\/wp-content\/uploads\/2022\/01\/carbonfiber.jpg?fit=1024%2C576&ssl=1&resize=350%2C200 1x, https:\/\/i0.wp.com\/rj-engineering.com\/wp-content\/uploads\/2022\/01\/carbonfiber.jpg?fit=1024%2C576&ssl=1&resize=525%2C300 1.5x, https:\/\/i0.wp.com\/rj-engineering.com\/wp-content\/uploads\/2022\/01\/carbonfiber.jpg?fit=1024%2C576&ssl=1&resize=700%2C400 2x"},"classes":[]},{"id":1088,"url":"https:\/\/rj-engineering.com\/es\/product\/ventiladores-para-radiadores\/","url_meta":{"origin":440,"position":5},"title":"Ventiladores para radiadores","author":"Rodrigo","date":"enero 18, 2026","format":false,"excerpt":"Sistema de ventiladores para radiadores que por convecci\u00f3n transfiere la energ\u00eda del radiador al aire, logrando la m\u00e1xima eficiencia energ\u00e9ticay un ahorro en la factura de energ\u00eda de hasta un 50% Adicionalmente en verano, haciendo circular agua fr\u00eda por el circuito de radiadores (con una aerotermia o geotermia) convierte los\u2026","rel":"","context":"Entrada similar","block_context":{"text":"Entrada similar","link":""},"img":{"alt_text":"","src":"https:\/\/i0.wp.com\/rj-engineering.com\/wp-content\/uploads\/2026\/01\/radiadores-longitud.jpg?resize=350%2C200","width":350,"height":200,"srcset":"https:\/\/i0.wp.com\/rj-engineering.com\/wp-content\/uploads\/2026\/01\/radiadores-longitud.jpg?resize=350%2C200 1x, https:\/\/i0.wp.com\/rj-engineering.com\/wp-content\/uploads\/2026\/01\/radiadores-longitud.jpg?resize=525%2C300 1.5x, https:\/\/i0.wp.com\/rj-engineering.com\/wp-content\/uploads\/2026\/01\/radiadores-longitud.jpg?resize=700%2C400 2x"},"classes":[]}],"jetpack_sharing_enabled":true,"_links":{"self":[{"href":"https:\/\/rj-engineering.com\/es\/wp-json\/wp\/v2\/product\/440","targetHints":{"allow":["GET"]}}],"collection":[{"href":"https:\/\/rj-engineering.com\/es\/wp-json\/wp\/v2\/product"}],"about":[{"href":"https:\/\/rj-engineering.com\/es\/wp-json\/wp\/v2\/types\/product"}],"replies":[{"embeddable":true,"href":"https:\/\/rj-engineering.com\/es\/wp-json\/wp\/v2\/comments?post=440"}],"wp:featuredmedia":[{"embeddable":true,"href":"https:\/\/rj-engineering.com\/es\/wp-json\/wp\/v2\/media\/542"}],"wp:attachment":[{"href":"https:\/\/rj-engineering.com\/es\/wp-json\/wp\/v2\/media?parent=440"}],"wp:term":[{"taxonomy":"product_brand","embeddable":true,"href":"https:\/\/rj-engineering.com\/es\/wp-json\/wp\/v2\/product_brand?post=440"},{"taxonomy":"product_cat","embeddable":true,"href":"https:\/\/rj-engineering.com\/es\/wp-json\/wp\/v2\/product_cat?post=440"},{"taxonomy":"product_tag","embeddable":true,"href":"https:\/\/rj-engineering.com\/es\/wp-json\/wp\/v2\/product_tag?post=440"}],"curies":[{"name":"wp","href":"https:\/\/api.w.org\/{rel}","templated":true}]}}