{"id":464,"date":"2022-01-01T21:44:43","date_gmt":"2022-01-01T20:44:43","guid":{"rendered":"https:\/\/rj-engineering.com\/?post_type=product&#038;p=464"},"modified":"2025-12-23T21:15:34","modified_gmt":"2025-12-23T20:15:34","slug":"3d-scanning","status":"publish","type":"product","link":"https:\/\/rj-engineering.com\/es\/product\/3d-scanning\/","title":{"rendered":"Servicio de escaneo 3D"},"content":{"rendered":"<div class=\"result-shield-container tlid-copy-target\" tabindex=\"0\">\n<p><strong>Precisi\u00f3n del esc\u00e1ner 3D:<\/strong><br \/>\nObjetos hasta una longitud de 400 mm: hasta 0,05 mm (promedio de 0,1 mm)<br \/>\nObjetos a partir de una longitud\u00a0 de 400 mm: hasta 0,1 mm (+ 0,3 mm\/m)<\/p>\n<\/div>\n<p><strong>Posibles formatos de salida de archivos:<\/strong><br \/>\nSTL, OBJ, ASC, CAPA, 3MF<\/p>\n<p><strong>Requisito de los objetos a escanear:<\/strong><br \/>\nCasi todos los tipos de formas se pueden escanear en 3D, pero las hendiduras \/ agujeros profundos son muy dif\u00edciles de capturar con el escaner y, por lo tanto, deben post-trabajarse (si es necesario). Podemos tratar cualquier escaneo con nuestro software Solidworks, de acuerdo con los requisitos del cliente.<\/p>\n<p><strong>Requisito de la superficie a escanear:<\/strong><br \/>\nLa superficie debe ser opaca y lo m\u00e1s mate posible. Si es brillante \/ reflectante o demasiado oscura se aplica un spray de tiza lavable para el proceso de escaneo. De esta manera, el esc\u00e1ner 3D puede capturar mejor las estructuras. Esta capa se eliminar\u00e1 despu\u00e9s de que se realice el escaneo.<\/p>\n<p><strong>Costo de un escaneo 3D:<\/strong><br \/>\nLa duraci\u00f3n del escaneo o los costos resultantes no est\u00e1n necesariamente determinados por el tama\u00f1o, sino por la complejidad y la forma del objeto. Normalmente, para objetos con un volumen inferior a 300 metros c\u00fabicos cobramos un coste de 30 euros, para objetos m\u00e1s grandes depender\u00e1 del tama\u00f1o y la complejidad.<\/p>\n<p><strong>C\u00f3mo trabajamos:<\/strong><br \/>\nPuede enviarnos sus art\u00edculos personalmente (con cita previa) o por correo, tambi\u00e9n podemos desplazarnos a su domicilio para realizar el escaneado, estamos ubicados en la zona de la Comunidad de Madrid, cobraremos el desplazamiento seg\u00fan la distancia de nuestro taller a su domicilio. Despu\u00e9s de unos pocos d\u00edas, recibir\u00e1 su objeto y le enviaremos por email el scan en formato digital.<br \/>\nTambi\u00e9n podemos post-procesar el escaneo y modificarlo con Solidworks a pedido, el objeto escaneado tambi\u00e9n puede ser impreso en caso de pl\u00e1sticos o mecanizado CNC en caso de metales o madera, en caso de metales si no es posible mecanizar debido a su forma ofrecemos tambi\u00e9n servicio de fundici\u00f3n en arena.<\/p>\n<p>&nbsp;<\/p>\n<p>&nbsp;<\/p>\n<div class=\"sketchfab-embed-wrapper\" align=\"center\"><iframe loading=\"lazy\" title=\"Micheal by POP (obj)\" src=\"https:\/\/sketchfab.com\/models\/d979124665644149b0bbb10e8ef21758\/embed\" width=\"640\" height=\"480\" frameborder=\"0\" allowfullscreen=\"allowfullscreen\"><span data-mce-type=\"bookmark\" style=\"display: inline-block; width: 0px; overflow: hidden; line-height: 0;\" class=\"mce_SELRES_start\">\ufeff<\/span> <\/iframe><\/div>\n","protected":false},"excerpt":{"rendered":"<ul>\n<li>Ofrecemos a precios realmente competitivos la posibilidad de digitalizar\u00a0 objetos a trav\u00e9s de nuestro escaner 3D, para <strong>objetos con menos volumen de 300cm3 normalmente cobramos 30 Euros, a\u00fan as\u00ed el precio siempre depender\u00e1 de la complejidad del objeto para ser escaneado.<\/strong><\/li>\n<li>Esto significa que podemos capturar objetos en tres dimensiones y as\u00ed reproducirlos en la computadora 1:1.<\/li>\n<li>De su objeto tangible, surge una imagen exacta y tridimensional que se puede procesar en la computadora y luego replicar en nuestra impresora 3D, mecanizada por CNC o con m\u00e9todos de fundici\u00f3n seg\u00fan la forma del objeto.<\/li>\n<li>Env\u00edenos su solicitud con fotos o peque\u00f1o video en el que podamos apreciar la forma del objeto y sus colores.<\/li>\n<li>Normalmente le responderemos con un presupuesto en menos de 4 horas.<\/li>\n<li>Para m\u00e1s informaci\u00f3n sobre nuestro escaner, c\u00f3mo trabajamos y nuestras capacidades lea la informaci\u00f3n adicional.<span title=\"\"><br \/>\n<!--[wpforms id=\"5\"]--><br \/>\n[contact-form-7 id=\"261\" title=\"Contact form\"]<br \/>\n<\/span><\/li>\n<\/ul>\n<div id=\"gtx-trans\" style=\"position: absolute; left: 882px; top: 158px;\">\n<div class=\"gtx-trans-icon\"><\/div>\n<\/div>\n","protected":false},"featured_media":544,"comment_status":"open","ping_status":"closed","template":"","meta":[],"product_brand":[],"product_cat":[43],"product_tag":[],"class_list":{"0":"post-464","1":"product","2":"type-product","3":"status-publish","4":"has-post-thumbnail","6":"product_cat-3d","8":"first","9":"instock","10":"taxable","11":"shipping-taxable","12":"product-type-simple"},"aioseo_notices":[],"jetpack-related-posts":[{"id":440,"url":"https:\/\/rj-engineering.com\/es\/product\/3d-print\/","url_meta":{"origin":464,"position":0},"title":"Impresi\u00f3n 3D Presupuesto Online","author":"Rodrigo","date":"diciembre 31, 2021","format":false,"excerpt":"Seleccione Impresora y Relleno antes de subir el archivo, de esta manera evitara que el precio se recalcule cuando modifique alguno de dichos parametros en el panel de configuracion. Si el an\u00e1lisis del objeto no se completa al 100% en menos de 1 minuto, env\u00edanos el fichero por correo y\u2026","rel":"","context":"Con 4 comentarios","block_context":{"text":"Con 4 comentarios","link":"https:\/\/rj-engineering.com\/es\/product\/3d-print\/#comments"},"img":{"alt_text":"","src":"https:\/\/i0.wp.com\/rj-engineering.com\/wp-content\/uploads\/2022\/01\/3dPrint.jpg?fit=1024%2C576&ssl=1&resize=350%2C200","width":350,"height":200,"srcset":"https:\/\/i0.wp.com\/rj-engineering.com\/wp-content\/uploads\/2022\/01\/3dPrint.jpg?fit=1024%2C576&ssl=1&resize=350%2C200 1x, https:\/\/i0.wp.com\/rj-engineering.com\/wp-content\/uploads\/2022\/01\/3dPrint.jpg?fit=1024%2C576&ssl=1&resize=525%2C300 1.5x, https:\/\/i0.wp.com\/rj-engineering.com\/wp-content\/uploads\/2022\/01\/3dPrint.jpg?fit=1024%2C576&ssl=1&resize=700%2C400 2x"},"classes":[]},{"id":1041,"url":"https:\/\/rj-engineering.com\/es\/product\/servicios-de-diseno-3d-y-pcbs\/","url_meta":{"origin":464,"position":1},"title":"Servico de Dise\u00f1o 3D y PCB&#8217;s","author":"Rodrigo","date":"mayo 11, 2025","format":false,"excerpt":"En RJ Engineering somos expertos en el dise\u00f1o de componentes y objetos en 3D, principalmente para el sector de la automocion ( vehiculos de competicion o modificados ), aunque\u00a0 podemos dise\u00f1ar practicamente cualquier objecto independiente de para lo que se quiera, podemos realizar tambien analisis de estres y aerodinamica si\u2026","rel":"","context":"Entrada similar","block_context":{"text":"Entrada similar","link":""},"img":{"alt_text":"","src":"https:\/\/i0.wp.com\/rj-engineering.com\/wp-content\/uploads\/2022\/01\/Flow-Trajectories-1.jpg?fit=1094%2C441&ssl=1&resize=350%2C200","width":350,"height":200,"srcset":"https:\/\/i0.wp.com\/rj-engineering.com\/wp-content\/uploads\/2022\/01\/Flow-Trajectories-1.jpg?fit=1094%2C441&ssl=1&resize=350%2C200 1x, https:\/\/i0.wp.com\/rj-engineering.com\/wp-content\/uploads\/2022\/01\/Flow-Trajectories-1.jpg?fit=1094%2C441&ssl=1&resize=525%2C300 1.5x, https:\/\/i0.wp.com\/rj-engineering.com\/wp-content\/uploads\/2022\/01\/Flow-Trajectories-1.jpg?fit=1094%2C441&ssl=1&resize=700%2C400 2x, https:\/\/i0.wp.com\/rj-engineering.com\/wp-content\/uploads\/2022\/01\/Flow-Trajectories-1.jpg?fit=1094%2C441&ssl=1&resize=1050%2C600 3x"},"classes":[]},{"id":546,"url":"https:\/\/rj-engineering.com\/es\/product\/sand-casting\/","url_meta":{"origin":464,"position":2},"title":"Fundici\u00f3n con arena","author":"Rodrigo","date":"enero 3, 2022","format":false,"excerpt":"La fundici\u00f3n en arena es un proceso de fundici\u00f3n tradicional en el que el metal fundido se vierte en un molde hecho de arena. Debido a las caracter\u00edsticas flexibles de la fundici\u00f3n en arena, se utiliza para crear una variedad de piezas con geometr\u00edas complejas y es compatible con casi\u2026","rel":"","context":"Entrada similar","block_context":{"text":"Entrada similar","link":""},"img":{"alt_text":"","src":"https:\/\/i0.wp.com\/rj-engineering.com\/wp-content\/uploads\/2022\/01\/sand_casting.jpg?fit=1024%2C576&ssl=1&resize=350%2C200","width":350,"height":200,"srcset":"https:\/\/i0.wp.com\/rj-engineering.com\/wp-content\/uploads\/2022\/01\/sand_casting.jpg?fit=1024%2C576&ssl=1&resize=350%2C200 1x, https:\/\/i0.wp.com\/rj-engineering.com\/wp-content\/uploads\/2022\/01\/sand_casting.jpg?fit=1024%2C576&ssl=1&resize=525%2C300 1.5x, https:\/\/i0.wp.com\/rj-engineering.com\/wp-content\/uploads\/2022\/01\/sand_casting.jpg?fit=1024%2C576&ssl=1&resize=700%2C400 2x"},"classes":[]},{"id":533,"url":"https:\/\/rj-engineering.com\/es\/product\/cnc-service\/","url_meta":{"origin":464,"position":3},"title":"Presupuesto Mecanizado CNC\/Torno","author":"Rodrigo","date":"enero 2, 2022","format":false,"excerpt":"Cargue cada archivo que desee mecanizar con CNC y solic\u00edtenos un presupuesto, o compr\u00edmalos todos y env\u00edenos a trav\u00e9s del formulario de contacto, le responderemos en menos de 8 horas. Si lo que tienes es un dibujo u otro tipo de archivos, empaqueta todo en un zip y env\u00edalo a\u2026","rel":"","context":"Entrada similar","block_context":{"text":"Entrada similar","link":""},"img":{"alt_text":"","src":"https:\/\/i0.wp.com\/rj-engineering.com\/wp-content\/uploads\/2022\/01\/cnc-1.jpg?fit=1024%2C576&ssl=1&resize=350%2C200","width":350,"height":200,"srcset":"https:\/\/i0.wp.com\/rj-engineering.com\/wp-content\/uploads\/2022\/01\/cnc-1.jpg?fit=1024%2C576&ssl=1&resize=350%2C200 1x, https:\/\/i0.wp.com\/rj-engineering.com\/wp-content\/uploads\/2022\/01\/cnc-1.jpg?fit=1024%2C576&ssl=1&resize=525%2C300 1.5x, https:\/\/i0.wp.com\/rj-engineering.com\/wp-content\/uploads\/2022\/01\/cnc-1.jpg?fit=1024%2C576&ssl=1&resize=700%2C400 2x"},"classes":[]},{"id":559,"url":"https:\/\/rj-engineering.com\/es\/product\/composites\/","url_meta":{"origin":464,"position":4},"title":"Fibra de Carbono","author":"Rodrigo","date":"enero 3, 2022","format":false,"excerpt":"RJ Engineering fabrica piezas y productos de fibra de carbono para una amplia gama de industrias. Ya sea que est\u00e9 en deportes de motor o recreaci\u00f3n, nuestros servicios y la calidad de nuestros productos no te defraudaran. \u00a1\u00a1\u00a1No esperes y env\u00edanos los detalles de lo que tienes en mente!!! Podemos\u2026","rel":"","context":"Entrada similar","block_context":{"text":"Entrada similar","link":""},"img":{"alt_text":"","src":"https:\/\/i0.wp.com\/rj-engineering.com\/wp-content\/uploads\/2022\/01\/carbonfiber.jpg?fit=1024%2C576&ssl=1&resize=350%2C200","width":350,"height":200,"srcset":"https:\/\/i0.wp.com\/rj-engineering.com\/wp-content\/uploads\/2022\/01\/carbonfiber.jpg?fit=1024%2C576&ssl=1&resize=350%2C200 1x, https:\/\/i0.wp.com\/rj-engineering.com\/wp-content\/uploads\/2022\/01\/carbonfiber.jpg?fit=1024%2C576&ssl=1&resize=525%2C300 1.5x, https:\/\/i0.wp.com\/rj-engineering.com\/wp-content\/uploads\/2022\/01\/carbonfiber.jpg?fit=1024%2C576&ssl=1&resize=700%2C400 2x"},"classes":[]},{"id":667,"url":"https:\/\/rj-engineering.com\/es\/product\/tig-welding\/","url_meta":{"origin":464,"position":5},"title":"Soldadura TIG &#038; MIG","author":"Rodrigo","date":"enero 5, 2022","format":false,"excerpt":"\u00bfBuscas un Soldador TIG o MIG en Madrid a precios realmente competitivos? En RJ Engineering tenemos una basta experiencia en trabajos de soldadura, ya sea TIG o MIG, normalmente con gas. Podemos llevar a cabo practicamente cualquier proyecto siempre y cuando el objeto a producir sea de dimensiones manejables. Principalmente\u2026","rel":"","context":"Entrada similar","block_context":{"text":"Entrada similar","link":""},"img":{"alt_text":"","src":"https:\/\/i0.wp.com\/rj-engineering.com\/wp-content\/uploads\/2022\/01\/tig-welding.jpg?fit=1024%2C576&ssl=1&resize=350%2C200","width":350,"height":200,"srcset":"https:\/\/i0.wp.com\/rj-engineering.com\/wp-content\/uploads\/2022\/01\/tig-welding.jpg?fit=1024%2C576&ssl=1&resize=350%2C200 1x, https:\/\/i0.wp.com\/rj-engineering.com\/wp-content\/uploads\/2022\/01\/tig-welding.jpg?fit=1024%2C576&ssl=1&resize=525%2C300 1.5x, https:\/\/i0.wp.com\/rj-engineering.com\/wp-content\/uploads\/2022\/01\/tig-welding.jpg?fit=1024%2C576&ssl=1&resize=700%2C400 2x"},"classes":[]}],"jetpack_sharing_enabled":true,"_links":{"self":[{"href":"https:\/\/rj-engineering.com\/es\/wp-json\/wp\/v2\/product\/464","targetHints":{"allow":["GET"]}}],"collection":[{"href":"https:\/\/rj-engineering.com\/es\/wp-json\/wp\/v2\/product"}],"about":[{"href":"https:\/\/rj-engineering.com\/es\/wp-json\/wp\/v2\/types\/product"}],"replies":[{"embeddable":true,"href":"https:\/\/rj-engineering.com\/es\/wp-json\/wp\/v2\/comments?post=464"}],"wp:featuredmedia":[{"embeddable":true,"href":"https:\/\/rj-engineering.com\/es\/wp-json\/wp\/v2\/media\/544"}],"wp:attachment":[{"href":"https:\/\/rj-engineering.com\/es\/wp-json\/wp\/v2\/media?parent=464"}],"wp:term":[{"taxonomy":"product_brand","embeddable":true,"href":"https:\/\/rj-engineering.com\/es\/wp-json\/wp\/v2\/product_brand?post=464"},{"taxonomy":"product_cat","embeddable":true,"href":"https:\/\/rj-engineering.com\/es\/wp-json\/wp\/v2\/product_cat?post=464"},{"taxonomy":"product_tag","embeddable":true,"href":"https:\/\/rj-engineering.com\/es\/wp-json\/wp\/v2\/product_tag?post=464"}],"curies":[{"name":"wp","href":"https:\/\/api.w.org\/{rel}","templated":true}]}}