{"id":533,"date":"2022-01-02T21:15:50","date_gmt":"2022-01-02T20:15:50","guid":{"rendered":"https:\/\/rj-engineering.com\/?post_type=product&#038;p=533"},"modified":"2025-12-23T21:16:10","modified_gmt":"2025-12-23T20:16:10","slug":"cnc-service","status":"publish","type":"product","link":"https:\/\/rj-engineering.com\/es\/product\/cnc-service\/","title":{"rendered":"Presupuesto Mecanizado CNC\/Torno"},"content":{"rendered":"<h3>Asistencia para pedidos:<\/h3>\n<p><strong>Subir datos:<\/strong><br \/>\nSe aceptan modelos 3D en formato de archivo stl,obj,stp,step,igs,iges, con un tama\u00f1o m\u00e1ximo de archivo de 50 MB.<br \/>\n\u2013 No se pueden cargar archivos de im\u00e1genes simples (como \u201cJPG\u201d o \u201cPNG\u201d) ya que no son objetos tridimensionales.<br \/>\nTIP: Guarde\/exporte sus modelos para cargarlos preferiblemente como STP\/STEP\/IGS, si STL indica la unidad de medida \u201cmm\u201d.<\/p>\n<p><strong>Nuestra m\u00e1quina CNC ofrece el siguiente volumen de impresi\u00f3n: 300 x 400 x 150 mm (largo x ancho x alto)<\/strong><br \/>\n\u2013 Para objetos m\u00e1s grandes, cont\u00e1ctenos, ya que nuestro CNC est\u00e1 abierto y puede mecanizar objetos m\u00e1s grandes.<br \/>\n\u2013 La precisi\u00f3n repetible de nuestra m\u00e1quina es de aproximadamente 0,01 mm<br \/>\n\u2013 Las tolerancias dimensionales son de aproximadamente 0,05 mm<br \/>\n\u2013 M\u00e1quina de 3 ejes con posibilidad de instalar eje rotatorio\/rotacional para convertirla en m\u00e1quina de 4 ejes<\/p>\n<h3>Materiales:<\/h3>\n<p>Podemos mecanizar la siguiente gama de materiales, si el material deseado no est\u00e1 en la lista, cont\u00e1ctenos.<\/p>\n<p>&nbsp;<\/p>\n<p><strong>MADERA<\/strong><br \/>\nCons\u00faltenos normalmente trabajamos con cualquier tipo de madera que sea buena para mecanizar.<\/p>\n<p>&nbsp;<\/p>\n<p><strong>METAL<\/strong><\/p>\n<p><strong>Aluminio<\/strong><br \/>\nEl aluminio es probablemente el material m\u00e1s utilizado para el fresado CNC y es una excelente opci\u00f3n para piezas mec\u00e1nicas y piezas exteriores. En comparaci\u00f3n con otros metales, el aluminio generalmente se puede procesar m\u00e1s r\u00e1pido que otros metales, lo que lo convierte en el m\u00e9todo m\u00e1s econ\u00f3mico. Las piezas hechas de aluminio forman una capa protectora cuando se exponen al medio ambiente, lo que resulta en una fuerza adicional y resistencia a la corrosi\u00f3n. En vista de estas caracter\u00edsticas de material de alta calidad, el aluminio fresado CNC es muy adecuado para su uso en las industrias automotriz, aeroespacial, de atenci\u00f3n m\u00e9dica y electr\u00f3nica de consumo. Las aplicaciones espec\u00edficas incluyen accesorios para aeronaves, gabinetes electr\u00f3nicos, equipos m\u00e9dicos, engranajes y ejes.<\/p>\n<p><strong>Aluminio 6061<\/strong><br \/>\nEs la aleaci\u00f3n de aluminio de uso general m\u00e1s utilizada con una buena relaci\u00f3n resistencia-peso y excelente maquinabilidad. Este es el grado de aluminio de uso general m\u00e1s com\u00fan, generalmente utilizado para piezas de autom\u00f3viles, cuadros de bicicletas, art\u00edculos deportivos, cuadros RC, etc.<br \/>\nLos principales elementos de aleaci\u00f3n son el magnesio, el silicio y el hierro. Al igual que otras aleaciones de aluminio, tiene una buena relaci\u00f3n resistencia-peso y es naturalmente resistente a la corrosi\u00f3n atmosf\u00e9rica. Una de las desventajas del 6061 es su escasa resistencia a la corrosi\u00f3n cuando se expone al agua salada u otros productos qu\u00edmicos. En aplicaciones m\u00e1s exigentes, no es tan fuerte como otras aleaciones de aluminio.<br \/>\nLa composici\u00f3n y las propiedades del material del aluminio 6082 son similares a las del 6061. En Europa, se usa m\u00e1s com\u00fanmente porque cumple con los est\u00e1ndares brit\u00e1nicos.<\/p>\n<p><strong>Aluminio 7075<\/strong><br \/>\n7075 es un producto de alta gama de aluminio. Est\u00e1 principalmente aleado con zinc. Es una de las aleaciones de aluminio m\u00e1s fuertes. Es una opci\u00f3n ideal para equipos de entretenimiento de alta resistencia y estructuras aeroespaciales y automotrices. Porque para el acero, el aluminio 7075 tiene excelentes propiedades de fatiga y puede tratarse t\u00e9rmicamente para lograr una alta resistencia y dureza, por lo que es esencial reducir el peso. Sin embargo, debe evitarse cuando se requiere soldadura.<\/p>\n<p><strong>Aluminio 5083<\/strong><br \/>\nEl aluminio 5083 tiene una mayor resistencia y una excelente resistencia al agua de mar que la mayor\u00eda de las otras aleaciones de aluminio, por lo que se usa com\u00fanmente en aplicaciones marinas y de construcci\u00f3n. Esta es tambi\u00e9n una excelente opci\u00f3n para soldar.<\/p>\n<p><strong>Acero inoxidable<\/strong><br \/>\nLas aleaciones de acero inoxidable tienen alta resistencia, alta ductilidad, excelente resistencia al desgaste y resistencia a la corrosi\u00f3n, y son f\u00e1ciles de soldar, mecanizar y pulir. Dependiendo de su composici\u00f3n, pueden ser (esencialmente) no magn\u00e9ticos o magn\u00e9ticos.<br \/>\nHay muchos tipos de acero inoxidable. Se llama acero inoxidable porque contiene cromo que ayuda a prevenir la oxidaci\u00f3n (herrumbre). Debido a que todo el acero inoxidable tiene el mismo aspecto, es necesario utilizar equipos de medici\u00f3n modernos (como el detector OES) para probar las materias primas entrantes con sumo cuidado para confirmar las caracter\u00edsticas del acero utilizado.<\/p>\n<p><strong>Acero inoxidable 303<\/strong><br \/>\nEn el caso del 303, tambi\u00e9n se le a\u00f1ade azufre. Este azufre ayuda a que el 303 sea el acero inoxidable m\u00e1s f\u00e1cil de procesar, pero tambi\u00e9n tiende a reducir su resistencia a la corrosi\u00f3n hasta cierto punto.<br \/>\nEl 303 no es una buena opci\u00f3n para conformado en fr\u00edo (doblado), ni se puede tratar t\u00e9rmicamente. La presencia de azufre tambi\u00e9n significa que no es ideal para soldar. Tiene un excelente rendimiento de mecanizado, pero debe prestar atenci\u00f3n a la velocidad\/avance y el afilado de la herramienta de corte.<br \/>\n303 se usa generalmente para tuercas y pernos, accesorios, ejes y engranajes de acero inoxidable. Sin embargo, no debe usarse para accesorios de grado marino.<\/p>\n<p><strong>Acero inoxidable 304<\/strong><br \/>\nEs la aleaci\u00f3n de acero inoxidable m\u00e1s com\u00fan con excelentes propiedades mec\u00e1nicas y buena maquinabilidad. Puede resistir la mayor\u00eda de las condiciones ambientales y medios corrosivos.<br \/>\nEsta es la forma m\u00e1s com\u00fan de acero inoxidable que se encuentra en varios productos industriales y de consumo. Generalmente llamado 18\/8, se refiere a la adici\u00f3n de cromo 18% y n\u00edquel 8% a la aleaci\u00f3n, que es la forma m\u00e1s com\u00fan de acero inoxidable.<br \/>\nEl 304 es muy duro, no magn\u00e9tico, f\u00e1cil de mecanizar y suele tener resistencia a la corrosi\u00f3n, por lo que es muy adecuado para accesorios de cocina, tanques de almacenamiento y tuber\u00edas utilizadas en la industria, la construcci\u00f3n y la industria del autom\u00f3vil.<br \/>\nEl 304 es f\u00e1cil de procesar, pero a diferencia del 303, se puede soldar. Tambi\u00e9n es m\u00e1s resistente a la corrosi\u00f3n en la mayor\u00eda de los entornos normales (no qu\u00edmicos). Para los maquinistas, use herramientas de corte muy afiladas para el procesamiento y no se contamine con otros metales.<\/p>\n<p><strong>Acero inoxidable 316<\/strong><br \/>\nEs otra aleaci\u00f3n com\u00fan de acero inoxidable con propiedades mec\u00e1nicas similares a la 304. Por lo general, se considera acero inoxidable de grado marino, resistente y f\u00e1cil de soldar. El material es muy resistente a la corrosi\u00f3n y para soluciones salinas (como el agua de mar), es muy adecuado para aplicaciones de construcci\u00f3n, acondicionamiento de barcos, tuber\u00edas industriales y automoci\u00f3n.<\/p>\n<p><strong>Aceros dureza media<\/strong><br \/>\nTambi\u00e9n conocidos como aceros de bajo carbono y tienen buenas propiedades mec\u00e1nicas, gran maquinabilidad y buena soldabilidad. Debido a su bajo costo, encuentran aplicaciones de uso general, incluida la fabricaci\u00f3n de piezas de m\u00e1quinas, plantillas y accesorios. Los aceros dulces son susceptibles a la corrosi\u00f3n y al ataque de los productos qu\u00edmicos. Com\u00fanmente utilizados son<\/p>\n<p><strong>Acero 1018<\/strong><br \/>\nEl acero dulce 1018 es una aleaci\u00f3n de uso general con buena maquinabilidad y soldabilidad, as\u00ed como excelente tenacidad, resistencia y dureza. Es la aleaci\u00f3n de acero con bajo contenido de carbono m\u00e1s utilizada.<\/p>\n<p><strong>Acero al carbono 1045<\/strong><br \/>\nEste material resistente es acero con bajo contenido de carbono, no inoxidable, que suele ser m\u00e1s econ\u00f3mico que el acero inoxidable, pero tiene mayor resistencia. El material se puede endurecer y tratar t\u00e9rmicamente para que sea f\u00e1cil de mecanizar y soldar. Se usa m\u00e1s com\u00fanmente en aplicaciones industriales y piezas mec\u00e1nicas que requieren alta tenacidad y resistencia, como tuercas y pernos, engranajes, ejes y bielas. Tambi\u00e9n se usa en la construcci\u00f3n, pero si se expone al medio ambiente, generalmente se somete a un tratamiento superficial para evitar la oxidaci\u00f3n.<\/p>\n<p><strong>Acero\u00a0 A36<\/strong><br \/>\nEl acero bajo en carbono A36 es un acero estructural com\u00fan con buena soldabilidad. Es adecuado para diversas aplicaciones industriales y de construcci\u00f3n.<\/p>\n","protected":false},"excerpt":{"rendered":"<ul>\n<li>Cargue cada archivo que desee mecanizar con CNC y solic\u00edtenos un presupuesto, o compr\u00edmalos todos y env\u00edenos a trav\u00e9s del formulario de contacto, le responderemos en menos de 8 horas.<\/li>\n<li>Si lo que tienes es un dibujo u otro tipo de archivos, empaqueta todo en un zip y env\u00edalo a usar a trav\u00e9s de nuestro formulario de contacto<\/li>\n<li>Formatos aceptados: stl,igs,iges,step,stp,zip (Sin embargo, para el mecanizado necesitaremos un archivo .IGS o .STEP .STP)<\/li>\n<li>Si por la forma de alg\u00fan objeto no podemos mecanizarlo, se lo comunicaremos.<\/li>\n<li>El tiempo normal de produccion de las piezas suele ser de alrededor de 7 d\u00edas, aun si dependera de la carga actual del taller, el stock de materiales, la complejidad de los modelos y la cantidad del pedido.<\/li>\n<li>Le informaremos cuando se env\u00ede su pedido.<\/li>\n<li>Nota: Cobramos una tarifa adicional de configuraci\u00f3n de la maquina y embalaje por cada pedido de 15 euros y 5 euros por cada pieza a mecanizar.<\/li>\n<li>Puede dejarnos algunas notas en el \u00faltimo paso, justo antes de enviar la solicitud de cotizaci\u00f3n.<\/li>\n<li>Para obtener m\u00e1s informaci\u00f3n y asistencia sobre los materiales, las tolerancias y los post procesado, consulte la informaci\u00f3n adicional a continuaci\u00f3n.<\/li>\n<\/ul>\n<p>&nbsp;<\/p>\n","protected":false},"featured_media":543,"comment_status":"open","ping_status":"closed","template":"","meta":[],"product_brand":[],"product_cat":[74],"product_tag":[],"class_list":{"0":"post-533","1":"product","2":"type-product","3":"status-publish","4":"has-post-thumbnail","6":"product_cat-cnc","7":"pa_p3d_coating-35","8":"pa_p3d_coating-78","9":"pa_p3d_coating-102","10":"pa_p3d_filename-all","11":"pa_p3d_infill-70","12":"pa_p3d_material-76","13":"pa_p3d_material-77","14":"pa_p3d_material-81","15":"pa_p3d_material-82","16":"pa_p3d_material-83","17":"pa_p3d_material-84","18":"pa_p3d_material-85","19":"pa_p3d_material-86","20":"pa_p3d_material-87","21":"pa_p3d_material-88","22":"pa_p3d_material-89","23":"pa_p3d_material-91","24":"pa_p3d_material-92","25":"pa_p3d_material-93","26":"pa_p3d_material-94","27":"pa_p3d_model-all","28":"pa_p3d_original_url-all","29":"pa_p3d_printer-75","30":"pa_p3d_scale-all","31":"pa_p3d_unit-all","33":"first","34":"instock","35":"taxable","36":"shipping-taxable","37":"purchasable","38":"product-type-variable"},"aioseo_notices":[],"jetpack-related-posts":[{"id":440,"url":"https:\/\/rj-engineering.com\/es\/product\/3d-print\/","url_meta":{"origin":533,"position":0},"title":"Impresi\u00f3n 3D Presupuesto Online","author":"Rodrigo","date":"diciembre 31, 2021","format":false,"excerpt":"Seleccione Impresora y Relleno antes de subir el archivo, de esta manera evitara que el precio se recalcule cuando modifique alguno de dichos parametros en el panel de configuracion. Si el an\u00e1lisis del objeto no se completa al 100% en menos de 1 minuto, env\u00edanos el fichero por correo y\u2026","rel":"","context":"Con 4 comentarios","block_context":{"text":"Con 4 comentarios","link":"https:\/\/rj-engineering.com\/es\/product\/3d-print\/#comments"},"img":{"alt_text":"","src":"https:\/\/i0.wp.com\/rj-engineering.com\/wp-content\/uploads\/2022\/01\/3dPrint.jpg?fit=1024%2C576&ssl=1&resize=350%2C200","width":350,"height":200,"srcset":"https:\/\/i0.wp.com\/rj-engineering.com\/wp-content\/uploads\/2022\/01\/3dPrint.jpg?fit=1024%2C576&ssl=1&resize=350%2C200 1x, https:\/\/i0.wp.com\/rj-engineering.com\/wp-content\/uploads\/2022\/01\/3dPrint.jpg?fit=1024%2C576&ssl=1&resize=525%2C300 1.5x, https:\/\/i0.wp.com\/rj-engineering.com\/wp-content\/uploads\/2022\/01\/3dPrint.jpg?fit=1024%2C576&ssl=1&resize=700%2C400 2x"},"classes":[]},{"id":464,"url":"https:\/\/rj-engineering.com\/es\/product\/3d-scanning\/","url_meta":{"origin":533,"position":1},"title":"Servicio de escaneo 3D","author":"Rodrigo","date":"enero 1, 2022","format":false,"excerpt":"Ofrecemos a precios realmente competitivos la posibilidad de digitalizar\u00a0 objetos a trav\u00e9s de nuestro escaner 3D, para objetos con menos volumen de 300cm3 normalmente cobramos 30 Euros, a\u00fan as\u00ed el precio siempre depender\u00e1 de la complejidad del objeto para ser escaneado. Esto significa que podemos capturar objetos en tres dimensiones\u2026","rel":"","context":"Con 1 comentario","block_context":{"text":"Con 1 comentario","link":"https:\/\/rj-engineering.com\/es\/product\/3d-scanning\/#comments"},"img":{"alt_text":"","src":"https:\/\/i0.wp.com\/rj-engineering.com\/wp-content\/uploads\/2022\/01\/3dscan-1.jpg?fit=1024%2C576&ssl=1&resize=350%2C200","width":350,"height":200,"srcset":"https:\/\/i0.wp.com\/rj-engineering.com\/wp-content\/uploads\/2022\/01\/3dscan-1.jpg?fit=1024%2C576&ssl=1&resize=350%2C200 1x, https:\/\/i0.wp.com\/rj-engineering.com\/wp-content\/uploads\/2022\/01\/3dscan-1.jpg?fit=1024%2C576&ssl=1&resize=525%2C300 1.5x, https:\/\/i0.wp.com\/rj-engineering.com\/wp-content\/uploads\/2022\/01\/3dscan-1.jpg?fit=1024%2C576&ssl=1&resize=700%2C400 2x"},"classes":[]},{"id":546,"url":"https:\/\/rj-engineering.com\/es\/product\/sand-casting\/","url_meta":{"origin":533,"position":2},"title":"Fundici\u00f3n con arena","author":"Rodrigo","date":"enero 3, 2022","format":false,"excerpt":"La fundici\u00f3n en arena es un proceso de fundici\u00f3n tradicional en el que el metal fundido se vierte en un molde hecho de arena. Debido a las caracter\u00edsticas flexibles de la fundici\u00f3n en arena, se utiliza para crear una variedad de piezas con geometr\u00edas complejas y es compatible con casi\u2026","rel":"","context":"Entrada similar","block_context":{"text":"Entrada similar","link":""},"img":{"alt_text":"","src":"https:\/\/i0.wp.com\/rj-engineering.com\/wp-content\/uploads\/2022\/01\/sand_casting.jpg?fit=1024%2C576&ssl=1&resize=350%2C200","width":350,"height":200,"srcset":"https:\/\/i0.wp.com\/rj-engineering.com\/wp-content\/uploads\/2022\/01\/sand_casting.jpg?fit=1024%2C576&ssl=1&resize=350%2C200 1x, https:\/\/i0.wp.com\/rj-engineering.com\/wp-content\/uploads\/2022\/01\/sand_casting.jpg?fit=1024%2C576&ssl=1&resize=525%2C300 1.5x, https:\/\/i0.wp.com\/rj-engineering.com\/wp-content\/uploads\/2022\/01\/sand_casting.jpg?fit=1024%2C576&ssl=1&resize=700%2C400 2x"},"classes":[]},{"id":559,"url":"https:\/\/rj-engineering.com\/es\/product\/composites\/","url_meta":{"origin":533,"position":3},"title":"Fibra de Carbono","author":"Rodrigo","date":"enero 3, 2022","format":false,"excerpt":"RJ Engineering fabrica piezas y productos de fibra de carbono para una amplia gama de industrias. Ya sea que est\u00e9 en deportes de motor o recreaci\u00f3n, nuestros servicios y la calidad de nuestros productos no te defraudaran. \u00a1\u00a1\u00a1No esperes y env\u00edanos los detalles de lo que tienes en mente!!! Podemos\u2026","rel":"","context":"Entrada similar","block_context":{"text":"Entrada similar","link":""},"img":{"alt_text":"","src":"https:\/\/i0.wp.com\/rj-engineering.com\/wp-content\/uploads\/2022\/01\/carbonfiber.jpg?fit=1024%2C576&ssl=1&resize=350%2C200","width":350,"height":200,"srcset":"https:\/\/i0.wp.com\/rj-engineering.com\/wp-content\/uploads\/2022\/01\/carbonfiber.jpg?fit=1024%2C576&ssl=1&resize=350%2C200 1x, https:\/\/i0.wp.com\/rj-engineering.com\/wp-content\/uploads\/2022\/01\/carbonfiber.jpg?fit=1024%2C576&ssl=1&resize=525%2C300 1.5x, https:\/\/i0.wp.com\/rj-engineering.com\/wp-content\/uploads\/2022\/01\/carbonfiber.jpg?fit=1024%2C576&ssl=1&resize=700%2C400 2x"},"classes":[]},{"id":1046,"url":"https:\/\/rj-engineering.com\/es\/product\/ecu-repro\/","url_meta":{"origin":533,"position":4},"title":"Reprogramacion ECU","author":"Rodrigo","date":"mayo 13, 2025","format":false,"excerpt":"En RJ Engineering somos expertos en reprogramar centralitas de vehiculos, ya sean gasolina o diesel y a un precio que nadie mas te podra ofrecer, trabajamos practicamente con todos los vehiculos del mercardo inclusive alta gama como Porche Ferrari o Maserati. Trabajamos con la prestigiosa empresa ecumap, la cual tiene\u2026","rel":"","context":"Entrada similar","block_context":{"text":"Entrada similar","link":""},"img":{"alt_text":"","src":"https:\/\/i0.wp.com\/rj-engineering.com\/wp-content\/uploads\/2025\/05\/chip-tunning.jpg?fit=530%2C298&ssl=1&resize=350%2C200","width":350,"height":200,"srcset":"https:\/\/i0.wp.com\/rj-engineering.com\/wp-content\/uploads\/2025\/05\/chip-tunning.jpg?fit=530%2C298&ssl=1&resize=350%2C200 1x, https:\/\/i0.wp.com\/rj-engineering.com\/wp-content\/uploads\/2025\/05\/chip-tunning.jpg?fit=530%2C298&ssl=1&resize=525%2C300 1.5x"},"classes":[]},{"id":1041,"url":"https:\/\/rj-engineering.com\/es\/product\/servicios-de-diseno-3d-y-pcbs\/","url_meta":{"origin":533,"position":5},"title":"Servico de Dise\u00f1o 3D y PCB&#8217;s","author":"Rodrigo","date":"mayo 11, 2025","format":false,"excerpt":"En RJ Engineering somos expertos en el dise\u00f1o de componentes y objetos en 3D, principalmente para el sector de la automocion ( vehiculos de competicion o modificados ), aunque\u00a0 podemos dise\u00f1ar practicamente cualquier objecto independiente de para lo que se quiera, podemos realizar tambien analisis de estres y aerodinamica si\u2026","rel":"","context":"Entrada similar","block_context":{"text":"Entrada similar","link":""},"img":{"alt_text":"","src":"https:\/\/i0.wp.com\/rj-engineering.com\/wp-content\/uploads\/2022\/01\/Flow-Trajectories-1.jpg?fit=1094%2C441&ssl=1&resize=350%2C200","width":350,"height":200,"srcset":"https:\/\/i0.wp.com\/rj-engineering.com\/wp-content\/uploads\/2022\/01\/Flow-Trajectories-1.jpg?fit=1094%2C441&ssl=1&resize=350%2C200 1x, https:\/\/i0.wp.com\/rj-engineering.com\/wp-content\/uploads\/2022\/01\/Flow-Trajectories-1.jpg?fit=1094%2C441&ssl=1&resize=525%2C300 1.5x, https:\/\/i0.wp.com\/rj-engineering.com\/wp-content\/uploads\/2022\/01\/Flow-Trajectories-1.jpg?fit=1094%2C441&ssl=1&resize=700%2C400 2x, https:\/\/i0.wp.com\/rj-engineering.com\/wp-content\/uploads\/2022\/01\/Flow-Trajectories-1.jpg?fit=1094%2C441&ssl=1&resize=1050%2C600 3x"},"classes":[]}],"jetpack_sharing_enabled":true,"_links":{"self":[{"href":"https:\/\/rj-engineering.com\/es\/wp-json\/wp\/v2\/product\/533","targetHints":{"allow":["GET"]}}],"collection":[{"href":"https:\/\/rj-engineering.com\/es\/wp-json\/wp\/v2\/product"}],"about":[{"href":"https:\/\/rj-engineering.com\/es\/wp-json\/wp\/v2\/types\/product"}],"replies":[{"embeddable":true,"href":"https:\/\/rj-engineering.com\/es\/wp-json\/wp\/v2\/comments?post=533"}],"wp:featuredmedia":[{"embeddable":true,"href":"https:\/\/rj-engineering.com\/es\/wp-json\/wp\/v2\/media\/543"}],"wp:attachment":[{"href":"https:\/\/rj-engineering.com\/es\/wp-json\/wp\/v2\/media?parent=533"}],"wp:term":[{"taxonomy":"product_brand","embeddable":true,"href":"https:\/\/rj-engineering.com\/es\/wp-json\/wp\/v2\/product_brand?post=533"},{"taxonomy":"product_cat","embeddable":true,"href":"https:\/\/rj-engineering.com\/es\/wp-json\/wp\/v2\/product_cat?post=533"},{"taxonomy":"product_tag","embeddable":true,"href":"https:\/\/rj-engineering.com\/es\/wp-json\/wp\/v2\/product_tag?post=533"}],"curies":[{"name":"wp","href":"https:\/\/api.w.org\/{rel}","templated":true}]}}