{"id":546,"date":"2022-01-03T13:50:21","date_gmt":"2022-01-03T12:50:21","guid":{"rendered":"https:\/\/rj-engineering.com\/?post_type=product&#038;p=546"},"modified":"2025-05-15T15:01:19","modified_gmt":"2025-05-15T14:01:19","slug":"sand-casting","status":"publish","type":"product","link":"https:\/\/rj-engineering.com\/es\/product\/sand-casting\/","title":{"rendered":"Fundici\u00f3n con arena"},"content":{"rendered":"<p><strong>Materiales<\/strong><br \/>\nPodemos fundir materiales como aluminio, hierro, acero, bronce, magnesio.<br \/>\nSi tienes dudas sobre qu\u00e9 material ser\u00eda el m\u00e1s adecuado para tu aplicaci\u00f3n, consulta con nosotros!!<br \/>\nNormalmente podemos moldear objetos de hasta 500x 500 x 250 mm (LxWxH) y un peso de 6 kilogramos.<\/p>\n<p><strong>Precios<\/strong><br \/>\nEl precio variar\u00e1 seg\u00fan el material utilizado, el tama\u00f1o y la forma del objeto; sin embargo, la fundici\u00f3n en arena es uno de los m\u00e9todos m\u00e1s asequibles para producir piezas de metal. Env\u00edenos su consulta e intentaremos responderle con un presupuesto en menos de 8 horas. .<\/p>\n<p><strong>Nuestras capacidades:<\/strong><br \/>\n\u2013 Fundir a partir de un dise\u00f1o 3D, env\u00edanos tu dise\u00f1o y te responderemos en menos de 8 horas.<br \/>\n\u2013 Duplicar un objeto real, puedes enviarnos tu objeto o puedes entregarlo personalmente en nuestro taller, previo acuerdo.<\/p>\n<p><strong>Posprocesamiento:<\/strong><br \/>\nOfrecemos tambi\u00e9n servicio de post-procesado en nuestras m\u00e1quinas CNC\/Torno para acabados de alta calidad o superficies lisas<\/p>\n<p><strong>Pintura:<\/strong><br \/>\nTambi\u00e9n ofrecemos servicio de pintura en diferentes colores, utilizamos pintura alemana de alta calidad \u201cHammerite\u201d para evitar la corrosi\u00f3n.<\/p>\n","protected":false},"excerpt":{"rendered":"<p>La fundici\u00f3n en arena es un proceso de fundici\u00f3n tradicional en el que el metal fundido se vierte en un molde hecho de arena. Debido a las caracter\u00edsticas flexibles de la fundici\u00f3n en arena, se utiliza para crear una variedad de piezas con geometr\u00edas complejas y es compatible con casi cualquier aleaci\u00f3n.<\/p>\n<p>La fundici\u00f3n en arena no est\u00e1 limitada por el tama\u00f1o, la forma o la complejidad de las piezas fundidas. Tambi\u00e9n es una opci\u00f3n de fundici\u00f3n de bajo costo con un ciclo de producci\u00f3n corto.<\/p>\n<p>Los pasos del proceso de fundici\u00f3n en arena incluyen: crear una forma de molde en arena, configurar el sistema de compuertas, quitar el patr\u00f3n del molde, verter metal fundido en la cavidad del molde, esperar a que el metal se enfr\u00ede, abrir el molde para quitar el metal Fundici\u00f3n, procesamiento de acabado.<\/p>\n<p>Las opciones que ofrece la fundici\u00f3n en arena son m\u00faltiples, consulte a continuaci\u00f3n nuestras capacidades de fundici\u00f3n y env\u00edenos su consulta<\/p>\n<p><span title=\"\">[contact-form-7 id=\"261\" title=\"Contact form\"]<\/span><\/p>\n","protected":false},"featured_media":696,"comment_status":"open","ping_status":"closed","template":"","meta":[],"product_brand":[],"product_cat":[79],"product_tag":[],"class_list":{"0":"post-546","1":"product","2":"type-product","3":"status-publish","4":"has-post-thumbnail","6":"product_cat-casting","8":"first","9":"instock","10":"taxable","11":"shipping-taxable","12":"product-type-simple"},"aioseo_notices":[],"jetpack-related-posts":[{"id":464,"url":"https:\/\/rj-engineering.com\/es\/product\/3d-scanning\/","url_meta":{"origin":546,"position":0},"title":"Servicio de escaneo 3D","author":"Rodrigo","date":"enero 1, 2022","format":false,"excerpt":"Ofrecemos a precios realmente competitivos la posibilidad de digitalizar\u00a0 objetos a trav\u00e9s de nuestro escaner 3D, para objetos con menos volumen de 300cm3 normalmente cobramos 30 Euros, a\u00fan as\u00ed el precio siempre depender\u00e1 de la complejidad del objeto para ser escaneado. Esto significa que podemos capturar objetos en tres dimensiones\u2026","rel":"","context":"Con 1 comentario","block_context":{"text":"Con 1 comentario","link":"https:\/\/rj-engineering.com\/es\/product\/3d-scanning\/#comments"},"img":{"alt_text":"","src":"https:\/\/i0.wp.com\/rj-engineering.com\/wp-content\/uploads\/2022\/01\/3dscan-1.jpg?fit=1024%2C576&ssl=1&resize=350%2C200","width":350,"height":200,"srcset":"https:\/\/i0.wp.com\/rj-engineering.com\/wp-content\/uploads\/2022\/01\/3dscan-1.jpg?fit=1024%2C576&ssl=1&resize=350%2C200 1x, https:\/\/i0.wp.com\/rj-engineering.com\/wp-content\/uploads\/2022\/01\/3dscan-1.jpg?fit=1024%2C576&ssl=1&resize=525%2C300 1.5x, https:\/\/i0.wp.com\/rj-engineering.com\/wp-content\/uploads\/2022\/01\/3dscan-1.jpg?fit=1024%2C576&ssl=1&resize=700%2C400 2x"},"classes":[]},{"id":559,"url":"https:\/\/rj-engineering.com\/es\/product\/composites\/","url_meta":{"origin":546,"position":1},"title":"Fibra de Carbono","author":"Rodrigo","date":"enero 3, 2022","format":false,"excerpt":"RJ Engineering fabrica piezas y productos de fibra de carbono para una amplia gama de industrias. Ya sea que est\u00e9 en deportes de motor o recreaci\u00f3n, nuestros servicios y la calidad de nuestros productos no te defraudaran. \u00a1\u00a1\u00a1No esperes y env\u00edanos los detalles de lo que tienes en mente!!! Podemos\u2026","rel":"","context":"Entrada similar","block_context":{"text":"Entrada similar","link":""},"img":{"alt_text":"","src":"https:\/\/i0.wp.com\/rj-engineering.com\/wp-content\/uploads\/2022\/01\/carbonfiber.jpg?fit=1024%2C576&ssl=1&resize=350%2C200","width":350,"height":200,"srcset":"https:\/\/i0.wp.com\/rj-engineering.com\/wp-content\/uploads\/2022\/01\/carbonfiber.jpg?fit=1024%2C576&ssl=1&resize=350%2C200 1x, https:\/\/i0.wp.com\/rj-engineering.com\/wp-content\/uploads\/2022\/01\/carbonfiber.jpg?fit=1024%2C576&ssl=1&resize=525%2C300 1.5x, https:\/\/i0.wp.com\/rj-engineering.com\/wp-content\/uploads\/2022\/01\/carbonfiber.jpg?fit=1024%2C576&ssl=1&resize=700%2C400 2x"},"classes":[]},{"id":667,"url":"https:\/\/rj-engineering.com\/es\/product\/tig-welding\/","url_meta":{"origin":546,"position":2},"title":"Soldadura TIG &#038; MIG","author":"Rodrigo","date":"enero 5, 2022","format":false,"excerpt":"\u00bfBuscas un Soldador TIG o MIG en Madrid a precios realmente competitivos? En RJ Engineering tenemos una basta experiencia en trabajos de soldadura, ya sea TIG o MIG, normalmente con gas. Podemos llevar a cabo practicamente cualquier proyecto siempre y cuando el objeto a producir sea de dimensiones manejables. Principalmente\u2026","rel":"","context":"Entrada similar","block_context":{"text":"Entrada similar","link":""},"img":{"alt_text":"","src":"https:\/\/i0.wp.com\/rj-engineering.com\/wp-content\/uploads\/2022\/01\/tig-welding.jpg?fit=1024%2C576&ssl=1&resize=350%2C200","width":350,"height":200,"srcset":"https:\/\/i0.wp.com\/rj-engineering.com\/wp-content\/uploads\/2022\/01\/tig-welding.jpg?fit=1024%2C576&ssl=1&resize=350%2C200 1x, https:\/\/i0.wp.com\/rj-engineering.com\/wp-content\/uploads\/2022\/01\/tig-welding.jpg?fit=1024%2C576&ssl=1&resize=525%2C300 1.5x, https:\/\/i0.wp.com\/rj-engineering.com\/wp-content\/uploads\/2022\/01\/tig-welding.jpg?fit=1024%2C576&ssl=1&resize=700%2C400 2x"},"classes":[]},{"id":440,"url":"https:\/\/rj-engineering.com\/es\/product\/3d-print\/","url_meta":{"origin":546,"position":3},"title":"Impresi\u00f3n 3D Presupuesto Online","author":"Rodrigo","date":"diciembre 31, 2021","format":false,"excerpt":"Seleccione Impresora y Relleno antes de subir el archivo, de esta manera evitara que el precio se recalcule cuando modifique alguno de dichos parametros en el panel de configuracion. Si el an\u00e1lisis del objeto no se completa al 100% en menos de 1 minuto, env\u00edanos el fichero por correo y\u2026","rel":"","context":"Con 4 comentarios","block_context":{"text":"Con 4 comentarios","link":"https:\/\/rj-engineering.com\/es\/product\/3d-print\/#comments"},"img":{"alt_text":"","src":"https:\/\/i0.wp.com\/rj-engineering.com\/wp-content\/uploads\/2022\/01\/3dPrint.jpg?fit=1024%2C576&ssl=1&resize=350%2C200","width":350,"height":200,"srcset":"https:\/\/i0.wp.com\/rj-engineering.com\/wp-content\/uploads\/2022\/01\/3dPrint.jpg?fit=1024%2C576&ssl=1&resize=350%2C200 1x, https:\/\/i0.wp.com\/rj-engineering.com\/wp-content\/uploads\/2022\/01\/3dPrint.jpg?fit=1024%2C576&ssl=1&resize=525%2C300 1.5x, https:\/\/i0.wp.com\/rj-engineering.com\/wp-content\/uploads\/2022\/01\/3dPrint.jpg?fit=1024%2C576&ssl=1&resize=700%2C400 2x"},"classes":[]},{"id":533,"url":"https:\/\/rj-engineering.com\/es\/product\/cnc-service\/","url_meta":{"origin":546,"position":4},"title":"Presupuesto Mecanizado CNC\/Torno","author":"Rodrigo","date":"enero 2, 2022","format":false,"excerpt":"Cargue cada archivo que desee mecanizar con CNC y solic\u00edtenos un presupuesto, o compr\u00edmalos todos y env\u00edenos a trav\u00e9s del formulario de contacto, le responderemos en menos de 8 horas. Si lo que tienes es un dibujo u otro tipo de archivos, empaqueta todo en un zip y env\u00edalo a\u2026","rel":"","context":"Entrada similar","block_context":{"text":"Entrada similar","link":""},"img":{"alt_text":"","src":"https:\/\/i0.wp.com\/rj-engineering.com\/wp-content\/uploads\/2022\/01\/cnc-1.jpg?fit=1024%2C576&ssl=1&resize=350%2C200","width":350,"height":200,"srcset":"https:\/\/i0.wp.com\/rj-engineering.com\/wp-content\/uploads\/2022\/01\/cnc-1.jpg?fit=1024%2C576&ssl=1&resize=350%2C200 1x, https:\/\/i0.wp.com\/rj-engineering.com\/wp-content\/uploads\/2022\/01\/cnc-1.jpg?fit=1024%2C576&ssl=1&resize=525%2C300 1.5x, https:\/\/i0.wp.com\/rj-engineering.com\/wp-content\/uploads\/2022\/01\/cnc-1.jpg?fit=1024%2C576&ssl=1&resize=700%2C400 2x"},"classes":[]},{"id":1041,"url":"https:\/\/rj-engineering.com\/es\/product\/servicios-de-diseno-3d-y-pcbs\/","url_meta":{"origin":546,"position":5},"title":"Servico de Dise\u00f1o 3D y PCB&#8217;s","author":"Rodrigo","date":"mayo 11, 2025","format":false,"excerpt":"En RJ Engineering somos expertos en el dise\u00f1o de componentes y objetos en 3D, principalmente para el sector de la automocion ( vehiculos de competicion o modificados ), aunque\u00a0 podemos dise\u00f1ar practicamente cualquier objecto independiente de para lo que se quiera, podemos realizar tambien analisis de estres y aerodinamica si\u2026","rel":"","context":"Entrada similar","block_context":{"text":"Entrada similar","link":""},"img":{"alt_text":"","src":"https:\/\/i0.wp.com\/rj-engineering.com\/wp-content\/uploads\/2022\/01\/Flow-Trajectories-1.jpg?fit=1094%2C441&ssl=1&resize=350%2C200","width":350,"height":200,"srcset":"https:\/\/i0.wp.com\/rj-engineering.com\/wp-content\/uploads\/2022\/01\/Flow-Trajectories-1.jpg?fit=1094%2C441&ssl=1&resize=350%2C200 1x, https:\/\/i0.wp.com\/rj-engineering.com\/wp-content\/uploads\/2022\/01\/Flow-Trajectories-1.jpg?fit=1094%2C441&ssl=1&resize=525%2C300 1.5x, https:\/\/i0.wp.com\/rj-engineering.com\/wp-content\/uploads\/2022\/01\/Flow-Trajectories-1.jpg?fit=1094%2C441&ssl=1&resize=700%2C400 2x, https:\/\/i0.wp.com\/rj-engineering.com\/wp-content\/uploads\/2022\/01\/Flow-Trajectories-1.jpg?fit=1094%2C441&ssl=1&resize=1050%2C600 3x"},"classes":[]}],"jetpack_sharing_enabled":true,"_links":{"self":[{"href":"https:\/\/rj-engineering.com\/es\/wp-json\/wp\/v2\/product\/546","targetHints":{"allow":["GET"]}}],"collection":[{"href":"https:\/\/rj-engineering.com\/es\/wp-json\/wp\/v2\/product"}],"about":[{"href":"https:\/\/rj-engineering.com\/es\/wp-json\/wp\/v2\/types\/product"}],"replies":[{"embeddable":true,"href":"https:\/\/rj-engineering.com\/es\/wp-json\/wp\/v2\/comments?post=546"}],"wp:featuredmedia":[{"embeddable":true,"href":"https:\/\/rj-engineering.com\/es\/wp-json\/wp\/v2\/media\/696"}],"wp:attachment":[{"href":"https:\/\/rj-engineering.com\/es\/wp-json\/wp\/v2\/media?parent=546"}],"wp:term":[{"taxonomy":"product_brand","embeddable":true,"href":"https:\/\/rj-engineering.com\/es\/wp-json\/wp\/v2\/product_brand?post=546"},{"taxonomy":"product_cat","embeddable":true,"href":"https:\/\/rj-engineering.com\/es\/wp-json\/wp\/v2\/product_cat?post=546"},{"taxonomy":"product_tag","embeddable":true,"href":"https:\/\/rj-engineering.com\/es\/wp-json\/wp\/v2\/product_tag?post=546"}],"curies":[{"name":"wp","href":"https:\/\/api.w.org\/{rel}","templated":true}]}}