{"id":559,"date":"2022-01-03T19:43:17","date_gmt":"2022-01-03T18:43:17","guid":{"rendered":"https:\/\/rj-engineering.com\/?post_type=product&#038;p=559"},"modified":"2025-12-23T21:16:29","modified_gmt":"2025-12-23T20:16:29","slug":"composites","status":"publish","type":"product","link":"https:\/\/rj-engineering.com\/es\/product\/composites\/","title":{"rendered":"Fibra de Carbono"},"content":{"rendered":"<h4>Nuestras capacidades<\/h4>\n<div class=\"grid-x\">\n<div class=\"small-12 medium-6\">\n<ul>\n<li>Transformar dise\u00f1os 3d a un producto en fibra\u00a0 de carbono<\/li>\n<li>Crear moldes para objetos<\/li>\n<li>Forrado de objectos<\/li>\n<li>Fabricaci\u00f3n de moldes con diferentes materiales seg\u00fan requerimientos.<\/li>\n<li>Metodo &#8216;wet-layering&#8217;<\/li>\n<li>Prepeg Carbon<\/li>\n<li>Embolsado al vac\u00edo y curado en horno<\/li>\n<\/ul>\n<\/div>\n<h4>Operaciones secundarias<\/h4>\n<div class=\"small-12 medium-6\">\n<ul>\n<li>Mecanizado en CNC, acabado<\/li>\n<li>Roscas\/Remaches insertados, bonding de materials differentes&#8230;.<\/li>\n<\/ul>\n<\/div>\n<h4>Materiales<\/h4>\n<div class=\"small-12 medium-6\">\n<ul>\n<li>Fibra de carbono<\/li>\n<li>Fibra de vidrio<\/li>\n<li>Aramid\/Aluminio honeycombs<\/li>\n<li>Remaches para fibra de carbono<\/li>\n<\/ul>\n<\/div>\n<\/div>\n","protected":false},"excerpt":{"rendered":"<p>RJ Engineering fabrica piezas y productos de fibra de carbono para una amplia gama de industrias. Ya sea que est\u00e9 en deportes de motor o recreaci\u00f3n, nuestros servicios y la calidad de nuestros productos no te defraudaran.<br \/>\n\u00a1\u00a1\u00a1No esperes y env\u00edanos los detalles de lo que tienes en mente!!!<\/p>\n<ul>\n<li>Podemos realizar trabajos de forrado a precios realmente competitivos, por ejemplo, para forrar las molduras interiores de su autom\u00f3vil.<\/li>\n<li>Podemos producir piezas de fibra de carbono\/fibra de vidrio a partir de dise\u00f1os CAD en 3D o tambi\u00e9n copiar objetos reales.<\/li>\n<li>Podemos producir moldes de uno o varios elementos para posteriormente producir piezas de carbono de alta calidad.<\/li>\n<li>Trabajamos con roscas\/remaches especiales para fibra, nido de abeja en aramid o aluminio para reforzar las piezas si as\u00ed se requiere.<\/li>\n<li>Puedes ver algunos de nuestros trabajos\u00a0<strong><span style=\"color: #ff0000;\"><a style=\"color: #ff0000;\" title=\"Trabajos con fibra carbono\" href=\"https:\/\/rj-engineering.com\/composite-works\/\">aqui<\/a><\/span><\/strong><\/li>\n<li>Env\u00edenos su consulta e intentaremos volver en menos de 8 horas.<\/li>\n<\/ul>\n<p><span title=\"\">[contact-form-7 id=\"261\" title=\"Contact form\"]<\/span><\/p>\n","protected":false},"featured_media":560,"comment_status":"open","ping_status":"closed","template":"","meta":[],"product_brand":[],"product_cat":[80],"product_tag":[],"class_list":{"0":"post-559","1":"product","2":"type-product","3":"status-publish","4":"has-post-thumbnail","6":"product_cat-composites","8":"first","9":"instock","10":"taxable","11":"shipping-taxable","12":"product-type-simple"},"aioseo_notices":[],"jetpack-related-posts":[{"id":955,"url":"https:\/\/rj-engineering.com\/es\/product\/bmw-m3-e46-csl-replica-admision-carbono\/","url_meta":{"origin":559,"position":0},"title":"Admision Carbono BMW M3 e46 CSL","author":"Rodrigo","date":"octubre 14, 2023","format":false,"excerpt":"\u00a0 Admision tipo CSL\u00a0 fabricada en fibra de carbono reforzado con nido\u00a0 de abeja\u00a0 nomex de 3 mma un precio inigualable. Post-curada en horno a temperatura creciente desde de 60 hasta 100 grados centigrados , lo que le confiere una mayor estabilidad tanto t\u00e9rmica como estructural. Adem\u00e1s de un aumento\u2026","rel":"","context":"Entrada similar","block_context":{"text":"Entrada similar","link":""},"img":{"alt_text":"","src":"https:\/\/i0.wp.com\/rj-engineering.com\/wp-content\/uploads\/2025\/04\/M3-carbon-airbox-9.jpg?fit=1020%2C768&ssl=1&resize=350%2C200","width":350,"height":200,"srcset":"https:\/\/i0.wp.com\/rj-engineering.com\/wp-content\/uploads\/2025\/04\/M3-carbon-airbox-9.jpg?fit=1020%2C768&ssl=1&resize=350%2C200 1x, https:\/\/i0.wp.com\/rj-engineering.com\/wp-content\/uploads\/2025\/04\/M3-carbon-airbox-9.jpg?fit=1020%2C768&ssl=1&resize=525%2C300 1.5x, https:\/\/i0.wp.com\/rj-engineering.com\/wp-content\/uploads\/2025\/04\/M3-carbon-airbox-9.jpg?fit=1020%2C768&ssl=1&resize=700%2C400 2x"},"classes":[]},{"id":533,"url":"https:\/\/rj-engineering.com\/es\/product\/cnc-service\/","url_meta":{"origin":559,"position":1},"title":"Presupuesto Mecanizado CNC\/Torno","author":"Rodrigo","date":"enero 2, 2022","format":false,"excerpt":"Cargue cada archivo que desee mecanizar con CNC y solic\u00edtenos un presupuesto, o compr\u00edmalos todos y env\u00edenos a trav\u00e9s del formulario de contacto, le responderemos en menos de 8 horas. Si lo que tienes es un dibujo u otro tipo de archivos, empaqueta todo en un zip y env\u00edalo a\u2026","rel":"","context":"Entrada similar","block_context":{"text":"Entrada similar","link":""},"img":{"alt_text":"","src":"https:\/\/i0.wp.com\/rj-engineering.com\/wp-content\/uploads\/2022\/01\/cnc-1.jpg?fit=1024%2C576&ssl=1&resize=350%2C200","width":350,"height":200,"srcset":"https:\/\/i0.wp.com\/rj-engineering.com\/wp-content\/uploads\/2022\/01\/cnc-1.jpg?fit=1024%2C576&ssl=1&resize=350%2C200 1x, https:\/\/i0.wp.com\/rj-engineering.com\/wp-content\/uploads\/2022\/01\/cnc-1.jpg?fit=1024%2C576&ssl=1&resize=525%2C300 1.5x, https:\/\/i0.wp.com\/rj-engineering.com\/wp-content\/uploads\/2022\/01\/cnc-1.jpg?fit=1024%2C576&ssl=1&resize=700%2C400 2x"},"classes":[]},{"id":546,"url":"https:\/\/rj-engineering.com\/es\/product\/sand-casting\/","url_meta":{"origin":559,"position":2},"title":"Fundici\u00f3n con arena","author":"Rodrigo","date":"enero 3, 2022","format":false,"excerpt":"La fundici\u00f3n en arena es un proceso de fundici\u00f3n tradicional en el que el metal fundido se vierte en un molde hecho de arena. Debido a las caracter\u00edsticas flexibles de la fundici\u00f3n en arena, se utiliza para crear una variedad de piezas con geometr\u00edas complejas y es compatible con casi\u2026","rel":"","context":"Entrada similar","block_context":{"text":"Entrada similar","link":""},"img":{"alt_text":"","src":"https:\/\/i0.wp.com\/rj-engineering.com\/wp-content\/uploads\/2022\/01\/sand_casting.jpg?fit=1024%2C576&ssl=1&resize=350%2C200","width":350,"height":200,"srcset":"https:\/\/i0.wp.com\/rj-engineering.com\/wp-content\/uploads\/2022\/01\/sand_casting.jpg?fit=1024%2C576&ssl=1&resize=350%2C200 1x, https:\/\/i0.wp.com\/rj-engineering.com\/wp-content\/uploads\/2022\/01\/sand_casting.jpg?fit=1024%2C576&ssl=1&resize=525%2C300 1.5x, https:\/\/i0.wp.com\/rj-engineering.com\/wp-content\/uploads\/2022\/01\/sand_casting.jpg?fit=1024%2C576&ssl=1&resize=700%2C400 2x"},"classes":[]},{"id":440,"url":"https:\/\/rj-engineering.com\/es\/product\/3d-print\/","url_meta":{"origin":559,"position":3},"title":"Impresi\u00f3n 3D Presupuesto Online","author":"Rodrigo","date":"diciembre 31, 2021","format":false,"excerpt":"Seleccione Impresora y Relleno antes de subir el archivo, de esta manera evitara que el precio se recalcule cuando modifique alguno de dichos parametros en el panel de configuracion. Si el an\u00e1lisis del objeto no se completa al 100% en menos de 1 minuto, env\u00edanos el fichero por correo y\u2026","rel":"","context":"Con 4 comentarios","block_context":{"text":"Con 4 comentarios","link":"https:\/\/rj-engineering.com\/es\/product\/3d-print\/#comments"},"img":{"alt_text":"","src":"https:\/\/i0.wp.com\/rj-engineering.com\/wp-content\/uploads\/2022\/01\/3dPrint.jpg?fit=1024%2C576&ssl=1&resize=350%2C200","width":350,"height":200,"srcset":"https:\/\/i0.wp.com\/rj-engineering.com\/wp-content\/uploads\/2022\/01\/3dPrint.jpg?fit=1024%2C576&ssl=1&resize=350%2C200 1x, https:\/\/i0.wp.com\/rj-engineering.com\/wp-content\/uploads\/2022\/01\/3dPrint.jpg?fit=1024%2C576&ssl=1&resize=525%2C300 1.5x, https:\/\/i0.wp.com\/rj-engineering.com\/wp-content\/uploads\/2022\/01\/3dPrint.jpg?fit=1024%2C576&ssl=1&resize=700%2C400 2x"},"classes":[]},{"id":1041,"url":"https:\/\/rj-engineering.com\/es\/product\/servicios-de-diseno-3d-y-pcbs\/","url_meta":{"origin":559,"position":4},"title":"Servico de Dise\u00f1o 3D y PCB&#8217;s","author":"Rodrigo","date":"mayo 11, 2025","format":false,"excerpt":"En RJ Engineering somos expertos en el dise\u00f1o de componentes y objetos en 3D, principalmente para el sector de la automocion ( vehiculos de competicion o modificados ), aunque\u00a0 podemos dise\u00f1ar practicamente cualquier objecto independiente de para lo que se quiera, podemos realizar tambien analisis de estres y aerodinamica si\u2026","rel":"","context":"Entrada similar","block_context":{"text":"Entrada similar","link":""},"img":{"alt_text":"","src":"https:\/\/i0.wp.com\/rj-engineering.com\/wp-content\/uploads\/2022\/01\/Flow-Trajectories-1.jpg?fit=1094%2C441&ssl=1&resize=350%2C200","width":350,"height":200,"srcset":"https:\/\/i0.wp.com\/rj-engineering.com\/wp-content\/uploads\/2022\/01\/Flow-Trajectories-1.jpg?fit=1094%2C441&ssl=1&resize=350%2C200 1x, https:\/\/i0.wp.com\/rj-engineering.com\/wp-content\/uploads\/2022\/01\/Flow-Trajectories-1.jpg?fit=1094%2C441&ssl=1&resize=525%2C300 1.5x, https:\/\/i0.wp.com\/rj-engineering.com\/wp-content\/uploads\/2022\/01\/Flow-Trajectories-1.jpg?fit=1094%2C441&ssl=1&resize=700%2C400 2x, https:\/\/i0.wp.com\/rj-engineering.com\/wp-content\/uploads\/2022\/01\/Flow-Trajectories-1.jpg?fit=1094%2C441&ssl=1&resize=1050%2C600 3x"},"classes":[]},{"id":667,"url":"https:\/\/rj-engineering.com\/es\/product\/tig-welding\/","url_meta":{"origin":559,"position":5},"title":"Soldadura TIG &#038; MIG","author":"Rodrigo","date":"enero 5, 2022","format":false,"excerpt":"\u00bfBuscas un Soldador TIG o MIG en Madrid a precios realmente competitivos? En RJ Engineering tenemos una basta experiencia en trabajos de soldadura, ya sea TIG o MIG, normalmente con gas. Podemos llevar a cabo practicamente cualquier proyecto siempre y cuando el objeto a producir sea de dimensiones manejables. Principalmente\u2026","rel":"","context":"Entrada similar","block_context":{"text":"Entrada similar","link":""},"img":{"alt_text":"","src":"https:\/\/i0.wp.com\/rj-engineering.com\/wp-content\/uploads\/2022\/01\/tig-welding.jpg?fit=1024%2C576&ssl=1&resize=350%2C200","width":350,"height":200,"srcset":"https:\/\/i0.wp.com\/rj-engineering.com\/wp-content\/uploads\/2022\/01\/tig-welding.jpg?fit=1024%2C576&ssl=1&resize=350%2C200 1x, https:\/\/i0.wp.com\/rj-engineering.com\/wp-content\/uploads\/2022\/01\/tig-welding.jpg?fit=1024%2C576&ssl=1&resize=525%2C300 1.5x, https:\/\/i0.wp.com\/rj-engineering.com\/wp-content\/uploads\/2022\/01\/tig-welding.jpg?fit=1024%2C576&ssl=1&resize=700%2C400 2x"},"classes":[]}],"jetpack_sharing_enabled":true,"_links":{"self":[{"href":"https:\/\/rj-engineering.com\/es\/wp-json\/wp\/v2\/product\/559","targetHints":{"allow":["GET"]}}],"collection":[{"href":"https:\/\/rj-engineering.com\/es\/wp-json\/wp\/v2\/product"}],"about":[{"href":"https:\/\/rj-engineering.com\/es\/wp-json\/wp\/v2\/types\/product"}],"replies":[{"embeddable":true,"href":"https:\/\/rj-engineering.com\/es\/wp-json\/wp\/v2\/comments?post=559"}],"wp:featuredmedia":[{"embeddable":true,"href":"https:\/\/rj-engineering.com\/es\/wp-json\/wp\/v2\/media\/560"}],"wp:attachment":[{"href":"https:\/\/rj-engineering.com\/es\/wp-json\/wp\/v2\/media?parent=559"}],"wp:term":[{"taxonomy":"product_brand","embeddable":true,"href":"https:\/\/rj-engineering.com\/es\/wp-json\/wp\/v2\/product_brand?post=559"},{"taxonomy":"product_cat","embeddable":true,"href":"https:\/\/rj-engineering.com\/es\/wp-json\/wp\/v2\/product_cat?post=559"},{"taxonomy":"product_tag","embeddable":true,"href":"https:\/\/rj-engineering.com\/es\/wp-json\/wp\/v2\/product_tag?post=559"}],"curies":[{"name":"wp","href":"https:\/\/api.w.org\/{rel}","templated":true}]}}