{"id":667,"date":"2022-01-05T12:26:08","date_gmt":"2022-01-05T11:26:08","guid":{"rendered":"https:\/\/rj-engineering.com\/?post_type=product&#038;p=667"},"modified":"2025-10-31T00:05:10","modified_gmt":"2025-10-30T23:05:10","slug":"tig-welding","status":"publish","type":"product","link":"https:\/\/rj-engineering.com\/es\/product\/tig-welding\/","title":{"rendered":"Soldadura TIG &#038; MIG"},"content":{"rendered":"<h5>ACERO INOXIDABLE<\/h5>\n<p>Acero inoxidable para equipos comerciales\/de catering y acero inoxidable para exteriores e interiores o para cualquier otro prop\u00f3sito.<br \/>\nPodemos fabricar sistemas de escape de acero inoxidable personalizados desde motocicletas hasta camiones.<br \/>\nPodemos soldar acero inoxidable grados 316 y 304 y m\u00e1s.<\/p>\n<h5>ALUMINIO<\/h5>\n<p>Podemos realizar trabajos de soldadura y fabricaci\u00f3n para todos los requisitos de aluminio. Ofrecemos un servicio de reparaci\u00f3n de grietas en aleaciones que cubre:<br \/>\nLlantas de aleaci\u00f3n<br \/>\nDep\u00f3sitos de gas\u00f3leo de aluminio<br \/>\nCajas de cambios de aluminio<br \/>\nSumideros agrietados<br \/>\ny mucho m\u00e1s\u2026<br \/>\nPodemos ofrecer soldadura de aluminio para los grados 5052, 6061, 6063 y m\u00e1s.<\/p>\n<h5>TITANIO<\/h5>\n<p>El titanio y sus aleaciones ofrecen una excelente resistencia a la corrosi\u00f3n de \u00e1cidos, cloruros y sal con un amplio rango de temperatura de servicio continuo y la mayor relaci\u00f3n resistencia-peso de cualquier metal.<br \/>\nPodemos manejar la mayor\u00eda de los requisitos de soldadura de titanio. Por ejemplo, tubos de escape de titanio.<\/p>\n<h5>ALGUNAS FOTOS DE NUESTRO TRABAJO<\/h5>\n<div id='gallery-1' class='gallery galleryid-667 gallery-columns-2 gallery-size-large'><figure class='gallery-item'>\n\t\t\t<div class='gallery-icon landscape'>\n\t\t\t\t<a href='https:\/\/rj-engineering.com\/es\/?attachment_id=675'><img loading=\"lazy\" decoding=\"async\" width=\"1024\" height=\"769\" src=\"https:\/\/i0.wp.com\/rj-engineering.com\/wp-content\/uploads\/2022\/01\/1641753562419-scaled.jpg?fit=1024%2C769&amp;ssl=1\" class=\"attachment-large size-large\" alt=\"SS lambda boss\" srcset=\"https:\/\/i0.wp.com\/rj-engineering.com\/wp-content\/uploads\/2022\/01\/1641753562419-scaled.jpg?w=2560&amp;ssl=1 2560w, https:\/\/i0.wp.com\/rj-engineering.com\/wp-content\/uploads\/2022\/01\/1641753562419-scaled.jpg?resize=300%2C225&amp;ssl=1 300w, https:\/\/i0.wp.com\/rj-engineering.com\/wp-content\/uploads\/2022\/01\/1641753562419-scaled.jpg?resize=1024%2C769&amp;ssl=1 1024w, https:\/\/i0.wp.com\/rj-engineering.com\/wp-content\/uploads\/2022\/01\/1641753562419-scaled.jpg?resize=768%2C577&amp;ssl=1 768w, https:\/\/i0.wp.com\/rj-engineering.com\/wp-content\/uploads\/2022\/01\/1641753562419-scaled.jpg?resize=1536%2C1153&amp;ssl=1 1536w, https:\/\/i0.wp.com\/rj-engineering.com\/wp-content\/uploads\/2022\/01\/1641753562419-scaled.jpg?resize=2048%2C1538&amp;ssl=1 2048w, https:\/\/i0.wp.com\/rj-engineering.com\/wp-content\/uploads\/2022\/01\/1641753562419-scaled.jpg?resize=16%2C12&amp;ssl=1 16w, https:\/\/i0.wp.com\/rj-engineering.com\/wp-content\/uploads\/2022\/01\/1641753562419-scaled.jpg?resize=1140%2C856&amp;ssl=1 1140w, https:\/\/i0.wp.com\/rj-engineering.com\/wp-content\/uploads\/2022\/01\/1641753562419-scaled.jpg?resize=920%2C691&amp;ssl=1 920w, https:\/\/i0.wp.com\/rj-engineering.com\/wp-content\/uploads\/2022\/01\/1641753562419-scaled.jpg?resize=575%2C432&amp;ssl=1 575w, https:\/\/i0.wp.com\/rj-engineering.com\/wp-content\/uploads\/2022\/01\/1641753562419-scaled.jpg?resize=380%2C285&amp;ssl=1 380w, https:\/\/i0.wp.com\/rj-engineering.com\/wp-content\/uploads\/2022\/01\/1641753562419-scaled.jpg?resize=420%2C315&amp;ssl=1 420w, https:\/\/i0.wp.com\/rj-engineering.com\/wp-content\/uploads\/2022\/01\/1641753562419-scaled.jpg?resize=800%2C601&amp;ssl=1 800w, https:\/\/i0.wp.com\/rj-engineering.com\/wp-content\/uploads\/2022\/01\/1641753562419-scaled.jpg?w=2280&amp;ssl=1 2280w\" sizes=\"auto, (max-width: 1024px) 100vw, 1024px\" \/><\/a>\n\t\t\t<\/div><\/figure><figure class='gallery-item'>\n\t\t\t<div class='gallery-icon landscape'>\n\t\t\t\t<a href='https:\/\/rj-engineering.com\/es\/?attachment_id=674'><img loading=\"lazy\" decoding=\"async\" width=\"1024\" height=\"769\" src=\"https:\/\/i0.wp.com\/rj-engineering.com\/wp-content\/uploads\/2022\/01\/1641753562426-scaled.jpg?fit=1024%2C769&amp;ssl=1\" class=\"attachment-large size-large\" alt=\"SS Exhaust header welding\" srcset=\"https:\/\/i0.wp.com\/rj-engineering.com\/wp-content\/uploads\/2022\/01\/1641753562426-scaled.jpg?w=2560&amp;ssl=1 2560w, https:\/\/i0.wp.com\/rj-engineering.com\/wp-content\/uploads\/2022\/01\/1641753562426-scaled.jpg?resize=300%2C225&amp;ssl=1 300w, https:\/\/i0.wp.com\/rj-engineering.com\/wp-content\/uploads\/2022\/01\/1641753562426-scaled.jpg?resize=1024%2C769&amp;ssl=1 1024w, https:\/\/i0.wp.com\/rj-engineering.com\/wp-content\/uploads\/2022\/01\/1641753562426-scaled.jpg?resize=768%2C577&amp;ssl=1 768w, https:\/\/i0.wp.com\/rj-engineering.com\/wp-content\/uploads\/2022\/01\/1641753562426-scaled.jpg?resize=1536%2C1153&amp;ssl=1 1536w, https:\/\/i0.wp.com\/rj-engineering.com\/wp-content\/uploads\/2022\/01\/1641753562426-scaled.jpg?resize=2048%2C1538&amp;ssl=1 2048w, https:\/\/i0.wp.com\/rj-engineering.com\/wp-content\/uploads\/2022\/01\/1641753562426-scaled.jpg?resize=16%2C12&amp;ssl=1 16w, https:\/\/i0.wp.com\/rj-engineering.com\/wp-content\/uploads\/2022\/01\/1641753562426-scaled.jpg?resize=1140%2C856&amp;ssl=1 1140w, https:\/\/i0.wp.com\/rj-engineering.com\/wp-content\/uploads\/2022\/01\/1641753562426-scaled.jpg?resize=920%2C691&amp;ssl=1 920w, https:\/\/i0.wp.com\/rj-engineering.com\/wp-content\/uploads\/2022\/01\/1641753562426-scaled.jpg?resize=575%2C432&amp;ssl=1 575w, https:\/\/i0.wp.com\/rj-engineering.com\/wp-content\/uploads\/2022\/01\/1641753562426-scaled.jpg?resize=380%2C285&amp;ssl=1 380w, https:\/\/i0.wp.com\/rj-engineering.com\/wp-content\/uploads\/2022\/01\/1641753562426-scaled.jpg?resize=420%2C315&amp;ssl=1 420w, https:\/\/i0.wp.com\/rj-engineering.com\/wp-content\/uploads\/2022\/01\/1641753562426-scaled.jpg?resize=800%2C601&amp;ssl=1 800w, https:\/\/i0.wp.com\/rj-engineering.com\/wp-content\/uploads\/2022\/01\/1641753562426-scaled.jpg?w=2280&amp;ssl=1 2280w\" sizes=\"auto, (max-width: 1024px) 100vw, 1024px\" \/><\/a>\n\t\t\t<\/div><\/figure>\n\t\t<\/div>\n\n","protected":false},"excerpt":{"rendered":"<p><strong>\u00bfBuscas un Soldador TIG o MIG en Madrid a precios realmente competitivos?<\/strong><\/p>\n<p>En RJ Engineering tenemos una basta experiencia en trabajos de soldadura, ya sea TIG o MIG, normalmente con gas. Podemos llevar a cabo practicamente cualquier proyecto siempre y cuando el objeto a producir sea de dimensiones manejables.<\/p>\n<p>Principalmente trabajamos en proyectos para motorsport, pero no tenemos problema con proyectos diferentes, contactanos y dinos que es lo que deseas y estaremos encantados en ayudarte.<\/p>\n<p>Tungsten Inert Gas (TIG), tambi\u00e9n conocido como Gas Tungsten Arc Welding (GTAW), es un proceso de soldadura por arco que utiliza un electrodo de tungsteno no consumible para producir la soldadura.<br \/>\nLa soldadura TIG se usa a menudo para soldar secciones delgadas de acero inoxidable y metales no ferrosos como aluminio, magnesio y aleaciones de cobre.<br \/>\nEste proceso es complejo y requiere soldadores expertos. Somos soldadores TIG calificados y experimentados.<br \/>\nLa soldadura TIG ofrece un mayor control sobre el \u00e1rea objetivo de la soldadura que otros procesos de soldadura, por lo que podemos producir soldaduras de precisi\u00f3n de alta calidad.<br \/>\nNuestros servicios de soldadura TIG cubren una amplia gama de materiales, para aplicaciones comerciales y dom\u00e9sticas, consulte a continuaci\u00f3n para obtener m\u00e1s informaci\u00f3n.<\/p>\n<p>Env\u00edanos tu consulta o lo que necesites y te responderemos en menos de 8 horas<\/p>\n<p><span title=\"\">[contact-form-7 id=\"261\" title=\"Contact form\"]<\/span><\/p>\n","protected":false},"featured_media":668,"comment_status":"open","ping_status":"closed","template":"","meta":[],"product_brand":[],"product_cat":[90],"product_tag":[],"class_list":{"0":"post-667","1":"product","2":"type-product","3":"status-publish","4":"has-post-thumbnail","6":"product_cat-welding","8":"first","9":"instock","10":"taxable","11":"shipping-taxable","12":"product-type-simple"},"aioseo_notices":[],"jetpack-related-posts":[{"id":533,"url":"https:\/\/rj-engineering.com\/es\/product\/cnc-service\/","url_meta":{"origin":667,"position":0},"title":"Presupuesto Mecanizado CNC\/Torno","author":"Rodrigo","date":"enero 2, 2022","format":false,"excerpt":"Cargue cada archivo que desee mecanizar con CNC y solic\u00edtenos un presupuesto, o compr\u00edmalos todos y env\u00edenos a trav\u00e9s del formulario de contacto, le responderemos en menos de 8 horas. Si lo que tienes es un dibujo u otro tipo de archivos, empaqueta todo en un zip y env\u00edalo a\u2026","rel":"","context":"Entrada similar","block_context":{"text":"Entrada similar","link":""},"img":{"alt_text":"","src":"https:\/\/i0.wp.com\/rj-engineering.com\/wp-content\/uploads\/2022\/01\/cnc-1.jpg?fit=1024%2C576&ssl=1&resize=350%2C200","width":350,"height":200,"srcset":"https:\/\/i0.wp.com\/rj-engineering.com\/wp-content\/uploads\/2022\/01\/cnc-1.jpg?fit=1024%2C576&ssl=1&resize=350%2C200 1x, https:\/\/i0.wp.com\/rj-engineering.com\/wp-content\/uploads\/2022\/01\/cnc-1.jpg?fit=1024%2C576&ssl=1&resize=525%2C300 1.5x, https:\/\/i0.wp.com\/rj-engineering.com\/wp-content\/uploads\/2022\/01\/cnc-1.jpg?fit=1024%2C576&ssl=1&resize=700%2C400 2x"},"classes":[]},{"id":546,"url":"https:\/\/rj-engineering.com\/es\/product\/sand-casting\/","url_meta":{"origin":667,"position":1},"title":"Fundici\u00f3n con arena","author":"Rodrigo","date":"enero 3, 2022","format":false,"excerpt":"La fundici\u00f3n en arena es un proceso de fundici\u00f3n tradicional en el que el metal fundido se vierte en un molde hecho de arena. Debido a las caracter\u00edsticas flexibles de la fundici\u00f3n en arena, se utiliza para crear una variedad de piezas con geometr\u00edas complejas y es compatible con casi\u2026","rel":"","context":"Entrada similar","block_context":{"text":"Entrada similar","link":""},"img":{"alt_text":"","src":"https:\/\/i0.wp.com\/rj-engineering.com\/wp-content\/uploads\/2022\/01\/sand_casting.jpg?fit=1024%2C576&ssl=1&resize=350%2C200","width":350,"height":200,"srcset":"https:\/\/i0.wp.com\/rj-engineering.com\/wp-content\/uploads\/2022\/01\/sand_casting.jpg?fit=1024%2C576&ssl=1&resize=350%2C200 1x, https:\/\/i0.wp.com\/rj-engineering.com\/wp-content\/uploads\/2022\/01\/sand_casting.jpg?fit=1024%2C576&ssl=1&resize=525%2C300 1.5x, https:\/\/i0.wp.com\/rj-engineering.com\/wp-content\/uploads\/2022\/01\/sand_casting.jpg?fit=1024%2C576&ssl=1&resize=700%2C400 2x"},"classes":[]},{"id":559,"url":"https:\/\/rj-engineering.com\/es\/product\/composites\/","url_meta":{"origin":667,"position":2},"title":"Fibra de Carbono","author":"Rodrigo","date":"enero 3, 2022","format":false,"excerpt":"RJ Engineering fabrica piezas y productos de fibra de carbono para una amplia gama de industrias. Ya sea que est\u00e9 en deportes de motor o recreaci\u00f3n, nuestros servicios y la calidad de nuestros productos no te defraudaran. \u00a1\u00a1\u00a1No esperes y env\u00edanos los detalles de lo que tienes en mente!!! Podemos\u2026","rel":"","context":"Entrada similar","block_context":{"text":"Entrada similar","link":""},"img":{"alt_text":"","src":"https:\/\/i0.wp.com\/rj-engineering.com\/wp-content\/uploads\/2022\/01\/carbonfiber.jpg?fit=1024%2C576&ssl=1&resize=350%2C200","width":350,"height":200,"srcset":"https:\/\/i0.wp.com\/rj-engineering.com\/wp-content\/uploads\/2022\/01\/carbonfiber.jpg?fit=1024%2C576&ssl=1&resize=350%2C200 1x, https:\/\/i0.wp.com\/rj-engineering.com\/wp-content\/uploads\/2022\/01\/carbonfiber.jpg?fit=1024%2C576&ssl=1&resize=525%2C300 1.5x, https:\/\/i0.wp.com\/rj-engineering.com\/wp-content\/uploads\/2022\/01\/carbonfiber.jpg?fit=1024%2C576&ssl=1&resize=700%2C400 2x"},"classes":[]},{"id":464,"url":"https:\/\/rj-engineering.com\/es\/product\/3d-scanning\/","url_meta":{"origin":667,"position":3},"title":"Servicio de escaneo 3D","author":"Rodrigo","date":"enero 1, 2022","format":false,"excerpt":"Ofrecemos a precios realmente competitivos la posibilidad de digitalizar\u00a0 objetos a trav\u00e9s de nuestro escaner 3D, para objetos con menos volumen de 300cm3 normalmente cobramos 30 Euros, a\u00fan as\u00ed el precio siempre depender\u00e1 de la complejidad del objeto para ser escaneado. Esto significa que podemos capturar objetos en tres dimensiones\u2026","rel":"","context":"Con 1 comentario","block_context":{"text":"Con 1 comentario","link":"https:\/\/rj-engineering.com\/es\/product\/3d-scanning\/#comments"},"img":{"alt_text":"","src":"https:\/\/i0.wp.com\/rj-engineering.com\/wp-content\/uploads\/2022\/01\/3dscan-1.jpg?fit=1024%2C576&ssl=1&resize=350%2C200","width":350,"height":200,"srcset":"https:\/\/i0.wp.com\/rj-engineering.com\/wp-content\/uploads\/2022\/01\/3dscan-1.jpg?fit=1024%2C576&ssl=1&resize=350%2C200 1x, https:\/\/i0.wp.com\/rj-engineering.com\/wp-content\/uploads\/2022\/01\/3dscan-1.jpg?fit=1024%2C576&ssl=1&resize=525%2C300 1.5x, https:\/\/i0.wp.com\/rj-engineering.com\/wp-content\/uploads\/2022\/01\/3dscan-1.jpg?fit=1024%2C576&ssl=1&resize=700%2C400 2x"},"classes":[]},{"id":1041,"url":"https:\/\/rj-engineering.com\/es\/product\/servicios-de-diseno-3d-y-pcbs\/","url_meta":{"origin":667,"position":4},"title":"Servico de Dise\u00f1o 3D y PCB&#8217;s","author":"Rodrigo","date":"mayo 11, 2025","format":false,"excerpt":"En RJ Engineering somos expertos en el dise\u00f1o de componentes y objetos en 3D, principalmente para el sector de la automocion ( vehiculos de competicion o modificados ), aunque\u00a0 podemos dise\u00f1ar practicamente cualquier objecto independiente de para lo que se quiera, podemos realizar tambien analisis de estres y aerodinamica si\u2026","rel":"","context":"Entrada similar","block_context":{"text":"Entrada similar","link":""},"img":{"alt_text":"","src":"https:\/\/i0.wp.com\/rj-engineering.com\/wp-content\/uploads\/2022\/01\/Flow-Trajectories-1.jpg?fit=1094%2C441&ssl=1&resize=350%2C200","width":350,"height":200,"srcset":"https:\/\/i0.wp.com\/rj-engineering.com\/wp-content\/uploads\/2022\/01\/Flow-Trajectories-1.jpg?fit=1094%2C441&ssl=1&resize=350%2C200 1x, https:\/\/i0.wp.com\/rj-engineering.com\/wp-content\/uploads\/2022\/01\/Flow-Trajectories-1.jpg?fit=1094%2C441&ssl=1&resize=525%2C300 1.5x, https:\/\/i0.wp.com\/rj-engineering.com\/wp-content\/uploads\/2022\/01\/Flow-Trajectories-1.jpg?fit=1094%2C441&ssl=1&resize=700%2C400 2x, https:\/\/i0.wp.com\/rj-engineering.com\/wp-content\/uploads\/2022\/01\/Flow-Trajectories-1.jpg?fit=1094%2C441&ssl=1&resize=1050%2C600 3x"},"classes":[]},{"id":1046,"url":"https:\/\/rj-engineering.com\/es\/product\/ecu-repro\/","url_meta":{"origin":667,"position":5},"title":"Reprogramacion ECU","author":"Rodrigo","date":"mayo 13, 2025","format":false,"excerpt":"En RJ Engineering somos expertos en reprogramar centralitas de vehiculos, ya sean gasolina o diesel y a un precio que nadie mas te podra ofrecer, trabajamos practicamente con todos los vehiculos del mercardo inclusive alta gama como Porche Ferrari o Maserati. Trabajamos con la prestigiosa empresa ecumap, la cual tiene\u2026","rel":"","context":"Entrada similar","block_context":{"text":"Entrada similar","link":""},"img":{"alt_text":"","src":"https:\/\/i0.wp.com\/rj-engineering.com\/wp-content\/uploads\/2025\/05\/chip-tunning.jpg?fit=530%2C298&ssl=1&resize=350%2C200","width":350,"height":200,"srcset":"https:\/\/i0.wp.com\/rj-engineering.com\/wp-content\/uploads\/2025\/05\/chip-tunning.jpg?fit=530%2C298&ssl=1&resize=350%2C200 1x, https:\/\/i0.wp.com\/rj-engineering.com\/wp-content\/uploads\/2025\/05\/chip-tunning.jpg?fit=530%2C298&ssl=1&resize=525%2C300 1.5x"},"classes":[]}],"jetpack_sharing_enabled":true,"_links":{"self":[{"href":"https:\/\/rj-engineering.com\/es\/wp-json\/wp\/v2\/product\/667","targetHints":{"allow":["GET"]}}],"collection":[{"href":"https:\/\/rj-engineering.com\/es\/wp-json\/wp\/v2\/product"}],"about":[{"href":"https:\/\/rj-engineering.com\/es\/wp-json\/wp\/v2\/types\/product"}],"replies":[{"embeddable":true,"href":"https:\/\/rj-engineering.com\/es\/wp-json\/wp\/v2\/comments?post=667"}],"wp:featuredmedia":[{"embeddable":true,"href":"https:\/\/rj-engineering.com\/es\/wp-json\/wp\/v2\/media\/668"}],"wp:attachment":[{"href":"https:\/\/rj-engineering.com\/es\/wp-json\/wp\/v2\/media?parent=667"}],"wp:term":[{"taxonomy":"product_brand","embeddable":true,"href":"https:\/\/rj-engineering.com\/es\/wp-json\/wp\/v2\/product_brand?post=667"},{"taxonomy":"product_cat","embeddable":true,"href":"https:\/\/rj-engineering.com\/es\/wp-json\/wp\/v2\/product_cat?post=667"},{"taxonomy":"product_tag","embeddable":true,"href":"https:\/\/rj-engineering.com\/es\/wp-json\/wp\/v2\/product_tag?post=667"}],"curies":[{"name":"wp","href":"https:\/\/api.w.org\/{rel}","templated":true}]}}