{"id":955,"date":"2023-10-14T12:01:39","date_gmt":"2023-10-14T11:01:39","guid":{"rendered":"https:\/\/rj-engineering.com\/?post_type=product&#038;p=955"},"modified":"2026-04-05T22:27:08","modified_gmt":"2026-04-05T21:27:08","slug":"bmw-m3-e46-csl-replica-admision-carbono","status":"publish","type":"product","link":"https:\/\/rj-engineering.com\/es\/product\/bmw-m3-e46-csl-replica-admision-carbono\/","title":{"rendered":"Admision Carbono BMW M3 e46 CSL"},"content":{"rendered":"<p>Admision tipo CSL Replica en fibra de carbono con refuerzos de paneles de abeja.<\/p>\n<p>Realizada con fibra de carbono y resina epoxy de alta calidad aplicada a mano.<\/p>\n<p>Acabado con &#8220;pinholes&#8221; en la superficie, no afecta la rigidez de la admision pero cosmeticamente no es acabado perfecto como lo seria con carbono ya impregnado (pregeg) de ahi la diferencia de precio con otras admisiones fabricadas con ese metodo.<\/p>\n<p>No dudes en consultar qualquier duda<\/p>\n","protected":false},"excerpt":{"rendered":"<p>&nbsp;<\/p>\n<p>Admision tipo CSL\u00a0 fabricada en <strong>fibra de carbono reforzado con nido\u00a0 de abeja\u00a0 nomex de 3 mma un precio inigualable. <\/strong><\/p>\n<p>Post-curada en horno a temperatura creciente desde de 60 hasta 100 grados centigrados , lo que le confiere una mayor estabilidad tanto t\u00e9rmica como estructural.<br \/>\nAdem\u00e1s de un aumento de potencia con la software del CSL original BMW que podemos cargar en vuestra ECU (MSS54 o MSS54HP) , confiere al motor un sonido espectacular y un aspecto mas deportivo.<\/p>\n<p>El tiempo de entrega es de 15 a 30 dias desde que se realiza el pedido.<\/p>\n<p>El kit varia segun la eleccion del cliente pero puede contener lo siguiente:<\/p>\n<ul>\n<li>Admisi\u00f3n (las trompetas las tiene que proporcionar el cliente de su admision original)<\/li>\n<li>filtro BMC<\/li>\n<li>Bosch IAT Sensor + Bosch MAP Sensor + Wiring (ambos sensores utilizan el mismo &#8220;scaling&#8221; que los originales)<\/li>\n<\/ul>\n<p>Caracter\u00edsticas:<\/p>\n<ul>\n<li>Aumento de potencia<\/li>\n<li>Reduccion de peso respecto a la admision original<\/li>\n<li>Sencilla instalaci\u00f3n<\/li>\n<li>Conectores tubos y soporte sensor IAT en ABS<\/li>\n<li>Torniller\u00eda en inox<\/li>\n<li>Sonido espectacular<\/li>\n<li>100% fibra de carbono y nido de abeja aramida Nomex<\/li>\n<li>Curado al vacio en molde de fibra de vidrio y post-curado 6 horas en horno<\/li>\n<li>No require doblar el &#8220;oil dipstick&#8221; como en la admision OEM<\/li>\n<li>1 a\u00f1o de garant\u00eda<\/li>\n<\/ul>\n<p>&nbsp;<\/p>\n","protected":false},"featured_media":1022,"comment_status":"open","ping_status":"closed","template":"","meta":[],"product_brand":[],"product_cat":[80],"product_tag":[111,110,109],"class_list":{"0":"post-955","1":"product","2":"type-product","3":"status-publish","4":"has-post-thumbnail","6":"product_cat-composites","7":"product_tag-admision","8":"product_tag-carbono","9":"product_tag-m3-csl","11":"first","12":"instock","13":"taxable","14":"shipping-taxable","15":"purchasable","16":"product-type-variable"},"aioseo_notices":[],"jetpack-related-posts":[{"id":559,"url":"https:\/\/rj-engineering.com\/es\/product\/composites\/","url_meta":{"origin":955,"position":0},"title":"Fibra de Carbono","author":"Rodrigo","date":"enero 3, 2022","format":false,"excerpt":"RJ Engineering fabrica piezas y productos de fibra de carbono para una amplia gama de industrias. Ya sea que est\u00e9 en deportes de motor o recreaci\u00f3n, nuestros servicios y la calidad de nuestros productos no te defraudaran. \u00a1\u00a1\u00a1No esperes y env\u00edanos los detalles de lo que tienes en mente!!! Podemos\u2026","rel":"","context":"Entrada similar","block_context":{"text":"Entrada similar","link":""},"img":{"alt_text":"","src":"https:\/\/i0.wp.com\/rj-engineering.com\/wp-content\/uploads\/2022\/01\/carbonfiber.jpg?fit=1024%2C576&ssl=1&resize=350%2C200","width":350,"height":200,"srcset":"https:\/\/i0.wp.com\/rj-engineering.com\/wp-content\/uploads\/2022\/01\/carbonfiber.jpg?fit=1024%2C576&ssl=1&resize=350%2C200 1x, https:\/\/i0.wp.com\/rj-engineering.com\/wp-content\/uploads\/2022\/01\/carbonfiber.jpg?fit=1024%2C576&ssl=1&resize=525%2C300 1.5x, https:\/\/i0.wp.com\/rj-engineering.com\/wp-content\/uploads\/2022\/01\/carbonfiber.jpg?fit=1024%2C576&ssl=1&resize=700%2C400 2x"},"classes":[]},{"id":1046,"url":"https:\/\/rj-engineering.com\/es\/product\/ecu-repro\/","url_meta":{"origin":955,"position":1},"title":"Reprogramacion ECU","author":"Rodrigo","date":"mayo 13, 2025","format":false,"excerpt":"En RJ Engineering somos expertos en reprogramar centralitas de vehiculos, ya sean gasolina o diesel y a un precio que nadie mas te podra ofrecer, trabajamos practicamente con todos los vehiculos del mercardo inclusive alta gama como Porche Ferrari o Maserati. Trabajamos con la prestigiosa empresa ecumap, la cual tiene\u2026","rel":"","context":"Entrada similar","block_context":{"text":"Entrada similar","link":""},"img":{"alt_text":"","src":"https:\/\/i0.wp.com\/rj-engineering.com\/wp-content\/uploads\/2025\/05\/chip-tunning.jpg?fit=530%2C298&ssl=1&resize=350%2C200","width":350,"height":200,"srcset":"https:\/\/i0.wp.com\/rj-engineering.com\/wp-content\/uploads\/2025\/05\/chip-tunning.jpg?fit=530%2C298&ssl=1&resize=350%2C200 1x, https:\/\/i0.wp.com\/rj-engineering.com\/wp-content\/uploads\/2025\/05\/chip-tunning.jpg?fit=530%2C298&ssl=1&resize=525%2C300 1.5x"},"classes":[]},{"id":533,"url":"https:\/\/rj-engineering.com\/es\/product\/cnc-service\/","url_meta":{"origin":955,"position":2},"title":"Presupuesto Mecanizado CNC\/Torno","author":"Rodrigo","date":"enero 2, 2022","format":false,"excerpt":"Cargue cada archivo que desee mecanizar con CNC y solic\u00edtenos un presupuesto, o compr\u00edmalos todos y env\u00edenos a trav\u00e9s del formulario de contacto, le responderemos en menos de 8 horas. Si lo que tienes es un dibujo u otro tipo de archivos, empaqueta todo en un zip y env\u00edalo a\u2026","rel":"","context":"Entrada similar","block_context":{"text":"Entrada similar","link":""},"img":{"alt_text":"","src":"https:\/\/i0.wp.com\/rj-engineering.com\/wp-content\/uploads\/2022\/01\/cnc-1.jpg?fit=1024%2C576&ssl=1&resize=350%2C200","width":350,"height":200,"srcset":"https:\/\/i0.wp.com\/rj-engineering.com\/wp-content\/uploads\/2022\/01\/cnc-1.jpg?fit=1024%2C576&ssl=1&resize=350%2C200 1x, https:\/\/i0.wp.com\/rj-engineering.com\/wp-content\/uploads\/2022\/01\/cnc-1.jpg?fit=1024%2C576&ssl=1&resize=525%2C300 1.5x, https:\/\/i0.wp.com\/rj-engineering.com\/wp-content\/uploads\/2022\/01\/cnc-1.jpg?fit=1024%2C576&ssl=1&resize=700%2C400 2x"},"classes":[]},{"id":546,"url":"https:\/\/rj-engineering.com\/es\/product\/sand-casting\/","url_meta":{"origin":955,"position":3},"title":"Fundici\u00f3n con arena","author":"Rodrigo","date":"enero 3, 2022","format":false,"excerpt":"La fundici\u00f3n en arena es un proceso de fundici\u00f3n tradicional en el que el metal fundido se vierte en un molde hecho de arena. Debido a las caracter\u00edsticas flexibles de la fundici\u00f3n en arena, se utiliza para crear una variedad de piezas con geometr\u00edas complejas y es compatible con casi\u2026","rel":"","context":"Entrada similar","block_context":{"text":"Entrada similar","link":""},"img":{"alt_text":"","src":"https:\/\/i0.wp.com\/rj-engineering.com\/wp-content\/uploads\/2022\/01\/sand_casting.jpg?fit=1024%2C576&ssl=1&resize=350%2C200","width":350,"height":200,"srcset":"https:\/\/i0.wp.com\/rj-engineering.com\/wp-content\/uploads\/2022\/01\/sand_casting.jpg?fit=1024%2C576&ssl=1&resize=350%2C200 1x, https:\/\/i0.wp.com\/rj-engineering.com\/wp-content\/uploads\/2022\/01\/sand_casting.jpg?fit=1024%2C576&ssl=1&resize=525%2C300 1.5x, https:\/\/i0.wp.com\/rj-engineering.com\/wp-content\/uploads\/2022\/01\/sand_casting.jpg?fit=1024%2C576&ssl=1&resize=700%2C400 2x"},"classes":[]},{"id":440,"url":"https:\/\/rj-engineering.com\/es\/product\/3d-print\/","url_meta":{"origin":955,"position":4},"title":"Impresi\u00f3n 3D Presupuesto Online","author":"Rodrigo","date":"diciembre 31, 2021","format":false,"excerpt":"Seleccione Impresora y Relleno antes de subir el archivo, de esta manera evitara que el precio se recalcule cuando modifique alguno de dichos parametros en el panel de configuracion. Si el an\u00e1lisis del objeto no se completa al 100% en menos de 1 minuto, env\u00edanos el fichero por correo y\u2026","rel":"","context":"Con 4 comentarios","block_context":{"text":"Con 4 comentarios","link":"https:\/\/rj-engineering.com\/es\/product\/3d-print\/#comments"},"img":{"alt_text":"","src":"https:\/\/i0.wp.com\/rj-engineering.com\/wp-content\/uploads\/2022\/01\/3dPrint.jpg?fit=1024%2C576&ssl=1&resize=350%2C200","width":350,"height":200,"srcset":"https:\/\/i0.wp.com\/rj-engineering.com\/wp-content\/uploads\/2022\/01\/3dPrint.jpg?fit=1024%2C576&ssl=1&resize=350%2C200 1x, https:\/\/i0.wp.com\/rj-engineering.com\/wp-content\/uploads\/2022\/01\/3dPrint.jpg?fit=1024%2C576&ssl=1&resize=525%2C300 1.5x, https:\/\/i0.wp.com\/rj-engineering.com\/wp-content\/uploads\/2022\/01\/3dPrint.jpg?fit=1024%2C576&ssl=1&resize=700%2C400 2x"},"classes":[]},{"id":1088,"url":"https:\/\/rj-engineering.com\/es\/product\/ventiladores-para-radiadores\/","url_meta":{"origin":955,"position":5},"title":"Ventiladores para radiadores","author":"Rodrigo","date":"enero 18, 2026","format":false,"excerpt":"Sistema de ventiladores para radiadores que por convecci\u00f3n transfiere la energ\u00eda del radiador al aire, logrando la m\u00e1xima eficiencia energ\u00e9ticay un ahorro en la factura de energ\u00eda de hasta un 50% Adicionalmente en verano, haciendo circular agua fr\u00eda por el circuito de radiadores (con una aerotermia o geotermia) convierte los\u2026","rel":"","context":"Entrada similar","block_context":{"text":"Entrada similar","link":""},"img":{"alt_text":"","src":"https:\/\/i0.wp.com\/rj-engineering.com\/wp-content\/uploads\/2026\/01\/radiadores-longitud.jpg?resize=350%2C200","width":350,"height":200,"srcset":"https:\/\/i0.wp.com\/rj-engineering.com\/wp-content\/uploads\/2026\/01\/radiadores-longitud.jpg?resize=350%2C200 1x, https:\/\/i0.wp.com\/rj-engineering.com\/wp-content\/uploads\/2026\/01\/radiadores-longitud.jpg?resize=525%2C300 1.5x, https:\/\/i0.wp.com\/rj-engineering.com\/wp-content\/uploads\/2026\/01\/radiadores-longitud.jpg?resize=700%2C400 2x"},"classes":[]}],"jetpack_sharing_enabled":true,"_links":{"self":[{"href":"https:\/\/rj-engineering.com\/es\/wp-json\/wp\/v2\/product\/955","targetHints":{"allow":["GET"]}}],"collection":[{"href":"https:\/\/rj-engineering.com\/es\/wp-json\/wp\/v2\/product"}],"about":[{"href":"https:\/\/rj-engineering.com\/es\/wp-json\/wp\/v2\/types\/product"}],"replies":[{"embeddable":true,"href":"https:\/\/rj-engineering.com\/es\/wp-json\/wp\/v2\/comments?post=955"}],"wp:featuredmedia":[{"embeddable":true,"href":"https:\/\/rj-engineering.com\/es\/wp-json\/wp\/v2\/media\/1022"}],"wp:attachment":[{"href":"https:\/\/rj-engineering.com\/es\/wp-json\/wp\/v2\/media?parent=955"}],"wp:term":[{"taxonomy":"product_brand","embeddable":true,"href":"https:\/\/rj-engineering.com\/es\/wp-json\/wp\/v2\/product_brand?post=955"},{"taxonomy":"product_cat","embeddable":true,"href":"https:\/\/rj-engineering.com\/es\/wp-json\/wp\/v2\/product_cat?post=955"},{"taxonomy":"product_tag","embeddable":true,"href":"https:\/\/rj-engineering.com\/es\/wp-json\/wp\/v2\/product_tag?post=955"}],"curies":[{"name":"wp","href":"https:\/\/api.w.org\/{rel}","templated":true}]}}